{"id":577,"date":"2023-01-31T00:13:11","date_gmt":"2023-01-31T00:13:11","guid":{"rendered":"https:\/\/infinitri.be\/?page_id=12"},"modified":"2026-03-20T16:43:48","modified_gmt":"2026-03-20T16:43:48","slug":"conditions-generales-de-vente","status":"publish","type":"page","link":"https:\/\/www.infinitri.be\/de\/conditions-generales-de-vente\/","title":{"rendered":"Conditions g\u00e9n\u00e9rales de vente"},"content":{"rendered":"<p>Artikel 1: Pr\u00e4ambel<\/p>\r\n\r\n\r\n\r\n<p>Die vorliegenden Verkaufsbedingungen werden einerseits von der Gesellschaft Infinitri S.P.R.L. mit Sitz in Rue Doyard 7C 4520 Vinalmont, eingetragen bei der Banque Carrefour des Entreprises unter der Nummer BE 0666.805.912, nachfolgend \u00bbder Verk\u00e4ufer\u00bb genannt, und andererseits von jeder nat\u00fcrlichen oder juristischen Person, die einen Kauf \u00fcber die Internetseite des Verk\u00e4ufers t\u00e4tigen m\u00f6chte, nachfolgend \u00bbder K\u00e4ufer\u00ab genannt, geschlossen.<\/p>\r\n\r\n\r\n\r\n<p>Artikel 2: Gegenstand<\/p>\r\n\r\n\r\n\r\n<p>Wenn der K\u00e4ufer \u00fcber diese Website eine Bestellung aufgibt, kommt ein Kaufvertrag zustande, der durch diese unten genannten Allgemeinen Gesch\u00e4ftsbedingungen geregelt wird.<\/p>\r\n\r\n\r\n\r\n<p>Diese gelten f\u00fcr alle Verk\u00e4ufe auf der Website www.infinitri.be und werden zwischen der Firma Infinitri S.P.R.L. einerseits, definiert als der \u00abVerk\u00e4ufer\u00bb, und jeder nat\u00fcrlichen Person, die einen Kauf \u00fcber die Website www.infinitri.be t\u00e4tigen m\u00f6chte, andererseits, nachfolgend \u00bbK\u00e4ufer\u00ab genannt, geschlossen. Die Tatsache, dass der K\u00e4ufer eine Bestellung aufgibt, bedeutet, dass er sich voll und ganz an die vorliegenden Allgemeinen Gesch\u00e4ftsbedingungen h\u00e4lt. Der Verk\u00e4ufer beh\u00e4lt sich das Recht vor, seine Verkaufsbedingungen jederzeit zu \u00e4ndern. In diesem Fall gelten die zum Zeitpunkt der Bestellung des K\u00e4ufers g\u00fcltigen Bedingungen.<\/p>\r\n\r\n\r\n\r\n<p>RECHTLICHE HINWEISE<\/p>\r\n\r\n\r\n\r\n<p>Die Website www.infinitri.be wird von der Firma Infinitri S.P.R.L. mit Sitz in der Rue Doyard 7C, 4520 Vinalmont - Belgien.<\/p>\r\n\r\n\r\n\r\n<p>Tel.: +32(0)489\/06 29 51 \/ Email: info@infinitri.be<\/p>\r\n\r\n\r\n\r\n<p>Intrakommunale Mehrwertsteuer BE 0666.805.912<\/p>\r\n\r\n\r\n\r\n<p>Verantwortlich f\u00fcr die Ver\u00f6ffentlichung: Benjamin Lantrebecq \/ Host: O2SWITCH<\/p>\r\n\r\n\r\n\r\n<p>Artikel 3: Merkmale der angebotenen Waren und Dienstleistungen<\/p>\r\n\r\n\r\n\r\n<p>Die angebotenen Produkte und Dienstleistungen sind diejenigen, die in dem auf der Website des Verk\u00e4ufers ver\u00f6ffentlichten Katalog aufgef\u00fchrt sind. Jedes Produkt wird von einer vom Anbieter erstellten Beschreibung begleitet. Die Fotografien des Katalogs sind so getreu wie m\u00f6glich, k\u00f6nnen aber keine perfekte \u00c4hnlichkeit mit dem angebotenen Produkt gew\u00e4hrleisten, insbesondere was die Farben betrifft.<\/p>\r\n\r\n\r\n\r\n<p>Der Verk\u00e4ufer weist den K\u00e4ufer auf die Wasch- und Pflegehinweise hin, die auf den Etiketten der Produkte angegeben sind. Der Verk\u00e4ufer kann nicht f\u00fcr Sch\u00e4den haftbar gemacht werden, die durch eine falsche Behandlung der Produkte oder durch eine Behandlung, die nicht diesen Anweisungen entspricht, entstehen.<\/p>\r\n\r\n\r\n\r\n<p>Diese Produkte und Dienstleistungen werden nur angeboten, solange der Vorrat reicht. Wenn trotz seiner Bem\u00fchungen alle oder ein Teil der Artikel nicht verf\u00fcgbar sind, informiert der Verk\u00e4ufer den K\u00e4ufer so schnell wie m\u00f6glich per E-Mail dar\u00fcber und gibt ihm die M\u00f6glichkeit, zu w\u00e4hlen, ob er warten oder die Bestellung der nicht verf\u00fcgbaren Artikel kostenlos stornieren m\u00f6chte. Verf\u00fcgbare Artikel werden normal ausgeliefert.<\/p>\r\n\r\n\r\n\r\n<p>Artikel 4: Geb\u00fchren<\/p>\r\n\r\n\r\n\r\n<p>Die auf der Infinitri-Website angezeigten Preise f\u00fcr Produkte und Dienstleistungen sind in Euro (\u20ac) inklusive aller Steuern (Mehrwertsteuer und andere anwendbare Steuern) angegeben. Der Verk\u00e4ufer beh\u00e4lt sich das Recht vor, seine Preise jederzeit zu \u00e4ndern. Nichtsdestotrotz gelten f\u00fcr die Bestellung die Preise, die zum Zeitpunkt der Best\u00e4tigung der Bestellung g\u00fcltig sind.<\/p>\r\n\r\n\r\n\r\n<p>Die angegebenen Preise enthalten keine Kosten f\u00fcr die Bearbeitung von Bestellungen, den Transport und die Lieferung, sofern diese in den nachstehend aufgef\u00fchrten geografischen Gebieten erfolgen. Der K\u00e4ufer wird auf den Abschnitt Versand und Lieferung verwiesen, um weitere Informationen zu diesem Thema zu erhalten.<\/p>\r\n\r\n\r\n\r\n<p>Der Verk\u00e4ufer beh\u00e4lt sich das Recht vor, die Preise jederzeit zu \u00e4ndern, aber die Produkte werden auf der Grundlage der zum Zeitpunkt der Registrierung der Bestellung geltenden Tarife und vorbehaltlich der Verf\u00fcgbarkeit der Best\u00e4nde in Rechnung gestellt. Der Verk\u00e4ufer beh\u00e4lt sich das Recht vor, Sonderangebote oder Rabatte jederzeit zu \u00e4ndern, einzuschr\u00e4nken oder zu beenden.<\/p>\r\n\r\n\r\n\r\n<p>Werbecodes gelten f\u00fcr eine bestimmte Dauer und Anzahl von Nutzungen pro Kunde. Sie k\u00f6nnen unter keinen Umst\u00e4nden mit anderen laufenden Werbeangeboten oder Rabatten auf einen oder mehrere Artikel kombiniert werden.<\/p>\r\n\r\n\r\n\r\n<p>Artikel 5: Bestellungen<\/p>\r\n\r\n\r\n\r\n<p>Der K\u00e4ufer muss mindestens 16 Jahre alt sein, um Produkte auf der Website des Verk\u00e4ufers zu kaufen. Er kann nur dann auf diesem Shop bestellen, wenn er ein Verbraucher und kein Wiederverk\u00e4ufer ist. Er garantiert, dass die Informationen, die er dem Verk\u00e4ufer bei der Anfrage zur Verf\u00fcgung stellt, genau und vollst\u00e4ndig sind.<\/p>\r\n\r\n\r\n\r\n<p>Alle Informationen, die auf der Website angegeben werden, sind unverbindlich. Der Verk\u00e4ufer beh\u00e4lt sich das Recht vor, eine Bestellung jederzeit zu \u00fcberpr\u00fcfen und gegebenenfalls abzulehnen, ohne daf\u00fcr haftbar gemacht werden zu k\u00f6nnen. Die Bestellung gilt als abgelehnt, wenn sie nicht innerhalb von zehn Werktagen best\u00e4tigt wird.<\/p>\r\n\r\n\r\n\r\n<p>Alle Bestellungen bed\u00fcrfen einer Genehmigung. Der Verk\u00e4ufer beh\u00e4lt sich das Recht vor, nach eigenem Ermessen eine Bestellung abzulehnen. Beispiele f\u00fcr Gr\u00fcnde, die zu einer Ablehnung f\u00fchren k\u00f6nnen, sind:<\/p>\r\n\r\n\r\n\r\n<p>Wenn Produkte, die auf der Website vorgestellt werden, nicht verf\u00fcgbar sind ;<\/p>\r\n\r\n\r\n\r\n<p>Wenn Der Verk\u00e4ufer nicht in der Lage ist, die Zahlung zu autorisieren ;<\/p>\r\n\r\n\r\n\r\n<p>Wenn f\u00fcr ein Produkt Lieferbeschr\u00e4nkungen gelten.<\/p>\r\n\r\n\r\n\r\n<p>Sobald die Bestellung abgeschlossen ist, sendet der Verk\u00e4ufer eine E-Mail zur Best\u00e4tigung der Bestellung mit der Bestellnummer, den Einzelheiten der bestellten Produkte und den Lieferinformationen (Trackingnummer des Transportunternehmens).<\/p>\r\n\r\n\r\n\r\n<p>Um eine Bestellung aufgeben zu k\u00f6nnen, muss der K\u00e4ufer \u00fcber eine E-Mail-Adresse verf\u00fcgen. Es kann auch erforderlich sein, seinen Browser so einzustellen, dass er sowohl (funktionelle) Cookies als auch Pop-up-Fenster akzeptiert, um alle Funktionen der Website nutzen zu k\u00f6nnen, insbesondere das Hinzuf\u00fcgen von Artikeln in den Warenkorb und das Abschlie\u00dfen eines Kaufs.<\/p>\r\n\r\n\r\n\r\n<p>Prozess der Bestellung<\/p>\r\n\r\n\r\n\r\n<p>Um eine Bestellung auf der Internetseite www.infinitri.be aufzugeben, muss der K\u00e4ufer zwingend :<\/p>\r\n\r\n\r\n\r\n<p>Ein Kundenkonto erstellen, indem er das Identifikationsformular ausf\u00fcllt, oder sich identifizieren, wenn er bereits \u00fcber ein Kundenkonto auf der Website verf\u00fcgt.\u00a0<strong>www.infinitri.be<\/strong>,<\/p>\r\n\r\n\r\n\r\n<p>Den Inhalt seiner Bestellung best\u00e4tigen, nachdem er ihn \u00fcberpr\u00fcft hat,<\/p>\r\n\r\n\r\n\r\n<p>F\u00fchren Sie die Zahlung zu den vorgesehenen Bedingungen aus,<\/p>\r\n\r\n\r\n\r\n<p>Best\u00e4tigung seiner Bestellung und seiner Zahlung. Die Best\u00e4tigung der Bestellung f\u00fchrt zur Annahme der vorliegenden Verkaufsbedingungen, zur Anerkennung, diese vollst\u00e4ndig zu kennen, und zum Verzicht auf die Geltendmachung der eigenen Einkaufsbedingungen oder anderer Bedingungen. Die Gesamtheit der gelieferten Daten und die registrierte Best\u00e4tigung gelten als Beweis f\u00fcr die Transaktion. Die Best\u00e4tigung gilt als Unterschrift und Annahme der durchgef\u00fchrten Transaktionen. Der Verk\u00e4ufer wird per E-Mail die Best\u00e4tigung der registrierten Bestellung mitteilen.<\/p>\r\n\r\n\r\n\r\n<p>Stornierung einer Bestellung<\/p>\r\n\r\n\r\n\r\n<p>Da die Bestellung des K\u00e4ufers unmittelbar nach ihrem Eingang bearbeitet wird, ist es nicht m\u00f6glich, sie zu stornieren.<\/p>\r\n\r\n\r\n\r\n<p>Artikel 6: Recht auf Verzicht<\/p>\r\n\r\n\r\n\r\n<p>Nach dem Gesetz hat der Verbraucher das Recht, dem Verk\u00e4ufer innerhalb von 14 Werktagen nach dem Tag, der auf den Tag der Lieferung des Produkts oder des Abschlusses des Dienstleistungsvertrags folgt, ohne Strafe und ohne Angabe von Gr\u00fcnden mitzuteilen, dass er von seinem Kauf zur\u00fccktritt. Dieses R\u00fccktrittsrecht steht gewerblichen K\u00e4ufern nicht zu.<\/p>\r\n\r\n\r\n\r\n<p>Innerhalb dieser Frist muss der Verbraucher seine Absicht, vom Kauf zur\u00fcckzutreten, mittels des R\u00fcckgabeformulars mitteilen und das gelieferte Produkt auf eigene Kosten und Gefahr an den Verwaltungssitz von Infinitri S.P.R.L. zur\u00fccksenden :<a href=\"https:\/\/www.infinitri.be\/wp-content\/uploads\/2026\/03\/BON-DE-RETOUR-INFINITRI.docx\"> bon de retour<\/a>  <\/p>\r\n\r\n\r\n\r\n<p>Rue Doyard 7C 4520 Vinalmont.<\/p>\r\n\r\n\r\n\r\n<p>Die Produkte m\u00fcssen unbedingt in ihrer Originalverpackung, unbesch\u00e4digt, mit s\u00e4mtlichem Zubeh\u00f6r, der Bedienungsanleitung und der Originalrechnung\/dem Originallieferschein zur\u00fcckgeschickt werden. Die zur\u00fcckgesandten Produkte d\u00fcrfen nicht ausgepackt, entsiegelt oder in irgendeiner Weise benutzt worden sein. Sie m\u00fcssen die Etiketten sowie das Schutzband f\u00fcr Badeanzugsstr\u00fcmpfe und Unterw\u00e4sche enthalten. Unvollst\u00e4ndige, besch\u00e4digte, vom Kunden besch\u00e4digte oder beschmutzte Waren werden nicht zur\u00fcckgenommen.<\/p>\r\n\r\n\r\n\r\n<p>Innerhalb von 14 Tagen, wenn die R\u00fccksendung die Annahmebedingungen erf\u00fcllt, nach Annahme der R\u00fccknahme der Ware, verpflichtet sich der Verk\u00e4ufer, die eventuelle Zahlung, mit Ausnahme der Versandkosten, zur\u00fcckzuerstatten. Die R\u00fcckerstattung erfolgt auf die f\u00fcr die urspr\u00fcngliche Zahlung verwendete Kreditkarte nach Erhalt der zur\u00fcckgesandten Ware.<\/p>\r\n\r\n\r\n\r\n<p>Nur Produkte, die auf www www.infinitri.be\/ gekauft wurden, k\u00f6nnen \u00fcber den Online-R\u00fcckgabeprozess zur\u00fcckgegeben werden. Artikel, die dieses Kriterium nicht erf\u00fcllen, k\u00f6nnen nicht an den Absender zur\u00fcckgeschickt werden (Artikel, die bei einem anderen Gesch\u00e4ft oder an Direktverkaufsst\u00e4nden gekauft wurden).<\/p>\r\n\r\n\r\n\r\n<p>Nach Ablauf der 14-t\u00e4gigen Frist kann kein Artikel mehr zur\u00fcckgenommen oder umgetauscht werden.<\/p>\r\n\r\n\r\n\r\n<p>STREITIGKEITEN<\/p>\r\n\r\n\r\n\r\n<p>Streitigkeiten, die sich aus der Anwendung der vorliegenden Allgemeinen Gesch\u00e4ftsbedingungen ergeben, unterliegen dem belgischen Recht.<\/p>\r\n\r\n\r\n\r\n<p>Artikel 7: Zahlungsmodalit\u00e4ten<\/p>\r\n\r\n\r\n\r\n<p>Jeder Kauf auf der Website wird bei der Bestellung per Kreditkarte, Visa oder Mastercard bezahlt.<\/p>\r\n\r\n\r\n\r\n<p>Die bestellten Artikel bleiben bis zur vollst\u00e4ndigen Bezahlung der Bestellung durch den K\u00e4ufer das alleinige Eigentum des Verk\u00e4ufers. Die vertraulichen Informationen der Zahlungskarte werden so verschl\u00fcsselt, dass sie nicht abgefangen werden k\u00f6nnen.<\/p>\r\n\r\n\r\n\r\n<p>Der Verk\u00e4ufer erstellt und stellt dem K\u00e4ufer eine Rechnung zur Verf\u00fcgung, die den Kaufakt des K\u00e4ufers konkretisiert. Diese ist auch in entmaterialisierter Form verf\u00fcgbar. Der Verk\u00e4ufer empfiehlt unter anderem, dieses Dokument aufzubewahren, da es im Falle einer R\u00fcckgabe oder eines Umtauschs angefordert werden kann.<\/p>\r\n\r\n\r\n\r\n<p>Artikel 8: Lieferungen<\/p>\r\n\r\n\r\n\r\n<p>Die Lieferungen erfolgen an die auf dem Bestellschein angegebene Adresse, die nur innerhalb der vereinbarten geografischen Zone liegen kann. Die Ware wird auf Risiko des Verk\u00e4ufers bis zur Lieferung der Ware an die vom K\u00e4ufer angegebene Lieferadresse transportiert. Ab diesem Zeitpunkt tr\u00e4gt der K\u00e4ufer das alleinige Risiko f\u00fcr die Lieferung. Die Lieferfristen sind unverbindlich; wenn sie drei\u00dfig Tage nach der Bestellung \u00fcberschreiten, kann der Kaufvertrag aufgel\u00f6st und dem K\u00e4ufer der Kaufpreis zur\u00fcckerstattet werden.<\/p>\r\n\r\n\r\n\r\n<p>- Lieferung in Belgien und der Europ\u00e4ischen Union :<\/p>\r\n\r\n\r\n\r\n<p>Die Artikel, die der K\u00e4ufer auf der Website bestellt, unterliegen der belgischen Mehrwertsteuer (21%). Der K\u00e4ufer muss bei Erhalt seines Pakets keine Steuern zahlen und der K\u00e4ufer kann keine Mehrwertsteuer zur\u00fcckfordern.<\/p>\r\n\r\n\r\n\r\n<p>- Lieferung in den Rest der Welt<\/p>\r\n\r\n\r\n\r\n<p>Der Preis wird ohne Steuern automatisch auf der Rechnung berechnet. Es k\u00f6nnen Zollgeb\u00fchren oder andere lokale Steuern oder Einfuhrz\u00f6lle oder staatliche Abgaben f\u00e4llig werden. Diese Rechte und Betr\u00e4ge fallen nicht in den Zust\u00e4ndigkeitsbereich der S.P.R.L. Infinitri und von shop Infinitri. Sie gehen zu Lasten des K\u00e4ufers und liegen in seiner alleinigen Verantwortung, sowohl was die Erkl\u00e4rungen als auch die Zahlungen an die zust\u00e4ndigen Beh\u00f6rden und Einrichtungen des Landes, in das die Ware geliefert wird, betrifft. Der Verk\u00e4ufer empfiehlt dem K\u00e4ufer, sich bei den \u00f6rtlichen Beh\u00f6rden \u00fcber diese Aspekte zu informieren.<\/p>\r\n\r\n\r\n\r\n<p>EXPEDITIONEN UND LIEFERUNGEN<\/p>\r\n\r\n\r\n\r\n<p>Modalit\u00e4ten des Versands<\/p>\r\n\r\n\r\n\r\n<p>Die Lieferung erfolgt innerhalb von 2 bis 3 Werktagen in Belgien ab der Bearbeitung der Bestellung, von Montag bis Freitag. Die Telefonnummer des K\u00e4ufers ist erforderlich, um den ordnungsgem\u00e4\u00dfen Empfang des Pakets zu gew\u00e4hrleisten, wenn die Lieferadresse einer Privatperson oder eines Unternehmens angegeben wird.<\/p>\r\n\r\n\r\n\r\n<p>Der Verk\u00e4ufer \u00fcbernimmt keine Verantwortung f\u00fcr die Verl\u00e4ngerung der Lieferfristen (insbesondere im Falle von Streiks, Verlust oder Besch\u00e4digung durch den Spediteur), die nur zur Information angegeben werden und nicht als verbindliche Fristen zu betrachten sind. Die \u00dcberschreitung dieser Fristen berechtigt den K\u00e4ufer nicht zu irgendeiner Form von Schadensersatz.<\/p>\r\n\r\n\r\n\r\n<p>Die Liefermodalit\u00e4ten sind auf der Website \u00abVersandzonen und Lieferkosten\u00bb einsehbar.<\/p>\r\n\r\n\r\n\r\n<p>Tarife<\/p>\r\n\r\n\r\n\r\n<p>Die Versandkosten f\u00fcr Bestellungen h\u00e4ngen vom Betrag der Bestellung und der Versandzone ab. Bei der Best\u00e4tigung der Bestellung werden die Versandoptionen und ihre Preise klar angegeben und auf der Rechnung aufgef\u00fchrt. Innerhalb Belgiens betragen die Versandkosten 8\u20ac f\u00fcr Bestellungen mit einem Gesamtwert von weniger als 100\u20ac. Ab einem Bestellwert von 100\u20ac ist die Lieferung kostenlos.<\/p>\r\n\r\n\r\n\r\n<p>Artikel 9: Pers\u00f6nliche Daten<\/p>\r\n\r\n\r\n\r\n<p>Alle pers\u00f6nlichen Daten, die f\u00fcr die Bearbeitung einer Bestellung erforderlich sind, werden vom Verk\u00e4ufer oder seinen Mitarbeitern gespeichert und k\u00f6nnen an Unternehmen weitergegeben werden, mit denen der Verk\u00e4ufer - oder seine Lieferanten - zusammenarbeiten, wenn eine solche Weitergabe f\u00fcr die Bearbeitung der Bestellung erforderlich ist. Der Nutzer erm\u00e4chtigt den Verk\u00e4ufer au\u00dferdem, diese Daten zur Erstellung von Statistiken zu verwenden, um die Website, die Waren und den Service, den der Verk\u00e4ufer anbietet, zu verbessern. Diese Informationen k\u00f6nnen auch dazu verwendet werden, um Informationen \u00fcber die Gesch\u00e4ftst\u00e4tigkeit des Verk\u00e4ufers an seine Kunden zu verteilen.<\/p>\r\n\r\n\r\n\r\n<p>Der Verk\u00e4ufer speichert die pers\u00f6nlichen Daten, um sp\u00e4tere Bestellungen zu erleichtern. Dar\u00fcber hinaus verpflichtet sich der Verk\u00e4ufer, die ihm zur Verf\u00fcgung stehenden Informationen nicht an eine andere Gesellschaft oder ein anderes Unternehmen weiterzugeben.<\/p>\r\n\r\n\r\n\r\n<p>Artikel 10: Gew\u00e4hrleistung<\/p>\r\n\r\n\r\n\r\n<p>Gegen\u00fcber Verbrauchern garantiert der Verk\u00e4ufer die von ihm verkauften Produkte und die von ihm erbrachten Dienstleistungen gem\u00e4\u00df dem Gesetz vom 1. September 2004 \u00fcber den Verbraucherschutz beim Verkauf von Verbrauchsg\u00fctern (Artikel 1649 bis bis 1649 octies des B\u00fcrgerlichen Gesetzbuchs). Im Falle der Nichtkonformit\u00e4t eines verkauften Produkts, die innerhalb von zwei Monaten nach der Lieferung des Gutes festgestellt wird, muss der Verbraucher sie dem Verk\u00e4ufer so schnell wie m\u00f6glich pr\u00e4zise per Einschreiben mitteilen. Diese Garantie deckt nur Konformit\u00e4tsm\u00e4ngel ab, die zum Zeitpunkt der Lieferung der G\u00fcter bestehen. M\u00e4ngel oder Sch\u00e4den, die durch unsachgem\u00e4\u00dfe Verwendung entstanden sind, wie Wassersch\u00e4den, Oxidation, St\u00fcrze oder Schl\u00e4ge, Fahrl\u00e4ssigkeit und Verschlei\u00df, sind nicht von der Garantie gedeckt. Ebenso f\u00fchren Reparaturen, die von Technikern durchgef\u00fchrt werden, die nicht vom Lieferanten autorisiert sind, zum Erl\u00f6schen der Garantie. Die Rechnung oder der Lieferschein gelten als Garantieurkunde und m\u00fcssen vom Verbraucher aufbewahrt und im Original vorgelegt werden.<\/p>\r\n\r\n\r\n\r\n<p>Wenn das Produkt f\u00fcr nicht-private Zwecke verwendet wird, gelten die eingeschr\u00e4nkten Garantiebedingungen des<\/p>\r\n\r\n\r\n\r\n<p>Jeder Antrag auf R\u00fcckgabe wegen eines Mangels muss vorab vom Kundenservice durch das Einsenden von Fotos des angesprochenen Problems best\u00e4tigt werden.<\/p>\r\n\r\n\r\n\r\n<p>Wenn der festgestellte Mangel best\u00e4tigt wird, wird das Produkt umgetauscht, solange der Vorrat reicht.<\/p>\r\n\r\n\r\n\r\n<p>Andernfalls wird dem Kunden das Produkt zur\u00fcckerstattet.<\/p>\r\n\r\n\r\n\r\n<p>Jeder Artikel, der ohne vorherige Best\u00e4tigung durch den Kundenservice zur\u00fcckgeschickt wird, gilt als vom Kunden besch\u00e4digt und wird nicht zur\u00fcckerstattet.<\/p>\r\n\r\n\r\n\r\n<p>Der Verk\u00e4ufer haftet nicht f\u00fcr den Missbrauch und\/oder die intensive Nutzung der Artikel durch den Kunden.<\/p>\r\n\r\n\r\n\r\n<p>Artikel 11: Verf\u00fcgbarkeit der Website<\/p>\r\n\r\n\r\n\r\n<p>Der Verk\u00e4ufer garantiert nicht, dass die Website oder jeglicher Inhalt auf der Website immer zug\u00e4nglich oder ununterbrochen ist. Der Zugriff auf die Website ist nur vor\u00fcbergehend gestattet. Der Verk\u00e4ufer kann die Website oder Teile davon ohne Vorank\u00fcndigung aussetzen, l\u00f6schen, unterbrechen oder \u00e4ndern. Der Verk\u00e4ufer haftet nicht f\u00fcr den Fall, dass die Website aus irgendeinem Grund zu irgendeinem Zeitpunkt und f\u00fcr irgendeine Dauer nicht verf\u00fcgbar ist.<\/p>\r\n\r\n\r\n\r\n<p>Aufgrund der hohen Frequentierung der Website, der sehr hohen Nachfrage nach bestimmten Artikeln und des Systems zur automatischen Aktualisierung der Lagerbest\u00e4nde kann es in Ausnahmef\u00e4llen vorkommen, dass die Anzahl der zu einem bestimmten Zeitpunkt verkauften Artikel h\u00f6her ist als der tats\u00e4chliche Lagerbestand zu diesem Zeitpunkt.<\/p>\r\n\r\n\r\n\r\n<p>Bestellungen, die zwischen Freitagmittag und Sonntagabend aufgegeben werden, werden am darauffolgenden Montagmorgen \u00fcberpr\u00fcft. Der K\u00e4ufer sollte beachten, dass eine Auftragsbest\u00e4tigung nur den Eingang seiner Bestellung best\u00e4tigt. Erst wenn eine E-Mail mit einer Trackingnummer des Transportunternehmens ausgestellt wird, ist der Kauf gegen\u00fcber 100% best\u00e4tigt und die Ware versandt worden.<\/p>\r\n\r\n\r\n\r\n<p>Artikel 12: Verantwortlichkeit<\/p>\r\n\r\n\r\n\r\n<p>Der Verk\u00e4ufer ist beim Online-Verkaufsprozess nur durch eine Mittelverpflichtung gebunden; er kann nicht f\u00fcr Sch\u00e4den haftbar gemacht werden, die sich aus der Nutzung des Internets ergeben, wie z. B. Datenverlust, Eindringen, Viren, Ausfall des Dienstes oder andere unbeabsichtigte Probleme. Die auf der Website enthaltenen Daten werden im \u00dcbrigen in gutem Glauben angegeben. Die vorgeschlagenen Links zu den Websites der Hersteller und\/oder Partner werden zu Informationszwecken bereitgestellt. Der Verk\u00e4ufer kann nicht f\u00fcr die Informationen verantwortlich gemacht werden, die von diesen Seiten stammen.<\/p>\r\n\r\n\r\n\r\n<p>Artikel 13: Geistiges Eigentum<\/p>\r\n\r\n\r\n\r\n<p>Alle Elemente der Website des Verk\u00e4ufers sind und bleiben dessen geistiges und ausschlie\u00dfliches Eigentum. Niemand ist berechtigt, Elemente der Website, seien es Software, visuelle oder akustische Elemente, zu reproduzieren, zu verwerten, weiterzuverbreiten oder in irgendeiner Form zu nutzen, auch nicht teilweise. Jede einfache oder Hypertext-Verkn\u00fcpfung ist ohne vorherige schriftliche Zustimmung des Verk\u00e4ufers strengstens untersagt.<\/p>","protected":false},"excerpt":{"rendered":"<p>Article 1 : Pr\u00e9ambule Les pr\u00e9sentes conditions de vente sont conclues, d\u2019une part, par la soci\u00e9t\u00e9 Infinitri S.P.R.L. dont le si\u00e8ge social est situ\u00e9 \u00e0 Rue Doyard 7C 4520 Vinalmont, inscrite \u00e0 la Banque Carrefour des Entreprises sous le num\u00e9ro BE 0666.805.912 ci-apr\u00e8s d\u00e9nomm\u00e9e \u00a0\u00bb le Vendeur \u00a0\u00bb et, d\u2019autre part, par toute personne physique&#8230;<\/p>","protected":false},"author":1,"featured_media":0,"parent":0,"menu_order":0,"comment_status":"closed","ping_status":"closed","template":"","meta":{"footnotes":""},"class_list":{"0":"post-577","1":"page","2":"type-page","3":"status-publish","4":"hentry","5":"nt-post-class","6":"","7":"thumb-none","9":"excerpt-none"},"_links":{"self":[{"href":"https:\/\/www.infinitri.be\/de\/wp-json\/wp\/v2\/pages\/577","targetHints":{"allow":["GET"]}}],"collection":[{"href":"https:\/\/www.infinitri.be\/de\/wp-json\/wp\/v2\/pages"}],"about":[{"href":"https:\/\/www.infinitri.be\/de\/wp-json\/wp\/v2\/types\/page"}],"author":[{"embeddable":true,"href":"https:\/\/www.infinitri.be\/de\/wp-json\/wp\/v2\/users\/1"}],"replies":[{"embeddable":true,"href":"https:\/\/www.infinitri.be\/de\/wp-json\/wp\/v2\/comments?post=577"}],"version-history":[{"count":1,"href":"https:\/\/www.infinitri.be\/de\/wp-json\/wp\/v2\/pages\/577\/revisions"}],"predecessor-version":[{"id":46411,"href":"https:\/\/www.infinitri.be\/de\/wp-json\/wp\/v2\/pages\/577\/revisions\/46411"}],"wp:attachment":[{"href":"https:\/\/www.infinitri.be\/de\/wp-json\/wp\/v2\/media?parent=577"}],"curies":[{"name":"wp","href":"https:\/\/api.w.org\/{rel}","templated":true}]}}