{"id":579,"date":"2023-01-31T22:17:52","date_gmt":"2023-01-31T22:17:52","guid":{"rendered":"https:\/\/infinitri.be\/?page_id=490"},"modified":"2023-01-31T22:17:52","modified_gmt":"2023-01-31T22:17:52","slug":"retours","status":"publish","type":"page","link":"https:\/\/www.infinitri.be\/de\/retours\/","title":{"rendered":"Retours"},"content":{"rendered":"<p><strong>BON DE RETOUR<\/strong><\/p>\n\n\n\n<p>Notre politique de retours, \u00e9changes &amp; remboursements<\/p>\n\n\n\n<p>Vous disposez d\u2019un d\u00e9lai de 14 jours apr\u00e8s r\u00e9ception de votre commande pass\u00e9e sur le webshop infinitri.com pour retourner tout ou une partie de vos achats contre \u00e9change ou remboursement, s\u2019ils ne vous conviennent pas.<\/p>\n\n\n\n<p>Artikel 6: Recht auf Verzicht<\/p>\n\n\n\n<p>Nach dem Gesetz hat der Verbraucher das Recht, dem Verk\u00e4ufer innerhalb von 14 Werktagen nach dem Tag, der auf den Tag der Lieferung des Produkts oder des Abschlusses des Dienstleistungsvertrags folgt, ohne Strafe und ohne Angabe von Gr\u00fcnden mitzuteilen, dass er von seinem Kauf zur\u00fccktritt. Dieses R\u00fccktrittsrecht steht gewerblichen K\u00e4ufern nicht zu.<\/p>\n\n\n\n<p>Innerhalb dieser Frist muss der Verbraucher seine Absicht, vom Kauf zur\u00fcckzutreten, mittels des R\u00fcckgabeformulars mitteilen und das gelieferte Produkt auf eigene Kosten und Gefahr an den Verwaltungssitz von Infinitri S.P.R.L. zur\u00fccksenden :<\/p>\n\n\n\n<p>Rue Doyard 7C 4520 Vinalmont.<\/p>\n\n\n\n<p>Die Produkte m\u00fcssen unbedingt in ihrer Originalverpackung, unbesch\u00e4digt, mit s\u00e4mtlichem Zubeh\u00f6r, der Bedienungsanleitung und der Originalrechnung\/dem Originallieferschein zur\u00fcckgeschickt werden. Die zur\u00fcckgesandten Produkte d\u00fcrfen nicht ausgepackt, entsiegelt oder in irgendeiner Weise benutzt worden sein. Sie m\u00fcssen die Etiketten sowie das Schutzband f\u00fcr Badeanzugsstr\u00fcmpfe und Unterw\u00e4sche enthalten. Unvollst\u00e4ndige, besch\u00e4digte, vom Kunden besch\u00e4digte oder beschmutzte Waren werden nicht zur\u00fcckgenommen.<\/p>\n\n\n\n<p>Innerhalb von 14 Tagen, wenn die R\u00fccksendung die Annahmebedingungen erf\u00fcllt, nach Annahme der R\u00fccknahme der Ware, verpflichtet sich der Verk\u00e4ufer, die eventuelle Zahlung, mit Ausnahme der Versandkosten, zur\u00fcckzuerstatten. Die R\u00fcckerstattung erfolgt auf die f\u00fcr die urspr\u00fcngliche Zahlung verwendete Kreditkarte nach Erhalt der zur\u00fcckgesandten Ware.<\/p>\n\n\n\n<p>Nur Produkte, die auf www www.infinitri.be\/ gekauft wurden, k\u00f6nnen \u00fcber den Online-R\u00fcckgabeprozess zur\u00fcckgegeben werden. Artikel, die dieses Kriterium nicht erf\u00fcllen, k\u00f6nnen nicht an den Absender zur\u00fcckgeschickt werden (Artikel, die bei einem anderen Gesch\u00e4ft oder an Direktverkaufsst\u00e4nden gekauft wurden).<\/p>\n\n\n\n<p>Au-del\u00e0 du d\u00e9lai de 14 jours, aucun article ne pourra \u00eatre ni repris, ni \u00e9chang\u00e9.<\/p>\n\n\n\n<p>Pour plus d\u2019information ou si vous avez besoin d\u2019aide, nous vous invitons \u00e0 nous contacter par email \u00e0 l\u2019adresse suivante : info@infinitri.be<\/p>\n\n\n\n<p>Comment retourner un article infinitri<\/p>\n\n\n\n<p>1. Contactez-nous sur l\u2019adresse suivante&nbsp;<a href=\"mailto:info@infinitri.be\">info@infinitri.be<\/a><\/p>\n\n\n\n<p>2. T\u00e9l\u00e9chargez et compl\u00e9tez le bon de retour ci-apr\u00e8s en renseignant les r\u00e9f\u00e9rences de l\u2019article retourn\u00e9, sa quantit\u00e9, s\u2019il s\u2019agit d\u2019un \u00e9change ou d\u2019un remboursement et le motif de votre retour.<\/p>\n\n\n\n<p>3. Ins\u00e9rez-le bon de retour dans votre colis accompagn\u00e9 de l\u2019article \u00e0 nous retourner. Assurez-vous de choisir un emballage protecteur et qu\u2019il soit bien scell\u00e9.<\/p>\n\n\n\n\n<!--themify_builder_static--><a href=\"https:\/\/www.infinitri.be\/wp-content\/uploads\/2023\/01\/BON-DE-RETOUR.pdf\" > T\u00e9l\u00e9charger le bon de retour <\/a><!--\/themify_builder_static-->","protected":false},"excerpt":{"rendered":"<p>BON DE RETOUR Notre politique de retours, \u00e9changes &amp; remboursements Vous disposez d\u2019un d\u00e9lai de 14 jours apr\u00e8s r\u00e9ception de votre commande pass\u00e9e sur le webshop infinitri.com pour retourner tout ou une partie de vos achats contre \u00e9change ou remboursement, s\u2019ils ne vous conviennent pas. Article 6 : Droit de renonciation Conform\u00e9ment \u00e0 la loi,&#8230;<\/p>","protected":false},"author":1,"featured_media":0,"parent":0,"menu_order":0,"comment_status":"closed","ping_status":"closed","template":"","meta":{"footnotes":""},"class_list":{"0":"post-579","1":"page","2":"type-page","3":"status-publish","4":"hentry","5":"nt-post-class","6":"","7":"thumb-none","9":"excerpt-none"},"_links":{"self":[{"href":"https:\/\/www.infinitri.be\/de\/wp-json\/wp\/v2\/pages\/579","targetHints":{"allow":["GET"]}}],"collection":[{"href":"https:\/\/www.infinitri.be\/de\/wp-json\/wp\/v2\/pages"}],"about":[{"href":"https:\/\/www.infinitri.be\/de\/wp-json\/wp\/v2\/types\/page"}],"author":[{"embeddable":true,"href":"https:\/\/www.infinitri.be\/de\/wp-json\/wp\/v2\/users\/1"}],"replies":[{"embeddable":true,"href":"https:\/\/www.infinitri.be\/de\/wp-json\/wp\/v2\/comments?post=579"}],"version-history":[{"count":0,"href":"https:\/\/www.infinitri.be\/de\/wp-json\/wp\/v2\/pages\/579\/revisions"}],"wp:attachment":[{"href":"https:\/\/www.infinitri.be\/de\/wp-json\/wp\/v2\/media?parent=579"}],"curies":[{"name":"wp","href":"https:\/\/api.w.org\/{rel}","templated":true}]}}