{"id":28244,"date":"2025-12-25T16:25:00","date_gmt":"2025-12-25T16:25:00","guid":{"rendered":"https:\/\/www.infinitri.be\/?post_type=product&#038;p=28244"},"modified":"2026-04-04T17:30:56","modified_gmt":"2026-04-04T16:30:56","slug":"arena-powerskin-carbon-glide-jammer","status":"publish","type":"product","link":"https:\/\/www.infinitri.be\/de\/produkt\/arena-powerskin-carbon-glide-jammer\/","title":{"rendered":"Arena \u2013 Powerskin Carbon Glide Jammer"},"content":{"rendered":"<p><!--themify_builder_static--><\/p>\n<h1 style=\"text-align: center\" data-content-type=\"text\" data-appearance=\"default\" data-element=\"main\" data-pb-style=\"WTSTT5E\">POWERSKIN CARBON GLIDE<\/h1>\n<h3 style=\"text-align: center\" data-content-type=\"text\" data-appearance=\"default\" data-element=\"main\" data-pb-style=\"WTSTT5E\"><\/h3>\n<p><!--\/themify_builder_static--><\/p>\n<p>Lorsque vous sortez des blocs et que vous vous lancez dans votre course, sentez-vous imm\u00e9diatement \u00e0 l&#8217;aise dans notre toute nouvelle combinaison technique pour hommes. Nos Powerskin Carbon Glide Jammers ont \u00e9t\u00e9 cr\u00e9\u00e9s pour les nageurs qui ont besoin de la sensation de vitesse dans la combinaison qu&#8217;ils portent en comp\u00e9tition. Fabriqu\u00e9e \u00e0 partir d&#8217;une coque Hydroglide ultra-l\u00e9g\u00e8re, cette combinaison r\u00e9duit efficacement la tra\u00een\u00e9e et les turbulences. Des pi\u00e8ces strat\u00e9giques de tissu en grille de carbone compact et des bandes internes compriment et activent les muscles imm\u00e9diatement. Con\u00e7ue \u00e0 l&#8217;int\u00e9rieur et \u00e0 l&#8217;ext\u00e9rieur pour une surface profil\u00e9e, un corps \u00e9nergis\u00e9 et une nage sans faille.<\/p>\n<p><strong>Conseils d&#8217;ajustement :<\/strong><br \/>\nNous vous recommandons de commencer par votre taille de combinaison d&#8217;entra\u00eenement et de commander le Glide une taille en dessous.<br \/>\nConsultez notre tableau des tailles pour obtenir des conseils sp\u00e9cifiques sur les mesures corporelles.<\/p>\n<p><strong>Eigenschaften<\/strong><\/p>\n<ul>\n<li>Technologie de fibre de carbone pour une combinaison parfaite de puissance, de flexibilit\u00e9 et de durabilit\u00e9.<\/li>\n<li>La technologie Carbon Micro Cage couvre strat\u00e9giquement les groupes de muscles du bas du corps avec une grille compacte en fibre de carbone, vous offrant une compression l\u00e0 o\u00f9 c&#8217;est le plus important.<\/li>\n<li>La technologie Hydroglide ultra-l\u00e9g\u00e8re entoure le haut du corps en minimisant la r\u00e9sistance et les turbulences.<\/li>\n<li>Des bandes internes uniques activent et relient instantan\u00e9ment les principaux groupes de muscles.<\/li>\n<\/ul>","protected":false},"excerpt":{"rendered":"<p>La Carbon Glide est une combinaison tr\u00e8s l\u00e9g\u00e8re et c&#8217;est pourquoi tant de personnes l&#8217;aiment. Cependant, cette l\u00e9g\u00e8ret\u00e9 rend l&#8217;enfilage de la combinaison particuli\u00e8rement d\u00e9licat. Veillez \u00e0 ce que vos ongles ne touchent pas le tissu. Et remontez toujours la combinaison par les coutures, et non par le tissu.<\/p>\n<p>&nbsp;<\/p>","protected":false},"featured_media":28776,"comment_status":"open","ping_status":"closed","template":"","meta":[],"product_brand":[326],"product_cat":[60,126,41],"product_tag":[],"class_list":{"0":"post-28244","1":"product","2":"type-product","3":"status-publish","4":"has-post-thumbnail","6":"product_brand-arena","7":"product_cat-fina","8":"product_cat-maillot-competition","9":"product_cat-natation","10":"zank_product_brands-arena","11":"nt-post-class","12":"","18":"first","19":"instock","20":"sale","21":"taxable","22":"shipping-taxable","23":"purchasable","24":"product-type-variable"},"_links":{"self":[{"href":"https:\/\/www.infinitri.be\/de\/wp-json\/wp\/v2\/product\/28244","targetHints":{"allow":["GET"]}}],"collection":[{"href":"https:\/\/www.infinitri.be\/de\/wp-json\/wp\/v2\/product"}],"about":[{"href":"https:\/\/www.infinitri.be\/de\/wp-json\/wp\/v2\/types\/product"}],"replies":[{"embeddable":true,"href":"https:\/\/www.infinitri.be\/de\/wp-json\/wp\/v2\/comments?post=28244"}],"wp:featuredmedia":[{"embeddable":true,"href":"https:\/\/www.infinitri.be\/de\/wp-json\/wp\/v2\/media\/28776"}],"wp:attachment":[{"href":"https:\/\/www.infinitri.be\/de\/wp-json\/wp\/v2\/media?parent=28244"}],"wp:term":[{"taxonomy":"product_brand","embeddable":true,"href":"https:\/\/www.infinitri.be\/de\/wp-json\/wp\/v2\/product_brand?post=28244"},{"taxonomy":"product_cat","embeddable":true,"href":"https:\/\/www.infinitri.be\/de\/wp-json\/wp\/v2\/product_cat?post=28244"},{"taxonomy":"product_tag","embeddable":true,"href":"https:\/\/www.infinitri.be\/de\/wp-json\/wp\/v2\/product_tag?post=28244"}],"curies":[{"name":"wp","href":"https:\/\/api.w.org\/{rel}","templated":true}]}}