{"id":28261,"date":"2025-12-25T16:44:57","date_gmt":"2025-12-25T16:44:57","guid":{"rendered":"https:\/\/www.infinitri.be\/?post_type=product&#038;p=28261"},"modified":"2026-04-04T17:34:18","modified_gmt":"2026-04-04T16:34:18","slug":"fusion-c3-short-tights-femme","status":"publish","type":"product","link":"https:\/\/www.infinitri.be\/de\/produkt\/fusion-c3-short-tights-femme\/","title":{"rendered":"Fusion C3 Short Tights Damen"},"content":{"rendered":"<p><!--themify_builder_static--><\/p>\n<h1 style=\"text-align: center\">Beschreibung \u2699<\/h1>\n<p>La longueur des jambes est plus courte que celle de nos collants courts traditionnels et sans les marques blanches.<\/p>\n<p>Tout comme nos WOMEN&#8217;S C3 TRAINING TIGHTS, ces collants sont sp\u00e9cialement con\u00e7us pour les femmes, car ils sont dot\u00e9s d&#8217;une taille extra haute pour un ajustement sp\u00e9cifique aux femmes.<\/p>\n<p>Un design intemporel enti\u00e8rement test\u00e9 qui a subi 15 ans de d\u00e9veloppement et d&#8217;utilisation intensive est votre garantie que votre collant r\u00e9sistera \u00e0 une utilisation intensive et \u00e0 la laveuse pendant des ann\u00e9es.<\/p>\n<p>Agr\u00e9ablement confortable : Notre mat\u00e9riau sp\u00e9cial C3 permet une \u00e9vacuation rapide et efficace de l&#8217;humidit\u00e9, pour que vous n&#8217;ayez jamais froid et ne soyez pas humide pendant ou apr\u00e8s une activit\u00e9.<\/p>\n<p>Coupe optimale : Votre collant reste en place pendant votre activit\u00e9, car nous utilisons un tricotage circulaire et un pourcentage \u00e9lev\u00e9 d&#8217;\u00e9lasthanne powerfit, ce qui rend les zips g\u00eanants superflus.<\/p>\n<p>Il est dot\u00e9 de poches lat\u00e9rales fonctionnelles FUSION qui permettent de garder le contenu pr\u00e8s du corps sans perturber votre sch\u00e9ma de mouvement naturel.<\/p>\n<p><img fetchpriority=\"high\" decoding=\"async\" src=\"https:\/\/infinitri.be\/wp-content\/uploads\/2023\/02\/Womens-C3-short-training-tights_0277_Black_4f_v1-4976555_750x-545x545.webp\" width=\"545\" height=\"545\" title=\"Womens-C3-short-training-tights_0277_Black_4f_v1-4976555_750x\" alt=\"Womens-C3-short-training-tights_0277_Black_4f_v1-4976555_750x\" \/><\/p>\n<h1>Technische Besonderheiten<\/h1>\n<ul>\n<li>Tissu Compressor3 \u00e0 m\u00e8che active, produit en Italie<\/li>\n<li>Poches \u00e0 gel \u00e0 l&#8217;ext\u00e9rieur des cuisses pour les gels (jusqu&#8217;\u00e0 3 par poche) \/ cl\u00e9s \/ t\u00e9l\u00e9phone<\/li>\n<li>Tiefes Taillenband f\u00fcr maximalen Komfort<\/li>\n<li>Hergestellt in Europa bei FUSION.FACTORY<\/li>\n<li>Produit certifi\u00e9 STANDARD 100 par OEKO-TEX\u00ae. Cela signifie que tous les composants, tels que les tissus, les fils, les transferts, les fermetures \u00e9clair, les \u00e9lastiques, les \u00e9tiquettes, etc., sont test\u00e9s et approuv\u00e9s selon la norme et ne contiennent donc pas de substances nocives<\/li>\n<\/ul>\n<p>    <em style=\"color:#000000\"><\/em>WINDschutz \u2605\u2605\u2605<\/p>\n<p>    <em style=\"color:#000000\"><\/em>REGENSCHUTZ \u2605\u2605\u2605<\/p>\n<p>    <em style=\"color:#000000\"><\/em><\/p>\n<p style=\"text-align: center\">LEICHTIGKEIT \u2605\u2605\u2605<\/p>\n<p>    <em style=\"color:#000000\"><\/em>PASSGENAUER SCHNITT \u2605\u2605\u2605\u2605<\/p>\n<p>    <em style=\"color:#000000\"><\/em>KOMPRIMIERUNGSSTUFE \u2605\u2605\u2605\u2605<\/p>\n<h1 style=\"text-align: center\">Material \ud83d\udc56<\/h1>\n<p>Tricot circulaire. 77% polyamide, \u00e9lasthanne 23% pour un temp\u00e9rature de 10\u00b0C \u00e0 30\u00b0C<\/p>\n<p>Das einzigartige und langlebige FUSION C3 Material sorgt durch die Rundstrickkonstruktion und den au\u00dfergew\u00f6hnlich hohen Anteil an Powerfit-Elastan f\u00fcr eine perfekte Passform.<\/p>\n<p>Das FUSION C3-Material sorgt f\u00fcr einen echten aktiven Schwei\u00dftransport, indem es den Schwei\u00df von der Hautoberfl\u00e4che ableitet und zur Au\u00dfenseite des Stoffes transportiert, wo er \u00fcber eine gr\u00f6\u00dfere Fl\u00e4che verteilt wird und schnell verdunstet.<\/p>\n<p>Ihre Haut f\u00fchlt sich weiterhin angenehm an - und Sie sp\u00fcren, dass Sie weniger schwitzen. All das dank eines mechanischen Kapillardocht-Effekts, der w\u00e4hrend der gesamten Lebensdauer des Produkts gleich bleibt.<\/p>\n<p>Wir scheuen uns nicht davor, im Prozess der Stoffentwicklung zus\u00e4tzliche Anstrengungen zu unternehmen.<\/p>\n<p><img decoding=\"async\" src=\"https:\/\/infinitri.be\/wp-content\/uploads\/2023\/02\/Womens-C3-short-training-tights_0277_Black_5b_v1-4976557_750x-545x545.webp\" width=\"545\" height=\"545\" title=\"Womens-C3-short-training-tights_0277_Black_5b_v1-4976557_750x\" alt=\"Womens-C3-short-training-tights_0277_Black_5b_v1-4976557_750x\" \/><br \/>\n<img decoding=\"async\" src=\"https:\/\/infinitri.be\/wp-content\/uploads\/2023\/02\/Womens-C3-short-training-tights_0277_Black_7b_v2-4976560_750x-545x545.webp\" width=\"545\" height=\"545\" title=\"Womens-C3-short-training-tights_0277_Black_7b_v2-4976560_750x\" alt=\"Womens-C3-short-training-tights_0277_Black_7b_v2-4976560_750x\" \/><\/p>\n<h1 style=\"text-align: center\">Pflegehinweise \ud83d\udca1<\/h1>\n<p>Waschen Sie es vor dem ersten Gebrauch. Wenn Sie beim ersten Waschen etwas Essig hinzuf\u00fcgen, bleibt die Farbe heller und h\u00e4lt l\u00e4nger.<\/p>\n<p>Waschen Sie Ihre Sportbekleidung bei einer Temperatur von maximal 40 \u00b0C. Verwenden Sie kein Waschmittel und keine Bleichmittel.<\/p>\n<p>Die Verwendung von Reinigungsmittel schr\u00e4nkt den Feuchtigkeitstransport des Produkts ein.<\/p>\n<p>Trocknen Sie Ihre FUSION-Sportbekleidung an der Luft. Legen Sie sie nicht in den W\u00e4schetrockner.<\/p>\n<p>Achten Sie auf spitze Gegenst\u00e4nde, Kanten und Klettverschl\u00fcsse an Rucks\u00e4cken, G\u00fcrteln und \u00c4hnlichem, die an Stoff und N\u00e4hten Ihrer Kleidung reiben. Dies kann zu Rissen im Stoff und in den N\u00e4hten Ihrer FUSION-Sportbekleidung f\u00fchren.<\/p>\n<h1 style=\"text-align: center\">Welche Gr\u00f6\u00dfe habe ich?<\/h1>\n<p><img decoding=\"async\" src=\"https:\/\/infinitri.be\/wp-content\/uploads\/2023\/02\/c3_short_woman_size.png\" title=\"c3_short_woman_size\" alt=\"c3_short_woman_size\" \/><br \/>\n<img loading=\"lazy\" decoding=\"async\" src=\"https:\/\/infinitri.be\/wp-content\/uploads\/2023\/02\/0277_lifestyle_1-2566585-1024x683-545x545.webp\" width=\"545\" height=\"545\" title=\"0277_lifestyle_1-2566585\" alt=\"0277_lifestyle_1-2566585\" \/><!--\/themify_builder_static--><\/p>","protected":false},"excerpt":{"rendered":"<p>Des collants courts pour toutes vos activit\u00e9s &#8211; sp\u00e9cialement con\u00e7us pour les femmes.<\/p>\n<p>Une paire de collants polyvalents et performants pour la course, le yoga, le fitness, l&#8217;entra\u00eenement fonctionnel, une journ\u00e9e de d\u00e9tente \u00e0 la maison ou comme collant sous une robe d&#8217;\u00e9t\u00e9.<\/p>","protected":false},"featured_media":106,"comment_status":"open","ping_status":"closed","template":"","meta":[],"product_brand":[331],"product_cat":[17,16,18],"product_tag":[],"class_list":{"0":"post-28261","1":"product","2":"type-product","3":"status-publish","4":"has-post-thumbnail","6":"product_brand-fusion","7":"product_cat-bas","8":"product_cat-course","9":"product_cat-shorts-collants","10":"zank_product_brands-fusion","11":"nt-post-class","12":"","18":"first","19":"instock","20":"taxable","21":"shipping-taxable","22":"purchasable","23":"product-type-variable"},"_links":{"self":[{"href":"https:\/\/www.infinitri.be\/de\/wp-json\/wp\/v2\/product\/28261","targetHints":{"allow":["GET"]}}],"collection":[{"href":"https:\/\/www.infinitri.be\/de\/wp-json\/wp\/v2\/product"}],"about":[{"href":"https:\/\/www.infinitri.be\/de\/wp-json\/wp\/v2\/types\/product"}],"replies":[{"embeddable":true,"href":"https:\/\/www.infinitri.be\/de\/wp-json\/wp\/v2\/comments?post=28261"}],"wp:featuredmedia":[{"embeddable":true,"href":"https:\/\/www.infinitri.be\/de\/wp-json\/wp\/v2\/media\/106"}],"wp:attachment":[{"href":"https:\/\/www.infinitri.be\/de\/wp-json\/wp\/v2\/media?parent=28261"}],"wp:term":[{"taxonomy":"product_brand","embeddable":true,"href":"https:\/\/www.infinitri.be\/de\/wp-json\/wp\/v2\/product_brand?post=28261"},{"taxonomy":"product_cat","embeddable":true,"href":"https:\/\/www.infinitri.be\/de\/wp-json\/wp\/v2\/product_cat?post=28261"},{"taxonomy":"product_tag","embeddable":true,"href":"https:\/\/www.infinitri.be\/de\/wp-json\/wp\/v2\/product_tag?post=28261"}],"curies":[{"name":"wp","href":"https:\/\/api.w.org\/{rel}","templated":true}]}}