{"id":28267,"date":"2025-12-25T16:44:57","date_gmt":"2025-12-25T16:44:57","guid":{"rendered":"https:\/\/www.infinitri.be\/?post_type=product&#038;p=28267"},"modified":"2026-04-04T17:34:18","modified_gmt":"2026-04-04T16:34:18","slug":"fusion-c3-short-tights-homme","status":"publish","type":"product","link":"https:\/\/www.infinitri.be\/de\/produkt\/fusion-c3-short-tights-homme\/","title":{"rendered":"Fusion C3 Short Tights Herren"},"content":{"rendered":"<p><!--themify_builder_static--><\/p>\n<h1 style=\"text-align: center\">Beschreibung \u2699<\/h1>\n<p>Les MENS SHORT TIGHTS sont bas\u00e9s sur les collants courts C3, un design intemporel qui a fait ses preuves et qui \u00e9tablit de nouvelles normes en mati\u00e8re de fonctionnalit\u00e9, de confort et de coupe depuis 15 ans. Fabriqu\u00e9 pour durer pendant les entra\u00eenements difficiles, les comp\u00e9titions et le lavage en machine pendant des ann\u00e9es.<\/p>\n<p>Agr\u00e9ablement confortable : Notre mat\u00e9riau C3 sp\u00e9cial permet une \u00e9vacuation rapide et efficace de l&#8217;humidit\u00e9, pour que vous n&#8217;ayez jamais froid et ne soyez pas humide pendant ou apr\u00e8s l&#8217;activit\u00e9.<\/p>\n<p>Coupe optimale : Votre collant reste en place pendant votre activit\u00e9, car il est tricot\u00e9 en rond et contient un pourcentage \u00e9lev\u00e9 d&#8217;\u00e9lasthanne powerfit.<\/p>\n<p>Il est dot\u00e9 d&#8217;une large bande \u00e9lastique au niveau des hanches avec un cordon r\u00e9glable et de poches FUSION fonctionnelles pour garder le contenu pr\u00e8s du corps sans perturber votre sch\u00e9ma de mouvement naturel. Coupe serr\u00e9e.<\/p>\n<p><img fetchpriority=\"high\" decoding=\"async\" src=\"https:\/\/infinitri.be\/wp-content\/uploads\/2023\/01\/0024_lifestyle_2-2544527-1024x683-545x545.webp\" width=\"545\" height=\"545\" title=\"0024_lifestyle_2-2544527\" alt=\"0024_lifestyle_2-2544527\" \/><\/p>\n<h1>Technische Besonderheiten<\/h1>\n<ul>\n<li>Tissu Compressor3 \u00e0 m\u00e8che active, produit en Italie<\/li>\n<li>Poches \u00e0 gel \u00e0 l&#8217;ext\u00e9rieur des cuisses pour les gels (jusqu&#8217;\u00e0 3 par poche) \/ cl\u00e9s \/ t\u00e9l\u00e9phone<\/li>\n<li>Tiefes Taillenband f\u00fcr maximalen Komfort<\/li>\n<li>Hergestellt in Europa bei FUSION.FACTORY<\/li>\n<li>Produit certifi\u00e9 STANDARD 100 par OEKO-TEX\u00ae. Cela signifie que tous les composants, tels que les tissus, les fils, les transferts, les fermetures \u00e9clair, les \u00e9lastiques, les \u00e9tiquettes, etc., sont test\u00e9s et approuv\u00e9s selon la norme et ne contiennent donc pas de substances nocives<\/li>\n<\/ul>\n<p>    <em style=\"color:#000000\"><\/em>WINDschutz \u2605\u2605\u2605<\/p>\n<p>    <em style=\"color:#000000\"><\/em>REGENSCHUTZ \u2605\u2605\u2605<\/p>\n<p>    <em style=\"color:#000000\"><\/em><\/p>\n<p style=\"text-align: center\">LEICHTIGKEIT \u2605\u2605\u2605<\/p>\n<p>    <em style=\"color:#000000\"><\/em>PASSGENAUER SCHNITT \u2605\u2605\u2605\u2605<\/p>\n<p>    <em style=\"color:#000000\"><\/em>KOMPRIMIERUNGSSTUFE \u2605\u2605\u2605\u2605<\/p>\n<h1 style=\"text-align: center\">Material \ud83d\udc56<\/h1>\n<p>Tricot circulaire. 77% polyamide, \u00e9lasthanne 23% pour un temp\u00e9rature de 10\u00b0C \u00e0 30\u00b0C<\/p>\n<p>Das einzigartige und langlebige FUSION C3 Material sorgt durch die Rundstrickkonstruktion und den au\u00dfergew\u00f6hnlich hohen Anteil an Powerfit-Elastan f\u00fcr eine perfekte Passform.<\/p>\n<p>Das FUSION C3-Material sorgt f\u00fcr einen echten aktiven Schwei\u00dftransport, indem es den Schwei\u00df von der Hautoberfl\u00e4che ableitet und zur Au\u00dfenseite des Stoffes transportiert, wo er \u00fcber eine gr\u00f6\u00dfere Fl\u00e4che verteilt wird und schnell verdunstet.<\/p>\n<p>Ihre Haut f\u00fchlt sich weiterhin angenehm an - und Sie sp\u00fcren, dass Sie weniger schwitzen. All das dank eines mechanischen Kapillardocht-Effekts, der w\u00e4hrend der gesamten Lebensdauer des Produkts gleich bleibt.<\/p>\n<p>Wir scheuen uns nicht davor, im Prozess der Stoffentwicklung zus\u00e4tzliche Anstrengungen zu unternehmen.<\/p>\n<p><img decoding=\"async\" src=\"https:\/\/infinitri.be\/wp-content\/uploads\/2023\/01\/C3-short-tights_0024_Black_7s_v1-5025621_2000x-768x1024-545x545.webp\" width=\"545\" height=\"545\" title=\"C3-short-tights_0024_Black_7s_v1-5025621_2000x\" alt=\"C3-short-tights_0024_Black_7s_v1-5025621_2000x\" \/><br \/>\n<img decoding=\"async\" src=\"https:\/\/infinitri.be\/wp-content\/uploads\/2023\/01\/C3-short-tights_0024_Black_5s_v1-5025619_2000x-768x1024-545x545.webp\" width=\"545\" height=\"545\" title=\"C3-short-tights_0024_Black_5s_v1-5025619_2000x\" alt=\"C3-short-tights_0024_Black_5s_v1-5025619_2000x\" \/><\/p>\n<h1 style=\"text-align: center\">Pflegehinweise \ud83d\udca1<\/h1>\n<p>Waschen Sie es vor dem ersten Gebrauch. Wenn Sie beim ersten Waschen etwas Essig hinzuf\u00fcgen, bleibt die Farbe heller und h\u00e4lt l\u00e4nger.<\/p>\n<p>Waschen Sie Ihre Sportbekleidung bei einer Temperatur von maximal 40 \u00b0C. Verwenden Sie kein Waschmittel und keine Bleichmittel.<\/p>\n<p>Die Verwendung von Reinigungsmittel schr\u00e4nkt den Feuchtigkeitstransport des Produkts ein.<\/p>\n<p>Trocknen Sie Ihre FUSION-Sportbekleidung an der Luft. Legen Sie sie nicht in den W\u00e4schetrockner.<\/p>\n<p>Achten Sie auf spitze Gegenst\u00e4nde, Kanten und Klettverschl\u00fcsse an Rucks\u00e4cken, G\u00fcrteln und \u00c4hnlichem, die an Stoff und N\u00e4hten Ihrer Kleidung reiben. Dies kann zu Rissen im Stoff und in den N\u00e4hten Ihrer FUSION-Sportbekleidung f\u00fchren.<\/p>\n<h1 style=\"text-align: center\">Welche Gr\u00f6\u00dfe habe ich?<\/h1>\n<p><img decoding=\"async\" src=\"https:\/\/infinitri.be\/wp-content\/uploads\/2023\/02\/c3-short-tights-homme-size.png\" title=\"c3-short-tights-homme-size\" alt=\"c3-short-tights-homme-size\" \/><br \/>\n<img loading=\"lazy\" decoding=\"async\" src=\"https:\/\/infinitri.be\/wp-content\/uploads\/2023\/02\/0024_lifestyle_v3-5025623-1024x683-545x545.webp\" width=\"545\" height=\"545\" title=\"0024_lifestyle_v3-5025623\" alt=\"0024_lifestyle_v3-5025623\" \/><!--\/themify_builder_static--><\/p>","protected":false},"excerpt":{"rendered":"<p>Collants courts de courses \u00e0 pied pour courir sans sous-v\u00eatements.<br \/>\nLes collants courts pour hommes vous permettent de courir sans sous-v\u00eatements\/pantalons. Les coutures plates et la micropolaire douce \u00e0 l&#8217;entrejambe offrent un confort maximal pour les courses plus longues.<\/p>","protected":false},"featured_media":110,"comment_status":"open","ping_status":"closed","template":"","meta":[],"product_brand":[331],"product_cat":[17,16,18],"product_tag":[],"class_list":{"0":"post-28267","1":"product","2":"type-product","3":"status-publish","4":"has-post-thumbnail","6":"product_brand-fusion","7":"product_cat-bas","8":"product_cat-course","9":"product_cat-shorts-collants","10":"zank_product_brands-fusion","11":"nt-post-class","12":"","18":"first","19":"instock","20":"taxable","21":"shipping-taxable","22":"purchasable","23":"product-type-variable"},"_links":{"self":[{"href":"https:\/\/www.infinitri.be\/de\/wp-json\/wp\/v2\/product\/28267","targetHints":{"allow":["GET"]}}],"collection":[{"href":"https:\/\/www.infinitri.be\/de\/wp-json\/wp\/v2\/product"}],"about":[{"href":"https:\/\/www.infinitri.be\/de\/wp-json\/wp\/v2\/types\/product"}],"replies":[{"embeddable":true,"href":"https:\/\/www.infinitri.be\/de\/wp-json\/wp\/v2\/comments?post=28267"}],"wp:featuredmedia":[{"embeddable":true,"href":"https:\/\/www.infinitri.be\/de\/wp-json\/wp\/v2\/media\/110"}],"wp:attachment":[{"href":"https:\/\/www.infinitri.be\/de\/wp-json\/wp\/v2\/media?parent=28267"}],"wp:term":[{"taxonomy":"product_brand","embeddable":true,"href":"https:\/\/www.infinitri.be\/de\/wp-json\/wp\/v2\/product_brand?post=28267"},{"taxonomy":"product_cat","embeddable":true,"href":"https:\/\/www.infinitri.be\/de\/wp-json\/wp\/v2\/product_cat?post=28267"},{"taxonomy":"product_tag","embeddable":true,"href":"https:\/\/www.infinitri.be\/de\/wp-json\/wp\/v2\/product_tag?post=28267"}],"curies":[{"name":"wp","href":"https:\/\/api.w.org\/{rel}","templated":true}]}}