{"id":28280,"date":"2025-12-25T16:44:57","date_gmt":"2025-12-25T16:44:57","guid":{"rendered":"https:\/\/www.infinitri.be\/?post_type=product&#038;p=28280"},"modified":"2026-04-04T17:34:18","modified_gmt":"2026-04-04T16:34:18","slug":"fusion-c3-long-tights-femme","status":"publish","type":"product","link":"https:\/\/www.infinitri.be\/de\/produkt\/fusion-c3-long-tights-femme\/","title":{"rendered":"Fusion C3 Long Tights Damen"},"content":{"rendered":"<p><!--themify_builder_static--><\/p>\n<h1 style=\"text-align: center\">Beschreibung \u2699<\/h1>\n<p style=\"text-align: left\">Klassische, vielseitige Tights f\u00fcr den Einsatz zwischen 0\u00b0C und 20\u00b0C. Ein robuster Trainingspartner an k\u00e4lteren Tagen, vor allem im Fr\u00fchling und Herbst. Auch h\u00e4ufig zum Entspannen in der Halle verwendet.<\/p>\n<p style=\"text-align: left\">Ein zeitloses, vollst\u00e4ndig getestetes Design, das 15 Jahre lang entwickelt und intensiv genutzt wurde, ist die Garantie daf\u00fcr, dass Ihre Tights jahrelang beim Training, im Wettkampf und in der Maschine halten.<\/p>\n<p style=\"text-align: left\">Angenehm komfortabel: Unser spezielles C3-Material leitet Feuchtigkeit schnell und effektiv ab, sodass du w\u00e4hrend oder nach der Aktivit\u00e4t nie frierst oder feucht wirst.<\/p>\n<p style=\"text-align: left\">Optimale Passform: Deine Strumpfhose bleibt w\u00e4hrend deiner Aktivit\u00e4t an Ort und Stelle, da wir Rundstrick und einen hohen Anteil an Powerfit-Elasthan verwenden, wodurch st\u00f6rende Rei\u00dfverschl\u00fcsse \u00fcberfl\u00fcssig werden.<\/p>\n<p style=\"text-align: left\">Sie verf\u00fcgt \u00fcber einen breiten, elastischen H\u00fcftgurt mit verstellbarem Kordelzug und funktionelle FUSION-Taschen, die den Inhalt eng am K\u00f6rper halten, ohne die nat\u00fcrlichen Bewegungen zu st\u00f6ren. Unauff\u00e4llige, aber effektive 3M-Reflexstreifen an den Unterschenkeln sorgen f\u00fcr eine 360-Grad-Sichtbarkeit im Dunkeln.<\/p>\n<p><img fetchpriority=\"high\" decoding=\"async\" src=\"https:\/\/infinitri.be\/wp-content\/uploads\/2023\/02\/C3-long-tights_0034_black_3back_V3_low-3226775_750x-545x545.webp\" width=\"545\" height=\"545\" title=\"C3-long-tights_0034_black_3back_V3_low-3226775_750x\" alt=\"C3-long-tights_0034_black_3back_V3_low-3226775_750x\" \/><\/p>\n<h1>Technische Besonderheiten<\/h1>\n<ul>\n<li>Einzigartiges Compressor3-Gewebe mit aktiver Evakuierung, hergestellt in Italien<\/li>\n<li>Gel-Taschen an der Au\u00dfenseite der Oberschenkel f\u00fcr Gels (bis zu 3 pro Tasche) \/ Schl\u00fcssel \/ Telefon<\/li>\n<li>Tiefes Taillenband f\u00fcr maximalen Komfort<\/li>\n<li>Diskrete hintere Umschlagtasche f\u00fcr Schl\u00fcssel oder zus\u00e4tzliche Lebensmittel<\/li>\n<li>Reflektierende Streifen an den Beinen (vorne und hinten) f\u00fcr bessere Sichtbarkeit.<\/li>\n<li>Elastisches Band mit Kordelzug f\u00fcr eine individuelle Passform.<\/li>\n<li>Hergestellt in Europa im FUSION-Werk.<\/li>\n<li>Produkt zertifiziert nach STANDARD 100 by OEKO-TEX\u00ae. Das bedeutet, dass alle Bestandteile wie Stoffe, Garne, Transfers, Rei\u00dfverschl\u00fcsse, Gummib\u00e4nder, Etiketten usw. gem\u00e4\u00df dem Standard gepr\u00fcft und zugelassen sind und somit keine sch\u00e4dlichen Substanzen enthalten.<\/li>\n<\/ul>\n<p>    <em style=\"color:#000000\"><\/em> <\/p>\n<p>WINDschutz \u2605\u2605\u2605<\/p>\n<p>    <em style=\"color:#000000\"><\/em> <\/p>\n<p>REGENSCHUTZ \u2605\u2605\u2605<\/p>\n<p>    <em style=\"color:#000000\"><\/em> <\/p>\n<p style=\"text-align: center\">LEICHTIGKEIT \u2605\u2605\u2605<\/p>\n<p>    <em style=\"color:#000000\"><\/em> <\/p>\n<p>PASSGENAUER SCHNITT \u2605\u2605\u2605\u2605<\/p>\n<p>    <em style=\"color:#000000\"><\/em> <\/p>\n<p>KOMPRIMIERUNGSSTUFE \u2605\u2605\u2605\u2605<\/p>\n<h1 style=\"text-align: center\">Material \ud83d\udc56<\/h1>\n<p>Rundgestrickt. 77% Polyamid, 23% Elasthan.<\/p>\n<p>Das einzigartige und langlebige FUSION C3 Material sorgt durch die Rundstrickkonstruktion und den au\u00dfergew\u00f6hnlich hohen Anteil an Powerfit-Elastan f\u00fcr eine perfekte Passform.<\/p>\n<p>Das FUSION C3-Material sorgt f\u00fcr einen echten aktiven Schwei\u00dftransport, indem es den Schwei\u00df von der Hautoberfl\u00e4che ableitet und zur Au\u00dfenseite des Stoffes transportiert, wo er \u00fcber eine gr\u00f6\u00dfere Fl\u00e4che verteilt wird und schnell verdunstet.<\/p>\n<p>Ihre Haut f\u00fchlt sich weiterhin angenehm an - und Sie sp\u00fcren, dass Sie weniger schwitzen. All das dank eines mechanischen Kapillardocht-Effekts, der w\u00e4hrend der gesamten Lebensdauer des Produkts gleich bleibt.<\/p>\n<p>Wir scheuen uns nicht davor, im Prozess der Stoffentwicklung zus\u00e4tzliche Anstrengungen zu unternehmen.<\/p>\n<p><img decoding=\"async\" src=\"https:\/\/infinitri.be\/wp-content\/uploads\/2023\/02\/C3-Long-tights_0034_Black_8back_v3_low-3200077_750x-545x545.webp\" width=\"545\" height=\"545\" title=\"C3-Long-tights_0034_Black_8back_v3_low-3200077_750x\" alt=\"C3-Long-tights_0034_Black_8back_v3_low-3200077_750x\" \/><br \/>\n<img decoding=\"async\" src=\"https:\/\/infinitri.be\/wp-content\/uploads\/2023\/02\/0034_lifestyle_1-2532477-1024x683-545x545.webp\" width=\"545\" height=\"545\" title=\"0034_lifestyle_1-2532477\" alt=\"0034_lifestyle_1-2532477\" \/><\/p>\n<h1 style=\"text-align: center\">Pflegehinweise \ud83d\udca1<\/h1>\n<p>Waschen Sie es vor dem ersten Gebrauch. Wenn Sie beim ersten Waschen etwas Essig hinzuf\u00fcgen, bleibt die Farbe heller und h\u00e4lt l\u00e4nger.<\/p>\n<p>Waschen Sie Ihre Sportbekleidung bei einer Temperatur von maximal 40 \u00b0C. Verwenden Sie kein Waschmittel und keine Bleichmittel.<\/p>\n<p>Die Verwendung von Reinigungsmittel schr\u00e4nkt den Feuchtigkeitstransport des Produkts ein.<\/p>\n<p>Trocknen Sie Ihre FUSION-Sportbekleidung an der Luft. Legen Sie sie nicht in den W\u00e4schetrockner.<\/p>\n<p>Achten Sie auf spitze Gegenst\u00e4nde, Kanten und Klettverschl\u00fcsse an Rucks\u00e4cken, G\u00fcrteln und \u00c4hnlichem, die an Stoff und N\u00e4hten Ihrer Kleidung reiben. Dies kann zu Rissen im Stoff und in den N\u00e4hten Ihrer FUSION-Sportbekleidung f\u00fchren.<\/p>\n<h1 style=\"text-align: center\">Welche Gr\u00f6\u00dfe habe ich?\u00a0<\/h1>\n<p><img decoding=\"async\" src=\"https:\/\/infinitri.be\/wp-content\/uploads\/2023\/02\/c3-long-tights-unisexe-size.png\" title=\"c3-long-tights-unisex-size\" alt=\"c3-long-tights-unisexe-size\" \/><br \/>\n<img loading=\"lazy\" decoding=\"async\" src=\"https:\/\/infinitri.be\/wp-content\/uploads\/2023\/01\/fusion-logo-expanded.svg\" width=\"545\" height=\"545\" title=\"fusion-logo-expanded\" alt=\"fusion-logo-expanded\"><!--\/themify_builder_static--><\/p>","protected":false},"excerpt":{"rendered":"<p>Klassische, vielseitige Tights f\u00fcr den Einsatz zwischen 0\u00b0C und 20\u00b0C. Ein robuster Trainingspartner an k\u00e4lteren Tagen, vor allem im Fr\u00fchling und Herbst. Auch h\u00e4ufig zum Entspannen in der Halle verwendet.<\/p>","protected":false},"featured_media":119,"comment_status":"open","ping_status":"closed","template":"","meta":[],"product_brand":[331],"product_cat":[17,16,18],"product_tag":[],"class_list":{"0":"post-28280","1":"product","2":"type-product","3":"status-publish","4":"has-post-thumbnail","6":"product_brand-fusion","7":"product_cat-bas","8":"product_cat-course","9":"product_cat-shorts-collants","10":"zank_product_brands-fusion","11":"nt-post-class","12":"","18":"first","19":"instock","20":"taxable","21":"shipping-taxable","22":"purchasable","23":"product-type-variable"},"_links":{"self":[{"href":"https:\/\/www.infinitri.be\/de\/wp-json\/wp\/v2\/product\/28280","targetHints":{"allow":["GET"]}}],"collection":[{"href":"https:\/\/www.infinitri.be\/de\/wp-json\/wp\/v2\/product"}],"about":[{"href":"https:\/\/www.infinitri.be\/de\/wp-json\/wp\/v2\/types\/product"}],"replies":[{"embeddable":true,"href":"https:\/\/www.infinitri.be\/de\/wp-json\/wp\/v2\/comments?post=28280"}],"wp:featuredmedia":[{"embeddable":true,"href":"https:\/\/www.infinitri.be\/de\/wp-json\/wp\/v2\/media\/119"}],"wp:attachment":[{"href":"https:\/\/www.infinitri.be\/de\/wp-json\/wp\/v2\/media?parent=28280"}],"wp:term":[{"taxonomy":"product_brand","embeddable":true,"href":"https:\/\/www.infinitri.be\/de\/wp-json\/wp\/v2\/product_brand?post=28280"},{"taxonomy":"product_cat","embeddable":true,"href":"https:\/\/www.infinitri.be\/de\/wp-json\/wp\/v2\/product_cat?post=28280"},{"taxonomy":"product_tag","embeddable":true,"href":"https:\/\/www.infinitri.be\/de\/wp-json\/wp\/v2\/product_tag?post=28280"}],"curies":[{"name":"wp","href":"https:\/\/api.w.org\/{rel}","templated":true}]}}