{"id":28293,"date":"2025-12-25T16:45:00","date_gmt":"2025-12-25T16:45:00","guid":{"rendered":"https:\/\/www.infinitri.be\/?post_type=product&#038;p=28293"},"modified":"2026-04-04T17:34:18","modified_gmt":"2026-04-04T16:34:18","slug":"fusion-c3-hot-long-tights-femme","status":"publish","type":"product","link":"https:\/\/www.infinitri.be\/de\/produkt\/fusion-c3-hot-long-tights-femme\/","title":{"rendered":"Fusion C3 Hot Long Tights Damen"},"content":{"rendered":"<p><!--themify_builder_static--><\/p>\n<h1 style=\"text-align: center\">Beschreibung \u2699<\/h1>\n<p>Ein bew\u00e4hrtes, zeitloses Design, das 15 Jahre lang entwickelt und intensiv getestet wurde, garantiert Ihnen, dass Ihre Strumpfhose jahrelang beim Training, bei Wettk\u00e4mpfen und in der Waschmaschine h\u00e4lt.<\/p>\n<p>Angenehm bequem: Das Material dieser Strumpfhosen leitet Feuchtigkeit schnell und effizient ab, sodass Sie w\u00e4hrend und nach dem Sport niemals frieren oder nass werden.<\/p>\n<p>Optimale Passform: Deine Strumpfhose bleibt w\u00e4hrend deiner Aktivit\u00e4t an Ort und Stelle, da wir Rundstrick und einen hohen Anteil an Powerfit-Elasthan verwenden, wodurch st\u00f6rende Rei\u00dfverschl\u00fcsse \u00fcberfl\u00fcssig werden.<\/p>\n<p>Er verf\u00fcgt \u00fcber einen breiten Gummizug an den H\u00fcften mit einem verstellbaren Kordelzug und funktionalen FUSION-Taschen, um den Inhalt nah am K\u00f6rper zu halten, ohne Ihre nat\u00fcrlichen Bewegungsabl\u00e4ufe zu beeintr\u00e4chtigen. Dezente, aber effektive 3M-Reflektoren an den Unterschenkeln sorgen f\u00fcr 360-Grad-Sichtbarkeit im Dunkeln.<\/p>\n<p><img fetchpriority=\"high\" decoding=\"async\" title=\"0025_lifestyle_1_v2-3203288\" src=\"https:\/\/infinitri.be\/wp-content\/uploads\/2023\/02\/0025_lifestyle_1_v2-3203288-1024x683-545x545.webp\" alt=\"0025_lifestyle_1_v2-3203288\" width=\"545\" height=\"545\" \/><\/p>\n<h1>Technische Besonderheiten<\/h1>\n<ul>\n<li>Einzigartiger Stoff mit aktiver Dochtwirkung, hergestellt in Europa.<\/li>\n<li>Elastisches Fleecefutter f\u00fcr nat\u00fcrliche Bewegungsfreiheit und W\u00e4rme<\/li>\n<li>Diskrete R\u00fcckentasche f\u00fcr Schl\u00fcssel oder ein zus\u00e4tzliches Netzteil<\/li>\n<li>Beinabschluss aus lockerem Material, um Druckstellen zu vermeiden und den Tragekomfort zu verbessern<\/li>\n<li>Reflektierende Streifen an den Beinen (vorne und hinten) f\u00fcr bessere Sichtbarkeit.<\/li>\n<li>Elastisches Band mit Kordelzug f\u00fcr individuelle Anpassung.<\/li>\n<li>Hergestellt in Europa im FUSION-Werk.<\/li>\n<li>Produkt zertifiziert nach STANDARD 100 by OEKO-TEX\u00ae. Das bedeutet, dass alle Bestandteile wie Stoffe, Garne, Transfers, Rei\u00dfverschl\u00fcsse, Gummib\u00e4nder, Etiketten usw. gem\u00e4\u00df dem Standard gepr\u00fcft und zugelassen sind und somit keine sch\u00e4dlichen Substanzen enthalten.<\/li>\n<\/ul>\n<p>WINDschutz \u2605\u2605\u2605\u2605<\/p>\n<p>REGENSCHUTZ \u2605\u2605\u2605\u2605<\/p>\n<p>&nbsp;<\/p>\n<p style=\"text-align: center\">LEICHTIGKEIT \u2605\u2605\u2605<\/p>\n<p>PASSGENAUER SCHNITT \u2605\u2605\u2605\u2605<\/p>\n<p>KOMPRESSIONSGRAD \u2605\u2605\u2605<\/p>\n<h1 style=\"text-align: center\">Material \ud83d\udc56<\/h1>\n<p>Kettenstichgewebe. 82% Polyamid, 18% Elasthan.<\/p>\n<p>Verwendung bei -5 \u00b0C bis 10 \u00b0C<\/p>\n<p><img decoding=\"async\" title=\"0293_lifestyle_1-4900520\" src=\"https:\/\/infinitri.be\/wp-content\/uploads\/2023\/02\/0293_lifestyle_1-4900520-1024x683-545x545.webp\" alt=\"0293_lifestyle_1-4900520\" width=\"545\" height=\"545\" \/><br \/>\n<img decoding=\"async\" title=\"0025_Lebensstil_2-3203289\" src=\"https:\/\/infinitri.be\/wp-content\/uploads\/2023\/02\/0025_lifestyle_2-3203289-1024x683-545x545.webp\" alt=\"0025_lifestyle_2-3203289\" width=\"545\" height=\"545\" \/><\/p>\n<h1 style=\"text-align: center\">Pflegehinweise \ud83d\udca1<\/h1>\n<p>Waschen Sie es vor dem ersten Gebrauch. Wenn Sie beim ersten Waschen etwas Essig hinzuf\u00fcgen, bleibt die Farbe heller und h\u00e4lt l\u00e4nger.<\/p>\n<p>Waschen Sie Ihre Sportbekleidung bei einer Temperatur von maximal 40 \u00b0C. Verwenden Sie kein Waschmittel und keine Bleichmittel.<\/p>\n<p>Die Verwendung von Reinigungsmittel schr\u00e4nkt den Feuchtigkeitstransport des Produkts ein.<\/p>\n<p>Trocknen Sie Ihre FUSION-Sportbekleidung an der Luft. Legen Sie sie nicht in den W\u00e4schetrockner.<\/p>\n<p>Achten Sie auf spitze Gegenst\u00e4nde, Kanten und Klettverschl\u00fcsse an Rucks\u00e4cken, G\u00fcrteln und \u00c4hnlichem, die an Stoff und N\u00e4hten Ihrer Kleidung reiben. Dies kann zu Rissen im Stoff und in den N\u00e4hten Ihrer FUSION-Sportbekleidung f\u00fchren.<\/p>\n<h1 style=\"text-align: center\">Welche Gr\u00f6\u00dfe habe ich?<\/h1>\n<p><img decoding=\"async\" title=\"c3-hotlong-tights-female-size\" src=\"https:\/\/infinitri.be\/wp-content\/uploads\/2023\/02\/c3-hotlong-tights-femme-size.png\" alt=\"c3-hotlong-tights-femme-size\" \/><br \/>\n<img loading=\"lazy\" decoding=\"async\" title=\"fusion-logo-expanded\" src=\"https:\/\/infinitri.be\/wp-content\/uploads\/2023\/01\/fusion-logo-expanded.svg\" alt=\"fusion-logo-expanded\" width=\"545\" height=\"545\" \/><!--\/themify_builder_static--><\/p>","protected":false},"excerpt":{"rendered":"<p>Eine w\u00e4rmere Version unserer vielseitigen C3-Trainingstights f\u00fcr Frauen. Eine gute Wahl f\u00fcr Outdoor-Aktivit\u00e4ten bei kaltem Wetter, besonders in der Wintersaison, da die Au\u00dfenseite dieser Tight superfein gestrickt ist, um K\u00e4lte und Wind abzuhalten, und eine weiche, temperaturregulierende R\u00fcckseite hat, die die nat\u00fcrliche K\u00f6rperw\u00e4rme speichert. Sie wird auch h\u00e4ufig zum Entspannen im Haus verwendet.<\/p>\n<p>Speziell f\u00fcr Frauen geeignet, da er mit einer extra hohen Taille f\u00fcr eine frauenspezifische Passform entworfen wurde.<\/p>","protected":false},"featured_media":154,"comment_status":"open","ping_status":"closed","template":"","meta":[],"product_brand":[331],"product_cat":[17,16,18],"product_tag":[],"class_list":{"0":"post-28293","1":"product","2":"type-product","3":"status-publish","4":"has-post-thumbnail","6":"product_brand-fusion","7":"product_cat-bas","8":"product_cat-course","9":"product_cat-shorts-collants","10":"zank_product_brands-fusion","11":"nt-post-class","12":"","18":"first","19":"instock","20":"taxable","21":"shipping-taxable","22":"purchasable","23":"product-type-variable"},"_links":{"self":[{"href":"https:\/\/www.infinitri.be\/de\/wp-json\/wp\/v2\/product\/28293","targetHints":{"allow":["GET"]}}],"collection":[{"href":"https:\/\/www.infinitri.be\/de\/wp-json\/wp\/v2\/product"}],"about":[{"href":"https:\/\/www.infinitri.be\/de\/wp-json\/wp\/v2\/types\/product"}],"replies":[{"embeddable":true,"href":"https:\/\/www.infinitri.be\/de\/wp-json\/wp\/v2\/comments?post=28293"}],"wp:featuredmedia":[{"embeddable":true,"href":"https:\/\/www.infinitri.be\/de\/wp-json\/wp\/v2\/media\/154"}],"wp:attachment":[{"href":"https:\/\/www.infinitri.be\/de\/wp-json\/wp\/v2\/media?parent=28293"}],"wp:term":[{"taxonomy":"product_brand","embeddable":true,"href":"https:\/\/www.infinitri.be\/de\/wp-json\/wp\/v2\/product_brand?post=28293"},{"taxonomy":"product_cat","embeddable":true,"href":"https:\/\/www.infinitri.be\/de\/wp-json\/wp\/v2\/product_cat?post=28293"},{"taxonomy":"product_tag","embeddable":true,"href":"https:\/\/www.infinitri.be\/de\/wp-json\/wp\/v2\/product_tag?post=28293"}],"curies":[{"name":"wp","href":"https:\/\/api.w.org\/{rel}","templated":true}]}}