{"id":28305,"date":"2025-12-25T16:45:00","date_gmt":"2025-12-25T16:45:00","guid":{"rendered":"https:\/\/www.infinitri.be\/?post_type=product&#038;p=28305"},"modified":"2026-04-04T17:34:18","modified_gmt":"2026-04-04T16:34:18","slug":"fusion-c3-zip-neck-homme","status":"publish","type":"product","link":"https:\/\/www.infinitri.be\/de\/produkt\/fusion-c3-zip-neck-homme\/","title":{"rendered":"Fusion C3 Zip Neck Herren"},"content":{"rendered":"<p><!--themify_builder_static--><\/p>\n<h1 style=\"text-align: center\">Beschreibung \u2699<\/h1>\n<p style=\"text-align: left\">Notre mat\u00e9riau sp\u00e9cial C3 rend le MEN&#8217;S C3 ZIP NECK doux et confortable et permet une \u00e9vacuation rapide et efficace de l&#8217;humidit\u00e9, afin que vous n&#8217;ayez jamais froid et ne soyez pas humide pendant ou apr\u00e8s l&#8217;activit\u00e9<\/p>\n<p style=\"text-align: left\">La coupe est moyennement serr\u00e9e.<\/p>\n<p><img fetchpriority=\"high\" decoding=\"async\" src=\"https:\/\/infinitri.be\/wp-content\/uploads\/2023\/02\/Mens-C3-zip-neck_0166_Grey_4f_v1-4624453_750x-545x545.webp\" width=\"545\" height=\"545\" title=\"Mens-C3-zip-neck_0166_Grey_4f_v1-4624453_750x\" alt=\"Mens-C3-zip-neck_0166_Grey_4f_v1-4624453_750x\" \/><\/p>\n<h1>Technische Besonderheiten<\/h1>\n<ul>\n<li>Hervorragende Feuchtigkeitstransporteigenschaften. Feuchtigkeit wird von der Haut nach au\u00dfen transportiert, wo sie sich \u00fcber eine gr\u00f6\u00dfere Fl\u00e4che verteilt und schnell verdunstet.<\/li>\n<li>Fermeture \u00e9clair YKK courte<\/li>\n<li>Flexible Flatlock-N\u00e4hte<\/li>\n<li>Bandes r\u00e9fl\u00e9chissantes dans le dos pour une meilleure visibilit\u00e9<\/li>\n<li>Stoff hergestellt in Italien<\/li>\n<li>Hergestellt in Europa bei FUSION.FACTORY<\/li>\n<li>Produkt zertifiziert nach STANDARD 100 by OEKO-TEX\u00ae. Das bedeutet, dass alle Bestandteile wie Stoffe, Garne, Transfers, Rei\u00dfverschl\u00fcsse, Gummib\u00e4nder, Etiketten usw. gem\u00e4\u00df dem Standard gepr\u00fcft und zugelassen sind und somit keine sch\u00e4dlichen Substanzen enthalten.<\/li>\n<\/ul>\n<p>    <em style=\"color:#000000\"><\/em>WINDschutz \u2605\u2605\u2605<\/p>\n<p>    <em style=\"color:#000000\"><\/em>REGENSCHUTZ \u2605\u2605\u2605<\/p>\n<p>    <em style=\"color:#000000\"><\/em><\/p>\n<p style=\"text-align: center\">LEICHTIGKEIT \u2605\u2605\u2605<\/p>\n<p>    <em style=\"color:#000000\"><\/em>PASSGENAUER SCHNITT \u2605\u2605\u2605\u2605<\/p>\n<p>    <em style=\"color:#000000\"><\/em>KOMPRESSIONSGRAD \u2605\u2605\u2605<\/p>\n<h1 style=\"text-align: center\">Material \ud83d\udc56<\/h1>\n<p style=\"text-align: left\">Tricot circulaire. 92% polyester 8% \u00e9lasthanne<\/p>\n<p style=\"text-align: left\">Utilisation de 5\u00b0C \u00e0 10\u00b0C<\/p>\n<p><img decoding=\"async\" src=\"https:\/\/infinitri.be\/wp-content\/uploads\/2023\/02\/Mens-C3-zip-neck_0166_Grey_5b_v1-4624451_750x-545x545.webp\" width=\"545\" height=\"545\" title=\"Mens-C3-zip-neck_0166_Grey_5b_v1-4624451_750x\" alt=\"Mens-C3-zip-neck_0166_Grey_5b_v1-4624451_750x\" \/><br \/>\n<img decoding=\"async\" src=\"https:\/\/infinitri.be\/wp-content\/uploads\/2023\/02\/Mens-C3-zip-neck_0166_Grey_7d_v1-4927174_750x-545x545.jpg\" width=\"545\" height=\"545\" title=\"Mens-C3-zip-neck_0166_Grey_7d_v1-4927174_750x\" alt=\"Mens-C3-zip-neck_0166_Grey_7d_v1-4927174_750x\" \/><\/p>\n<h1 style=\"text-align: center\">Pflegehinweise \ud83d\udca1<\/h1>\n<p>Waschen Sie es vor dem ersten Gebrauch. Wenn Sie beim ersten Waschen etwas Essig hinzuf\u00fcgen, bleibt die Farbe heller und h\u00e4lt l\u00e4nger.<\/p>\n<p>Waschen Sie Ihre Sportbekleidung bei einer Temperatur von maximal 40 \u00b0C. Verwenden Sie kein Waschmittel und keine Bleichmittel.<\/p>\n<p>Die Verwendung von Reinigungsmittel schr\u00e4nkt den Feuchtigkeitstransport des Produkts ein.<\/p>\n<p>Trocknen Sie Ihre FUSION-Sportbekleidung an der Luft. Legen Sie sie nicht in den W\u00e4schetrockner.<\/p>\n<p>Achten Sie auf spitze Gegenst\u00e4nde, Kanten und Klettverschl\u00fcsse an Rucks\u00e4cken, G\u00fcrteln und \u00c4hnlichem, die an Stoff und N\u00e4hten Ihrer Kleidung reiben. Dies kann zu Rissen im Stoff und in den N\u00e4hten Ihrer FUSION-Sportbekleidung f\u00fchren.<\/p>\n<h1 style=\"text-align: center\">Welche Gr\u00f6\u00dfe habe ich?<\/h1>\n<p><img decoding=\"async\" src=\"https:\/\/infinitri.be\/wp-content\/uploads\/2023\/02\/c3-men-zip-neck-size.png\" title=\"c3-men-zip-neck-size\" alt=\"c3-men-zip-neck-size\" \/><br \/>\n<img loading=\"lazy\" decoding=\"async\" src=\"https:\/\/infinitri.be\/wp-content\/uploads\/2023\/01\/fusion-logo-expanded.svg\" width=\"545\" height=\"545\" title=\"fusion-logo-expanded\" alt=\"fusion-logo-expanded\"><!--\/themify_builder_static--><\/p>","protected":false},"excerpt":{"rendered":"<p>Une chemise \u00e0 manches longues avec fermeture \u00e9clair et col semi-haut pour l&#8217;entra\u00eenement, les activit\u00e9s de plein air et la d\u00e9tente.<\/p>","protected":false},"featured_media":165,"comment_status":"open","ping_status":"closed","template":"","meta":[],"product_brand":[331],"product_cat":[16,28,29],"product_tag":[],"class_list":{"0":"post-28305","1":"product","2":"type-product","3":"status-publish","4":"has-post-thumbnail","6":"product_brand-fusion","7":"product_cat-course","8":"product_cat-tops-pulls","9":"product_cat-vestes-et-t-shirts","10":"zank_product_brands-fusion","11":"nt-post-class","12":"","18":"first","19":"instock","20":"taxable","21":"shipping-taxable","22":"purchasable","23":"product-type-variable"},"_links":{"self":[{"href":"https:\/\/www.infinitri.be\/de\/wp-json\/wp\/v2\/product\/28305","targetHints":{"allow":["GET"]}}],"collection":[{"href":"https:\/\/www.infinitri.be\/de\/wp-json\/wp\/v2\/product"}],"about":[{"href":"https:\/\/www.infinitri.be\/de\/wp-json\/wp\/v2\/types\/product"}],"replies":[{"embeddable":true,"href":"https:\/\/www.infinitri.be\/de\/wp-json\/wp\/v2\/comments?post=28305"}],"wp:featuredmedia":[{"embeddable":true,"href":"https:\/\/www.infinitri.be\/de\/wp-json\/wp\/v2\/media\/165"}],"wp:attachment":[{"href":"https:\/\/www.infinitri.be\/de\/wp-json\/wp\/v2\/media?parent=28305"}],"wp:term":[{"taxonomy":"product_brand","embeddable":true,"href":"https:\/\/www.infinitri.be\/de\/wp-json\/wp\/v2\/product_brand?post=28305"},{"taxonomy":"product_cat","embeddable":true,"href":"https:\/\/www.infinitri.be\/de\/wp-json\/wp\/v2\/product_cat?post=28305"},{"taxonomy":"product_tag","embeddable":true,"href":"https:\/\/www.infinitri.be\/de\/wp-json\/wp\/v2\/product_tag?post=28305"}],"curies":[{"name":"wp","href":"https:\/\/api.w.org\/{rel}","templated":true}]}}