{"id":28323,"date":"2025-12-25T16:45:03","date_gmt":"2025-12-25T16:45:03","guid":{"rendered":"https:\/\/www.infinitri.be\/?post_type=product&#038;p=28323"},"modified":"2026-04-04T17:34:10","modified_gmt":"2026-04-04T16:34:10","slug":"fusion-c3-midlayer-femme","status":"publish","type":"product","link":"https:\/\/www.infinitri.be\/de\/produkt\/fusion-c3-midlayer-femme\/","title":{"rendered":"Fusion C3 Midlayer Damen"},"content":{"rendered":"<p><!--themify_builder_static--><\/p>\n<h1 style=\"text-align: center\">Beschreibung \u2699<\/h1>\n<p style=\"text-align: left\">Der Women`s C3 Midlayer besteht aus unserem technischen C3-Material, das Schwei\u00df aktiv ableitet, sodass er effizient aus dem Stoff nach au\u00dfen transportiert wird, wo er schnell verdunstet. So bleibt Ihnen sowohl w\u00e4hrend als auch nach dem Sport immer warm und Sie f\u00fchlen sich nie feucht.<\/p>\n<p style=\"text-align: left\">Der Women`s C3 Midlayer wird rundgestrickt mit Powerfit-Elasthan, sodass Ihr Trikot eine optimale und bequeme Passform bietet.<\/p>\n<p style=\"text-align: left\">Eine perfekte Kombination zu Ihren C3-Strumpfhosen und Ihrer S1-Weste oder S1-Jacke. Die Passform ist eng.<\/p>\n<p><img fetchpriority=\"high\" decoding=\"async\" src=\"https:\/\/infinitri.be\/wp-content\/uploads\/2023\/01\/C3-short-tights_0024_Black_4back_v3-4258690_2000x-768x1024-545x545.webp\" width=\"545\" height=\"545\" title=\"C3-Short-Tights_0024_Schwarz_4back_v3-4258690_2000x\" alt=\"C3-short-tights_0024_Black_4back_v3-4258690_2000x\" \/><\/p>\n<h1>Technische Besonderheiten<\/h1>\n<ul>\n<li>Hervorragende Feuchtigkeitstransporteigenschaften. Feuchtigkeit wird von der Haut nach au\u00dfen transportiert, wo sie sich \u00fcber eine gr\u00f6\u00dfere Fl\u00e4che verteilt und schnell verdunstet.<\/li>\n<li>Flexible Flatlock-N\u00e4hte<\/li>\n<li>Reflektierende Streifen auf dem R\u00fccken f\u00fcr bessere Sichtbarkeit.<\/li>\n<li>Hergestellt in Europa im FUSION-Werk.<\/li>\n<li>Produkt zertifiziert nach STANDARD 100 by OEKO-TEX\u00ae. Das bedeutet, dass alle Bestandteile wie Stoffe, Garne, Transfers, Rei\u00dfverschl\u00fcsse, Gummib\u00e4nder, Etiketten usw. gem\u00e4\u00df dem Standard gepr\u00fcft und zugelassen sind und somit keine sch\u00e4dlichen Substanzen enthalten.<\/li>\n<\/ul>\n<p>    <em style=\"color:#000000\"><\/em>WINDschutz \u2605\u2605<\/p>\n<p>    <em style=\"color:#000000\"><\/em>REGENSCHUTZ \u2605\u2605<\/p>\n<p>    <em style=\"color:#000000\"><\/em><\/p>\n<p style=\"text-align: center\">LEICHTIGKEIT \u2605\u2605\u2605<\/p>\n<p>    <em style=\"color:#000000\"><\/em>PASSGENAUER SCHNITT \u2605\u2605\u2605\u2605<\/p>\n<p>    <em style=\"color:#000000\"><\/em>KOMPRESSIONSGRAD \u2605\u2605\u2605<\/p>\n<h1 style=\"text-align: center\">Material \ud83d\udc56<\/h1>\n<p style=\"text-align: left\">Rundstrick. 80% Polyamid, 20% Elasthan<\/p>\n<p style=\"text-align: left\">Verwendung bei 0 \u00b0C bis 10 \u00b0C<\/p>\n<p><img decoding=\"async\" src=\"https:\/\/infinitri.be\/wp-content\/uploads\/2023\/02\/Womans-c3-sweatshirt_0114_Grey_3d_v1-4925767_750x-545x545.jpg\" width=\"545\" height=\"545\" title=\"Womans-c3-Sweatshirt_0114_Grey_3d_v1-4925767_750x\" alt=\"Womans-c3-sweatshirt_0114_Grey_3d_v1-4925767_750x\" \/><br \/>\n<img decoding=\"async\" src=\"https:\/\/infinitri.be\/wp-content\/uploads\/2023\/02\/Womans-c3-sweatshirt_0114_Grey_4b_v3-4925765_750x-545x545.webp\" width=\"545\" height=\"545\" title=\"Womans-c3-Sweatshirt_0114_Grey_4b_v3-4925765_750x\" alt=\"Womans-c3-sweatshirt_0114_Grey_4b_v3-4925765_750x\" \/><\/p>\n<h1 style=\"text-align: center\">Pflegehinweise \ud83d\udca1<\/h1>\n<p>Waschen Sie es vor dem ersten Gebrauch. Wenn Sie beim ersten Waschen etwas Essig hinzuf\u00fcgen, bleibt die Farbe heller und h\u00e4lt l\u00e4nger.<\/p>\n<p>Waschen Sie Ihre Sportbekleidung bei einer Temperatur von maximal 40 \u00b0C. Verwenden Sie kein Waschmittel und keine Bleichmittel.<\/p>\n<p>Die Verwendung von Reinigungsmittel schr\u00e4nkt den Feuchtigkeitstransport des Produkts ein.<\/p>\n<p>Trocknen Sie Ihre FUSION-Sportbekleidung an der Luft. Legen Sie sie nicht in den W\u00e4schetrockner.<\/p>\n<p>Achten Sie auf spitze Gegenst\u00e4nde, Kanten und Klettverschl\u00fcsse an Rucks\u00e4cken, G\u00fcrteln und \u00c4hnlichem, die an Stoff und N\u00e4hten Ihrer Kleidung reiben. Dies kann zu Rissen im Stoff und in den N\u00e4hten Ihrer FUSION-Sportbekleidung f\u00fchren.<\/p>\n<h1 style=\"text-align: center\">Welche Gr\u00f6\u00dfe habe ich?<\/h1>\n<p><img decoding=\"async\" src=\"https:\/\/infinitri.be\/wp-content\/uploads\/2023\/02\/C3-midlayer-femme-size.png\" title=\"C3-Midlayer-Damen-Gr\u00f6\u00dfe\" alt=\"C3-midlayer-femme-size\" \/><br \/>\n<img loading=\"lazy\" decoding=\"async\" src=\"https:\/\/infinitri.be\/wp-content\/uploads\/2023\/01\/fusion-logo-expanded.svg\" width=\"545\" height=\"545\" title=\"fusion-logo-expanded\" alt=\"fusion-logo-expanded\"><!--\/themify_builder_static--><\/p>","protected":false},"excerpt":{"rendered":"<p>Ein vielseitiges, \u00e4u\u00dferst bequemes Trainingsshirt mit langen \u00c4rmeln und zahlreichen Funktionen.<br \/>\nEin vielseitiges Langarm-Trainingsshirt f\u00fcr die meisten Trainingseinheiten. Sowohl als erste als auch als zweite Schicht geeignet.<\/p>","protected":false},"featured_media":210,"comment_status":"open","ping_status":"closed","template":"","meta":[],"product_brand":[331],"product_cat":[16,29],"product_tag":[],"class_list":{"0":"post-28323","1":"product","2":"type-product","3":"status-publish","4":"has-post-thumbnail","6":"product_brand-fusion","7":"product_cat-course","8":"product_cat-vestes-et-t-shirts","9":"zank_product_brands-fusion","10":"nt-post-class","11":"","17":"first","18":"instock","19":"taxable","20":"shipping-taxable","21":"purchasable","22":"product-type-variable"},"_links":{"self":[{"href":"https:\/\/www.infinitri.be\/de\/wp-json\/wp\/v2\/product\/28323","targetHints":{"allow":["GET"]}}],"collection":[{"href":"https:\/\/www.infinitri.be\/de\/wp-json\/wp\/v2\/product"}],"about":[{"href":"https:\/\/www.infinitri.be\/de\/wp-json\/wp\/v2\/types\/product"}],"replies":[{"embeddable":true,"href":"https:\/\/www.infinitri.be\/de\/wp-json\/wp\/v2\/comments?post=28323"}],"wp:featuredmedia":[{"embeddable":true,"href":"https:\/\/www.infinitri.be\/de\/wp-json\/wp\/v2\/media\/210"}],"wp:attachment":[{"href":"https:\/\/www.infinitri.be\/de\/wp-json\/wp\/v2\/media?parent=28323"}],"wp:term":[{"taxonomy":"product_brand","embeddable":true,"href":"https:\/\/www.infinitri.be\/de\/wp-json\/wp\/v2\/product_brand?post=28323"},{"taxonomy":"product_cat","embeddable":true,"href":"https:\/\/www.infinitri.be\/de\/wp-json\/wp\/v2\/product_cat?post=28323"},{"taxonomy":"product_tag","embeddable":true,"href":"https:\/\/www.infinitri.be\/de\/wp-json\/wp\/v2\/product_tag?post=28323"}],"curies":[{"name":"wp","href":"https:\/\/api.w.org\/{rel}","templated":true}]}}