{"id":28329,"date":"2025-12-25T16:45:04","date_gmt":"2025-12-25T16:45:04","guid":{"rendered":"https:\/\/www.infinitri.be\/?post_type=product&#038;p=28329"},"modified":"2026-04-04T17:34:10","modified_gmt":"2026-04-04T16:34:10","slug":"fusion-s2-run-jacket-homme","status":"publish","type":"product","link":"https:\/\/www.infinitri.be\/de\/produkt\/fusion-s2-run-jacket-homme\/","title":{"rendered":"Fusion S2 Run Jacke f\u00fcr Herren"},"content":{"rendered":"<p><!--themify_builder_static--><\/p>\n<h1 style=\"text-align: center\">Beschreibung \u2699<\/h1>\n<p style=\"text-align: left\">La veste MEN&#8217;S S2 RUN JACKET est dot\u00e9e d&#8217;un lamin\u00e9 respirant 3 couches, protecteur et super \u00e9lastique, sur le devant, les manches et les \u00e9paules, et notre tissu sp\u00e9cial C3 sur le col et le dos assure une \u00e9vacuation rapide et efficace de la transpiration pour vous aider \u00e0 rester au sec et \u00e0 l&#8217;aise, afin que vous n&#8217;ayez jamais froid et ne soyez jamais humide pendant ou apr\u00e8s l&#8217;activit\u00e9.<\/p>\n<p style=\"text-align: left\">Diese gut sitzende Jacke hat eine Fronttasche mit Rei\u00dfverschluss und einem elastischen R\u00fcckenteil, das sich an den Inhalt Ihrer Tasche anpasst - wie Telefon und Kreditkarten - sowie eine offene Ges\u00e4\u00dftasche f\u00fcr Handschuhe, M\u00fctze oder Stirnband.<\/p>\n<p style=\"text-align: left\">Dezente, aber effektive 3M-Reflektoren auf dem R\u00fccken und den Schultern sorgen f\u00fcr eine gradgenaue Sichtbarkeit im Dunkeln.<\/p>\n<p style=\"text-align: left\">Empfohlen f\u00fcr das Laufen. Perfekt auch vor und nach dem Training. Passform: Eng anliegende Passform.<\/p>\n<p><img fetchpriority=\"high\" decoding=\"async\" src=\"https:\/\/infinitri.be\/wp-content\/uploads\/2023\/02\/Mens-S2-Run-jacket_0221_Orange_5f_V1-4717000_750x-545x545.webp\" width=\"545\" height=\"545\" title=\"Mens-S2-Run-jacket_0221_Orange_5f_V1-4717000_750x\" alt=\"Mens-S2-Run-jacket_0221_Orange_5f_V1-4717000_750x\" \/><\/p>\n<h1>Technische Besonderheiten<\/h1>\n<ul>\n<li>Wind- und wasserabweisender Stoff, hergestellt in Gro\u00dfbritannien.<\/li>\n<li>Kann mit jedem lang\u00e4rmeligen Fusion-Produkt verwendet werden, um zus\u00e4tzlichen Schutz bei schlechtem Wetter zu bieten.<\/li>\n<li>Reflektierende Details auf der Vorderseite und der R\u00fcckseite der Schultern und des unteren R\u00fcckens<\/li>\n<li>Brusttasche f\u00fcr Telefon und Schl\u00fcssel<\/li>\n<li>Weiches, atmungsaktives Kragenfutter f\u00fcr mehr Komfort.<\/li>\n<li>Hergestellt in Europa im FUSION-Werk.<\/li>\n<li>Von OEKO-TEX\u00ae mit dem STANDARD 100 zertifiziertes Produkt. Das bedeutet, dass alle Bestandteile wie Stoffe, Garne, Transfers, Rei\u00dfverschl\u00fcsse, Gummib\u00e4nder, Etiketten usw. gem\u00e4\u00df dem Standard getestet und zugelassen sind und daher keine sch\u00e4dlichen Substanzen enthalten.<\/li>\n<\/ul>\n<p>    <em style=\"color:#000000\"><\/em>WINDschutz \u2605\u2605\u2605\u2605<\/p>\n<p>    <em style=\"color:#000000\"><\/em>REGENSCHUTZ \u2605\u2605\u2605\u2605<\/p>\n<p>    <em style=\"color:#000000\"><\/em><\/p>\n<p style=\"text-align: center\">LEICHTIGKEIT \u2605\u2605\u2605\u2605<\/p>\n<p>    <em style=\"color:#000000\"><\/em>PASSGENAUER SCHNITT \u2605\u2605\u2605<\/p>\n<p>    <em style=\"color:#000000\"><\/em>KOMPRESSIONSGRAD \u2605<\/p>\n<h1 style=\"text-align: center\">Material \ud83d\udc56<\/h1>\n<p style=\"text-align: left\">Vorderseite: 81% Polyester, 19% Elastan. Membran: 100% Polyester<\/p>\n<p style=\"text-align: left\">R\u00fccken: 77 % Polyamid, 23 % Elasthan.<\/p>\n<p style=\"text-align: left\">Verwendung von-5\u00b0C bis 5\u00b0C<\/p>\n<p><img decoding=\"async\" src=\"https:\/\/infinitri.be\/wp-content\/uploads\/2023\/02\/Mens-S2-Run-jacket_0221_black_7front_low-3271691_900x-768x1024-545x545.webp\" width=\"545\" height=\"545\" title=\"Mens-S2-Run-jacket_0221_black_7front_low-3271691_900x\" alt=\"Mens-S2-Run-jacket_0221_black_7front_low-3271691_900x\" \/><br \/>\n<img decoding=\"async\" src=\"https:\/\/infinitri.be\/wp-content\/uploads\/2023\/02\/Mens-S2-Run-jacket_0221_Orange_4front_v2_low-3272194_750x-545x545.webp\" width=\"545\" height=\"545\" title=\"Mens-S2-Run-jacket_0221_Orange_4front_v2_low-3272194_750x\" alt=\"Mens-S2-Run-jacket_0221_Orange_4front_v2_low-3272194_750x\" \/><\/p>\n<h1 style=\"text-align: center\">Pflegehinweise \ud83d\udca1<\/h1>\n<p>Waschen Sie es vor dem ersten Gebrauch. Wenn Sie beim ersten Waschen etwas Essig hinzuf\u00fcgen, bleibt die Farbe heller und h\u00e4lt l\u00e4nger.<\/p>\n<p>Waschen Sie Ihre Sportbekleidung bei einer Temperatur von maximal 40 \u00b0C. Verwenden Sie kein Waschmittel und keine Bleichmittel.<\/p>\n<p>Die Verwendung von Reinigungsmittel schr\u00e4nkt den Feuchtigkeitstransport des Produkts ein.<\/p>\n<p>Trocknen Sie Ihre FUSION-Sportbekleidung an der Luft. Legen Sie sie nicht in den W\u00e4schetrockner.<\/p>\n<p>Achten Sie auf spitze Gegenst\u00e4nde, Kanten und Klettverschl\u00fcsse an Rucks\u00e4cken, G\u00fcrteln und \u00c4hnlichem, die an Stoff und N\u00e4hten Ihrer Kleidung reiben. Dies kann zu Rissen im Stoff und in den N\u00e4hten Ihrer FUSION-Sportbekleidung f\u00fchren.<\/p>\n<h1 style=\"text-align: center\">Welche Gr\u00f6\u00dfe habe ich?<\/h1>\n<p><img decoding=\"async\" src=\"https:\/\/infinitri.be\/wp-content\/uploads\/2023\/02\/s2-run-jacket-homme-size.png\" title=\"s2-run-jacket-homme-size\" alt=\"s2-run-jacket-homme-size\" \/><br \/>\n<img loading=\"lazy\" decoding=\"async\" src=\"https:\/\/infinitri.be\/wp-content\/uploads\/2023\/01\/fusion-logo-expanded.svg\" width=\"545\" height=\"545\" title=\"fusion-logo-expanded\" alt=\"fusion-logo-expanded\"><!--\/themify_builder_static--><\/p>","protected":false},"excerpt":{"rendered":"<p>Die ultimative Laufjacke f\u00fcr die kalten Monate.<br \/>\nDie ultimative Laufjacke, die in den kalten Monaten vor Wind und Niederschlag sch\u00fctzt.<\/p>","protected":false},"featured_media":215,"comment_status":"open","ping_status":"closed","template":"","meta":[],"product_brand":[331],"product_cat":[16,29],"product_tag":[],"class_list":{"0":"post-28329","1":"product","2":"type-product","3":"status-publish","4":"has-post-thumbnail","6":"product_brand-fusion","7":"product_cat-course","8":"product_cat-vestes-et-t-shirts","9":"zank_product_brands-fusion","10":"nt-post-class","11":"","17":"first","18":"instock","19":"taxable","20":"shipping-taxable","21":"purchasable","22":"product-type-variable"},"_links":{"self":[{"href":"https:\/\/www.infinitri.be\/de\/wp-json\/wp\/v2\/product\/28329","targetHints":{"allow":["GET"]}}],"collection":[{"href":"https:\/\/www.infinitri.be\/de\/wp-json\/wp\/v2\/product"}],"about":[{"href":"https:\/\/www.infinitri.be\/de\/wp-json\/wp\/v2\/types\/product"}],"replies":[{"embeddable":true,"href":"https:\/\/www.infinitri.be\/de\/wp-json\/wp\/v2\/comments?post=28329"}],"wp:featuredmedia":[{"embeddable":true,"href":"https:\/\/www.infinitri.be\/de\/wp-json\/wp\/v2\/media\/215"}],"wp:attachment":[{"href":"https:\/\/www.infinitri.be\/de\/wp-json\/wp\/v2\/media?parent=28329"}],"wp:term":[{"taxonomy":"product_brand","embeddable":true,"href":"https:\/\/www.infinitri.be\/de\/wp-json\/wp\/v2\/product_brand?post=28329"},{"taxonomy":"product_cat","embeddable":true,"href":"https:\/\/www.infinitri.be\/de\/wp-json\/wp\/v2\/product_cat?post=28329"},{"taxonomy":"product_tag","embeddable":true,"href":"https:\/\/www.infinitri.be\/de\/wp-json\/wp\/v2\/product_tag?post=28329"}],"curies":[{"name":"wp","href":"https:\/\/api.w.org\/{rel}","templated":true}]}}