{"id":28362,"date":"2025-12-25T16:45:07","date_gmt":"2025-12-25T16:45:07","guid":{"rendered":"https:\/\/www.infinitri.be\/?post_type=product&#038;p=28362"},"modified":"2026-04-04T17:34:10","modified_gmt":"2026-04-04T16:34:10","slug":"fusion-recharge-hoodie-homme","status":"publish","type":"product","link":"https:\/\/www.infinitri.be\/de\/produkt\/fusion-recharge-hoodie-homme\/","title":{"rendered":"Fusion Recharge Hoodie f\u00fcr Herren"},"content":{"rendered":"<p><!--themify_builder_static--><\/p>\n<h1 style=\"text-align: center\">Beschreibung \u2699<\/h1>\n<p style=\"text-align: left\">Der regul\u00e4re Schnitt sorgt f\u00fcr einen lockeren, aber gut sitzenden Hoodie mit Rei\u00dfverschluss, der sich ideal f\u00fcr Reisen, vor und nach dem Laufen sowie f\u00fcr leichtes Training eignet.<\/p>\n<p style=\"text-align: left\">Mit seinem Material aus geb\u00fcrstetem Fleece bietet Ihr Recharge Hoodie trotz seines geringen Gewichts eine einzigartige Isolierleistung und passt sich thermisch an die Bed\u00fcrfnisse Ihres K\u00f6rpers an. Er leitet Schwei\u00df aktiv ab, ist antibakteriell und atmungsaktiv und bietet UV-Schutz (UPF 50+).<\/p>\n<p style=\"text-align: left\">Die Kapuze ist so konzipiert, dass sie Ihren nat\u00fcrlichen Bewegungen folgt.<\/p>\n<p style=\"text-align: left\">Es gibt zwei Front-\/Seitentaschen mit Rei\u00dfverschluss und ein dezentes 3M-Reflexlogo auf dem Schl\u00fcsselbein und am unteren R\u00fccken.<\/p>\n<p style=\"text-align: left\">Der Recharge Hoodie von FUSION ist der perfekte Begleiter zu deiner Recharge Pants, passt aber nat\u00fcrlich auch hervorragend zu deiner Lieblingsjeans.<\/p>\n<p style=\"text-align: left\">Kurz gesagt: Es ist Ihr idealer Partner, wenn Sie neue Energie tanken m\u00f6chten.<\/p>\n<p style=\"text-align: left\">Empfohlen f\u00fcr: Leichtes Laufen, Fitnessstudio, Reisen, Erholung, vor und nach dem Laufen. Passform: Normal.<\/p>\n<p><img fetchpriority=\"high\" decoding=\"async\" src=\"https:\/\/infinitri.be\/wp-content\/uploads\/2023\/02\/Mens-Recharge-Hoodie_0299_Green_4front_v3_low-3583589_750x-545x545.webp\" width=\"545\" height=\"545\" title=\"Mens-Recharge-Hoodie_0299_Green_4front_v3_low-3583589_750x\" alt=\"Mens-Recharge-Hoodie_0299_Green_4front_v3_low-3583589_750x\" \/><\/p>\n<h1>Technische Besonderheiten<\/h1>\n<ul>\n<li>Aktiver, schwei\u00dftransportierender Stoff<\/li>\n<li>Taschen mit Rei\u00dfverschluss<\/li>\n<li>Stoff hergestellt in Italien<\/li>\n<li>Hergestellt in Europa bei FUSION.FACTORY<\/li>\n<li>Produkt zertifiziert nach STANDARD 100 by OEKO-TEX\u00ae. Das bedeutet, dass alle Komponenten wie Stoffe, Garne, Transfers, Rei\u00dfverschl\u00fcsse, Gummib\u00e4nder, Etiketten usw. gem\u00e4\u00df dem Standard gepr\u00fcft und zugelassen sind und somit keine Schadstoffe enthalten.<\/li>\n<\/ul>\n<p>    <em style=\"color:#000000\"><\/em>WINDschutz \u2605\u2605\u2605<\/p>\n<p>    <em style=\"color:#000000\"><\/em>REGENSCHUTZ \u2605\u2605\u2605<\/p>\n<p>    <em style=\"color:#000000\"><\/em><\/p>\n<p style=\"text-align: center\">LEICHTIGKEIT \u2605\u2605\u2605\u2605<\/p>\n<p>    <em style=\"color:#000000\"><\/em>PASSGENAUER SCHNITT \u2605\u2605\u2605<\/p>\n<p>    <em style=\"color:#000000\"><\/em>KOMPRESSIONSGRAD \u2605<\/p>\n<h1 style=\"text-align: center\">Material \ud83d\udc56<\/h1>\n<p>Rundstrick. 57% Polyamid, 28% Polyester, 15% Elasthan.<\/p>\n<p style=\"text-align: left\">Verwendung bei 5 \u00b0C bis 15 \u00b0C<\/p>\n<p><img decoding=\"async\" src=\"https:\/\/infinitri.be\/wp-content\/uploads\/2023\/02\/Mens-Recharge-Hoodie_0299_Night-Blue_5back_v2_low-3587498_750x-545x545.webp\" width=\"545\" height=\"545\" title=\"Mens-Recharge-Hoodie_0299_Night-Blue_5back_v2_low-3587498_750x\" alt=\"Mens-Recharge-Hoodie_0299_Night-Blue_5back_v2_low-3587498_750x\" \/><br \/>\n<img decoding=\"async\" src=\"https:\/\/infinitri.be\/wp-content\/uploads\/2023\/02\/Mens-Recharge-Hoodie_0299_Black_5front_V2_low-3587496_750x-545x545.webp\" width=\"545\" height=\"545\" title=\"Mens-Recharge-Hoodie_0299_Black_5front_V2_low-3587496_750x\" alt=\"Mens-Recharge-Hoodie_0299_Black_5front_V2_low-3587496_750x\" \/><\/p>\n<h1 style=\"text-align: center\">Pflegehinweise \ud83d\udca1<\/h1>\n<p>Waschen Sie es vor dem ersten Gebrauch. Wenn Sie beim ersten Waschen etwas Essig hinzuf\u00fcgen, bleibt die Farbe heller und h\u00e4lt l\u00e4nger.<\/p>\n<p>Waschen Sie Ihre Sportbekleidung bei einer Temperatur von maximal 40 \u00b0C. Verwenden Sie kein Waschmittel und keine Bleichmittel.<\/p>\n<p>Die Verwendung von Reinigungsmittel schr\u00e4nkt den Feuchtigkeitstransport des Produkts ein.<\/p>\n<p>Trocknen Sie Ihre FUSION-Sportbekleidung an der Luft. Legen Sie sie nicht in den W\u00e4schetrockner.<\/p>\n<p>Achten Sie auf spitze Gegenst\u00e4nde, Kanten und Klettverschl\u00fcsse an Rucks\u00e4cken, G\u00fcrteln und \u00c4hnlichem, die an Stoff und N\u00e4hten Ihrer Kleidung reiben. Dies kann zu Rissen im Stoff und in den N\u00e4hten Ihrer FUSION-Sportbekleidung f\u00fchren.<\/p>\n<h1 style=\"text-align: center\">Welche Gr\u00f6\u00dfe habe ich?<\/h1>\n<p><img decoding=\"async\" src=\"https:\/\/infinitri.be\/wp-content\/uploads\/2023\/02\/mens-recharge-hoodie-size.png\" title=\"Herren-Hoodie zum Nachf\u00fcllen \u2013 Gr\u00f6\u00dfe\" alt=\"mens-recharge-hoodie-size\" \/><br \/>\n<img loading=\"lazy\" decoding=\"async\" src=\"https:\/\/infinitri.be\/wp-content\/uploads\/2023\/01\/fusion-logo-expanded.svg\" width=\"545\" height=\"545\" title=\"fusion-logo-expanded\" alt=\"fusion-logo-expanded\"><!--\/themify_builder_static--><\/p>","protected":false},"excerpt":{"rendered":"<p>Wind- und wasserabweisende Jacke f\u00fcr zus\u00e4tzlichen Schutz bei Rennen bei schlechtem Wetter. Klassische Laufjacke mit effektiven Bel\u00fcftungseins\u00e4tzen.<\/p>","protected":false},"featured_media":274,"comment_status":"open","ping_status":"closed","template":"","meta":[],"product_brand":[331],"product_cat":[16,28],"product_tag":[],"class_list":{"0":"post-28362","1":"product","2":"type-product","3":"status-publish","4":"has-post-thumbnail","6":"product_brand-fusion","7":"product_cat-course","8":"product_cat-tops-pulls","9":"zank_product_brands-fusion","10":"nt-post-class","11":"","17":"first","18":"instock","19":"taxable","20":"shipping-taxable","21":"purchasable","22":"product-type-variable"},"_links":{"self":[{"href":"https:\/\/www.infinitri.be\/de\/wp-json\/wp\/v2\/product\/28362","targetHints":{"allow":["GET"]}}],"collection":[{"href":"https:\/\/www.infinitri.be\/de\/wp-json\/wp\/v2\/product"}],"about":[{"href":"https:\/\/www.infinitri.be\/de\/wp-json\/wp\/v2\/types\/product"}],"replies":[{"embeddable":true,"href":"https:\/\/www.infinitri.be\/de\/wp-json\/wp\/v2\/comments?post=28362"}],"wp:featuredmedia":[{"embeddable":true,"href":"https:\/\/www.infinitri.be\/de\/wp-json\/wp\/v2\/media\/274"}],"wp:attachment":[{"href":"https:\/\/www.infinitri.be\/de\/wp-json\/wp\/v2\/media?parent=28362"}],"wp:term":[{"taxonomy":"product_brand","embeddable":true,"href":"https:\/\/www.infinitri.be\/de\/wp-json\/wp\/v2\/product_brand?post=28362"},{"taxonomy":"product_cat","embeddable":true,"href":"https:\/\/www.infinitri.be\/de\/wp-json\/wp\/v2\/product_cat?post=28362"},{"taxonomy":"product_tag","embeddable":true,"href":"https:\/\/www.infinitri.be\/de\/wp-json\/wp\/v2\/product_tag?post=28362"}],"curies":[{"name":"wp","href":"https:\/\/api.w.org\/{rel}","templated":true}]}}