{"id":28369,"date":"2025-12-25T16:45:08","date_gmt":"2025-12-25T16:45:08","guid":{"rendered":"https:\/\/www.infinitri.be\/?post_type=product&#038;p=28369"},"modified":"2026-04-04T17:34:10","modified_gmt":"2026-04-04T16:34:10","slug":"fusion-recharge-hoodie-femme","status":"publish","type":"product","link":"https:\/\/www.infinitri.be\/de\/produkt\/fusion-recharge-hoodie-femme\/","title":{"rendered":"Fusion Recharge Hoodie f\u00fcr Damen"},"content":{"rendered":"<p><!--themify_builder_static--><\/p>\n<h1 style=\"text-align: center\">Beschreibung \u2699<\/h1>\n<p style=\"text-align: left\">Mit seinem angerauten Fleecetr\u00e4ger bietet dein Recharge Hoodie eine einzigartige Leistung mit hoher Isolierung - trotz seines geringen Gewichts - und passt sich thermisch an die Bed\u00fcrfnisse deines K\u00f6rpers an. Er leitet Schwei\u00df aktiv ab, ist antibakteriell und atmungsaktiv und bietet UV-Schutz (UPF 50+). Die Kapuze ist so konzipiert, dass sie Ihren nat\u00fcrlichen Bewegungen folgt.<\/p>\n<p style=\"text-align: left\">Es gibt zwei Front-\/Seitentaschen mit Rei\u00dfverschluss und ein dezentes 3M-Reflexionslogo auf dem Schl\u00fcsselbein und dem unteren R\u00fccken. Der Recharge Hoodie von FUSION ist der nat\u00fcrliche Begleiter deiner Recharge Pants, aber nat\u00fcrlich passt er auch hervorragend zu deiner Lieblingsjeans.<\/p>\n<p style=\"text-align: left\">Kurz gesagt: Es ist Ihr idealer Partner, wenn Sie neue Energie tanken m\u00f6chten.<\/p>\n<p style=\"text-align: left\">Empfohlen f\u00fcr: leichtes Laufen, Gymnastik, Reisen, Erholung, vor und nach dem Laufen. Schnitt: Regul\u00e4r<\/p>\n<p><img fetchpriority=\"high\" decoding=\"async\" src=\"https:\/\/infinitri.be\/wp-content\/uploads\/2023\/02\/Womens-Recharge-Hoodie_0300_Night-Blue_7f_v1-4798365_750x-545x545.webp\" width=\"545\" height=\"545\" title=\"Womens-Recharge-Hoodie_0300_Night-Blue_7f_v1-4798365_750x\" alt=\"Womens-Recharge-Hoodie_0300_Night-Blue_7f_v1-4798365_750x\" \/><\/p>\n<h1>Technische Besonderheiten<\/h1>\n<ul>\n<li>Aktiver, schwei\u00dftransportierender Stoff<\/li>\n<li>Taschen mit Rei\u00dfverschluss<\/li>\n<li>Stoff hergestellt in Italien<\/li>\n<li>Hergestellt in Europa bei FUSION.FACTORY<\/li>\n<li>Produkt zertifiziert nach STANDARD 100 by OEKO-TEX\u00ae. Das bedeutet, dass alle Komponenten wie Stoffe, Garne, Transfers, Rei\u00dfverschl\u00fcsse, Gummib\u00e4nder, Etiketten usw. gem\u00e4\u00df dem Standard gepr\u00fcft und zugelassen sind und somit keine Schadstoffe enthalten.<\/li>\n<\/ul>\n<p>    <em style=\"color:#000000\"><\/em>WINDschutz \u2605\u2605\u2605<\/p>\n<p>    <em style=\"color:#000000\"><\/em>REGENSCHUTZ \u2605\u2605\u2605<\/p>\n<p>    <em style=\"color:#000000\"><\/em><\/p>\n<p style=\"text-align: center\">LEICHTIGKEIT \u2605\u2605\u2605\u2605<\/p>\n<p>    <em style=\"color:#000000\"><\/em>PASSGENAUER SCHNITT \u2605\u2605\u2605<\/p>\n<p>    <em style=\"color:#000000\"><\/em>KOMPRESSIONSGRAD \u2605<\/p>\n<h1 style=\"text-align: center\">Material \ud83d\udc56<\/h1>\n<p style=\"text-align: left\">Rundstrick. 57% Polyamid, 28% Polyester, 15% Elasthan.<\/p>\n<p style=\"text-align: left\">Verwendung bei 5 \u00b0C bis 15 \u00b0C<\/p>\n<p><img decoding=\"async\" src=\"https:\/\/infinitri.be\/wp-content\/uploads\/2023\/02\/Womens-Recharge-Hoodie_0300_Black_3d_v1-4798364_750x-545x545.jpg\" width=\"545\" height=\"545\" title=\"Womens-Recharge-Hoodie_0300_Black_3d_v1-4798364_750x\" alt=\"Womens-Recharge-Hoodie_0300_Black_3d_v1-4798364_750x\" \/><br \/>\n<img decoding=\"async\" src=\"https:\/\/infinitri.be\/wp-content\/uploads\/2023\/02\/Womens-Recharge-Hoodie_0300_Green_5s_v3-4798369_750x-545x545.webp\" width=\"545\" height=\"545\" title=\"Womens-Recharge-Hoodie_0300_Green_5s_v3-4798369_750x\" alt=\"Womens-Recharge-Hoodie_0300_Green_5s_v3-4798369_750x\" \/><\/p>\n<h1 style=\"text-align: center\">Pflegehinweise \ud83d\udca1<\/h1>\n<p>Waschen Sie es vor dem ersten Gebrauch. Wenn Sie beim ersten Waschen etwas Essig hinzuf\u00fcgen, bleibt die Farbe heller und h\u00e4lt l\u00e4nger.<\/p>\n<p>Waschen Sie Ihre Sportbekleidung bei einer Temperatur von maximal 40 \u00b0C. Verwenden Sie kein Waschmittel und keine Bleichmittel.<\/p>\n<p>Die Verwendung von Reinigungsmittel schr\u00e4nkt den Feuchtigkeitstransport des Produkts ein.<\/p>\n<p>Trocknen Sie Ihre FUSION-Sportbekleidung an der Luft. Legen Sie sie nicht in den W\u00e4schetrockner.<\/p>\n<p>Achten Sie auf spitze Gegenst\u00e4nde, Kanten und Klettverschl\u00fcsse an Rucks\u00e4cken, G\u00fcrteln und \u00c4hnlichem, die an Stoff und N\u00e4hten Ihrer Kleidung reiben. Dies kann zu Rissen im Stoff und in den N\u00e4hten Ihrer FUSION-Sportbekleidung f\u00fchren.<\/p>\n<h1 style=\"text-align: center\">Welche Gr\u00f6\u00dfe habe ich?<\/h1>\n<p><img decoding=\"async\" src=\"https:\/\/infinitri.be\/wp-content\/uploads\/2023\/02\/women-recharge-hoodie-size.png\" title=\"women-recharge-hoodie-size\" alt=\"women-recharge-hoodie-size\" \/><br \/>\n<img loading=\"lazy\" decoding=\"async\" src=\"https:\/\/infinitri.be\/wp-content\/uploads\/2023\/01\/fusion-logo-expanded.svg\" width=\"545\" height=\"545\" title=\"fusion-logo-expanded\" alt=\"fusion-logo-expanded\"><!--\/themify_builder_static--><\/p>","protected":false},"excerpt":{"rendered":"<p>Ihr neuer Lieblingskapuzenpullover f\u00fcr den Alltag und zwischen den Trainingseinheiten. Die regul\u00e4re Passform verleiht Ihnen einen lockeren, aber gut sitzenden Kapuzenpullover mit Rei\u00dfverschluss, der sich f\u00fcr Reisen, vor und nach dem Lauf sowie f\u00fcr leichte Trainingseinheiten eignet.<\/p>","protected":false},"featured_media":316,"comment_status":"open","ping_status":"closed","template":"","meta":[],"product_brand":[331],"product_cat":[16,28],"product_tag":[],"class_list":{"0":"post-28369","1":"product","2":"type-product","3":"status-publish","4":"has-post-thumbnail","6":"product_brand-fusion","7":"product_cat-course","8":"product_cat-tops-pulls","9":"zank_product_brands-fusion","10":"nt-post-class","11":"","17":"first","18":"instock","19":"taxable","20":"shipping-taxable","21":"purchasable","22":"product-type-variable"},"_links":{"self":[{"href":"https:\/\/www.infinitri.be\/de\/wp-json\/wp\/v2\/product\/28369","targetHints":{"allow":["GET"]}}],"collection":[{"href":"https:\/\/www.infinitri.be\/de\/wp-json\/wp\/v2\/product"}],"about":[{"href":"https:\/\/www.infinitri.be\/de\/wp-json\/wp\/v2\/types\/product"}],"replies":[{"embeddable":true,"href":"https:\/\/www.infinitri.be\/de\/wp-json\/wp\/v2\/comments?post=28369"}],"wp:featuredmedia":[{"embeddable":true,"href":"https:\/\/www.infinitri.be\/de\/wp-json\/wp\/v2\/media\/316"}],"wp:attachment":[{"href":"https:\/\/www.infinitri.be\/de\/wp-json\/wp\/v2\/media?parent=28369"}],"wp:term":[{"taxonomy":"product_brand","embeddable":true,"href":"https:\/\/www.infinitri.be\/de\/wp-json\/wp\/v2\/product_brand?post=28369"},{"taxonomy":"product_cat","embeddable":true,"href":"https:\/\/www.infinitri.be\/de\/wp-json\/wp\/v2\/product_cat?post=28369"},{"taxonomy":"product_tag","embeddable":true,"href":"https:\/\/www.infinitri.be\/de\/wp-json\/wp\/v2\/product_tag?post=28369"}],"curies":[{"name":"wp","href":"https:\/\/api.w.org\/{rel}","templated":true}]}}