{"id":28504,"date":"2025-12-25T16:45:22","date_gmt":"2025-12-25T16:45:22","guid":{"rendered":"https:\/\/www.infinitri.be\/?post_type=product&#038;p=28504"},"modified":"2026-04-04T18:43:40","modified_gmt":"2026-04-04T17:43:40","slug":"arena-bonnet-diamants-silicone","status":"publish","type":"product","link":"https:\/\/www.infinitri.be\/de\/produkt\/arena-bonnet-diamants-silicone\/","title":{"rendered":"Arena \u2013 Silikon-Badekappe Diamants"},"content":{"rendered":"","protected":false},"excerpt":{"rendered":"<p>Le diamant est la pierre precieuse la plus brillante et la plus resistante sur Terre. Sinspirant de son logo, la collection Diamonds darena est dediee \u00e0 la resilience de chacun dentre nous, qui fait que, comme les diamants, nous brillons davantage lorsque nous sommes ensemble. Ce bonnet de bain en silicone souple prot\u00e8ge les cheveux du chlore et reduit leffet de tra\u00eenee. Finition refonte speciale du logo \u00e0 trois losanges darena. \u00c0 porter avec dautres articles de la collection.<\/p>","protected":false},"featured_media":27754,"comment_status":"open","ping_status":"closed","template":"","meta":[],"product_brand":[326],"product_cat":[40,43,41],"product_tag":[],"class_list":{"0":"post-28504","1":"product","2":"type-product","3":"status-publish","4":"has-post-thumbnail","6":"product_brand-arena","7":"product_cat-accessoires","8":"product_cat-bonnet","9":"product_cat-natation","10":"zank_product_brands-arena","11":"nt-post-class","12":"","18":"first","19":"instock","20":"sale","21":"taxable","22":"shipping-taxable","23":"purchasable","24":"product-type-simple"},"_links":{"self":[{"href":"https:\/\/www.infinitri.be\/de\/wp-json\/wp\/v2\/product\/28504","targetHints":{"allow":["GET"]}}],"collection":[{"href":"https:\/\/www.infinitri.be\/de\/wp-json\/wp\/v2\/product"}],"about":[{"href":"https:\/\/www.infinitri.be\/de\/wp-json\/wp\/v2\/types\/product"}],"replies":[{"embeddable":true,"href":"https:\/\/www.infinitri.be\/de\/wp-json\/wp\/v2\/comments?post=28504"}],"wp:featuredmedia":[{"embeddable":true,"href":"https:\/\/www.infinitri.be\/de\/wp-json\/wp\/v2\/media\/27754"}],"wp:attachment":[{"href":"https:\/\/www.infinitri.be\/de\/wp-json\/wp\/v2\/media?parent=28504"}],"wp:term":[{"taxonomy":"product_brand","embeddable":true,"href":"https:\/\/www.infinitri.be\/de\/wp-json\/wp\/v2\/product_brand?post=28504"},{"taxonomy":"product_cat","embeddable":true,"href":"https:\/\/www.infinitri.be\/de\/wp-json\/wp\/v2\/product_cat?post=28504"},{"taxonomy":"product_tag","embeddable":true,"href":"https:\/\/www.infinitri.be\/de\/wp-json\/wp\/v2\/product_tag?post=28504"}],"curies":[{"name":"wp","href":"https:\/\/api.w.org\/{rel}","templated":true}]}}