{"id":28526,"date":"2025-12-25T16:45:25","date_gmt":"2025-12-25T16:45:25","guid":{"rendered":"https:\/\/www.infinitri.be\/?post_type=product&#038;p=28526"},"modified":"2026-04-04T17:30:24","modified_gmt":"2026-04-04T16:30:24","slug":"arena-one-double-cross-femme","status":"publish","type":"product","link":"https:\/\/www.infinitri.be\/de\/produkt\/arena-one-double-cross-femme\/","title":{"rendered":"Arena &#8211; One Double Cross &#8211; Femme"},"content":{"rendered":"<p>Le tissu MaxLife Eco ultra-r\u00e9sistant au chlore avec protection UV int\u00e9gr\u00e9e UPF 50+ est durable et s\u00e8che tr\u00e8s rapidement. Cette nouvelle version \u00e9co-responsable du tissu arena MaxLife contient au moins 50% de polyester recycle \u00e0 partir de bouteilles en plastique PET. De plus, il est issu d\u2019un processus de production optimise pour \u00e9conomiser de l&#8217;\u00e9nergie, r\u00e9duire les \u00e9missions de CO\u00b2 et minimiser la consommation d\u2019eau. Le dos ouvert et la coupe ajust\u00e9e sur le devant garantissent une libert\u00e9 de mouvement maximale, une excellente sensation sur l\u2019eau et r\u00e9duisent la tra\u00een\u00e9e. Tous les composants de ce tissu certifie STANDARD 100 by OEKO-TEX ont \u00e9t\u00e9 soumis \u00e0 des contr\u00f4les sur les substances dangereuses afin de garantir un article sans danger pour la sante humaine. Ces contr\u00f4les sont r\u00e9alis\u00e9s dans les instituts de notre partenaire OEKO-TEX ind\u00e9pendant en fonction d\u2019un ensemble complet de crit\u00e8res d\u2019essai.<\/p>\n<p><!--themify_builder_static-->    <em><\/em> <\/p>\n<h3> Chlorbest\u00e4ndig <\/h3>\n<p>Ja<\/p>\n<p>    <em><\/em> <\/p>\n<h3> Material <\/h3>\n<p>\u00a0MaxLife Eco<\/p>\n<p>    <em><\/em> <\/p>\n<h3> R\u00fccken <\/h3>\n<p>Double Cross One<\/p>\n<p>    <em><\/em> <\/p>\n<h3> Schnitt <\/h3>\n<p>Medium &#8211; sangles \u00e9troites<\/p>\n<p>    <em><\/em> <\/p>\n<h3> Futter <\/h3>\n<p>\u00a0Enti\u00e8rement doubl\u00e9<\/p>\n<p>    <em><\/em> <\/p>\n<h3> Intensit\u00e4t des Trainings <\/h3>\n<p>3x semaine<\/p>\n<p><!--\/themify_builder_static--><\/p>","protected":false},"excerpt":{"rendered":"<p>Le maillot de bain innovant et ultra-chic arena One Double Cross est id\u00e9al pour les nageuses de comp\u00e9tition, de fitness et de loisir qui recherchent la performance et le style pour se d\u00e9marquer partout o\u00f9 elles nagent. La technologie exclusive arena One cr\u00e9e des styles innovants con\u00e7us dans une seule pi\u00e8ce de tissu pour une sensation \u00abseconde peau\u00bb absolue. L\u2019absence de coutures lat\u00e9rales am\u00e9liore la libert\u00e9 de mouvement et r\u00e9duit la tra\u00een\u00e9e ainsi que l\u2019usure du maillot.<\/p>","protected":false},"featured_media":27833,"comment_status":"open","ping_status":"closed","template":"","meta":[],"product_brand":[326],"product_cat":[86,41],"product_tag":[],"class_list":{"0":"post-28526","1":"product","2":"type-product","3":"status-publish","4":"has-post-thumbnail","6":"product_brand-arena","7":"product_cat-maillots","8":"product_cat-natation","9":"zank_product_brands-arena","10":"nt-post-class","11":"","17":"first","18":"instock","19":"sale","20":"taxable","21":"shipping-taxable","22":"purchasable","23":"product-type-variable"},"_links":{"self":[{"href":"https:\/\/www.infinitri.be\/de\/wp-json\/wp\/v2\/product\/28526","targetHints":{"allow":["GET"]}}],"collection":[{"href":"https:\/\/www.infinitri.be\/de\/wp-json\/wp\/v2\/product"}],"about":[{"href":"https:\/\/www.infinitri.be\/de\/wp-json\/wp\/v2\/types\/product"}],"replies":[{"embeddable":true,"href":"https:\/\/www.infinitri.be\/de\/wp-json\/wp\/v2\/comments?post=28526"}],"wp:featuredmedia":[{"embeddable":true,"href":"https:\/\/www.infinitri.be\/de\/wp-json\/wp\/v2\/media\/27833"}],"wp:attachment":[{"href":"https:\/\/www.infinitri.be\/de\/wp-json\/wp\/v2\/media?parent=28526"}],"wp:term":[{"taxonomy":"product_brand","embeddable":true,"href":"https:\/\/www.infinitri.be\/de\/wp-json\/wp\/v2\/product_brand?post=28526"},{"taxonomy":"product_cat","embeddable":true,"href":"https:\/\/www.infinitri.be\/de\/wp-json\/wp\/v2\/product_cat?post=28526"},{"taxonomy":"product_tag","embeddable":true,"href":"https:\/\/www.infinitri.be\/de\/wp-json\/wp\/v2\/product_tag?post=28526"}],"curies":[{"name":"wp","href":"https:\/\/api.w.org\/{rel}","templated":true}]}}