{"id":28592,"date":"2025-12-25T16:45:33","date_gmt":"2025-12-25T16:45:33","guid":{"rendered":"https:\/\/www.infinitri.be\/?post_type=product&#038;p=28592"},"modified":"2026-04-04T17:30:16","modified_gmt":"2026-04-04T16:30:16","slug":"arena-v-back-placement-black-rose-fille","status":"publish","type":"product","link":"https:\/\/www.infinitri.be\/de\/produkt\/arena-v-back-placement-black-rose-fille\/","title":{"rendered":"Arena \u2013 V Back Placement schwarz-rosa \u2013 M\u00e4dchen"},"content":{"rendered":"<p>Dar\u00fcber hinaus wurde der Produktionsprozess des Stoffes optimiert, um Energie zu sparen, CO\u00b2-Emissionen zu reduzieren und den Wasserverbrauch zu minimieren. Der ergonomische R\u00fccken und die breiten Tr\u00e4ger garantieren einen sicheren Sitz und guten Halt f\u00fcr Brust und Taille. Jede Komponente des mit dem STANDARD 100 by OEKO-TEX\u00ae-Label versehenen Stoffes wurde auf Schadstoffe gepr\u00fcft, wodurch sichergestellt ist, dass dieses Produkt f\u00fcr die menschliche Gesundheit unbedenklich ist. Die Pr\u00fcfung wird von den unabh\u00e4ngigen Partnerinstituten von arena OEKO-TEX\u00ae auf der Grundlage des umfangreichen Kriterienkatalogs von arena durchgef\u00fchrt.<\/p>","protected":false},"excerpt":{"rendered":"<p>Der elegante Arena Placement V Back Badeanzug f\u00fcr M\u00e4dchen ist perfekt f\u00fcr junge Schwimmerinnen, die regelm\u00e4\u00dfig trainieren. Das MaxLife Eco-Material ist sehr chlorbest\u00e4ndig, verf\u00fcgt \u00fcber einen integrierten UV-Schutz von UPF 50+ und trocknet sehr schnell und ist langlebig. Diese umweltfreundliche Weiterentwicklung des MaxLife-Materials von Arena enth\u00e4lt mindestens 50 % recyceltes Polyester, das aus PET-Flaschen gewonnen wird.<\/p>","protected":false},"featured_media":27955,"comment_status":"open","ping_status":"closed","template":"","meta":[],"product_brand":[326],"product_cat":[86,41],"product_tag":[],"class_list":{"0":"post-28592","1":"product","2":"type-product","3":"status-publish","4":"has-post-thumbnail","6":"product_brand-arena","7":"product_cat-maillots","8":"product_cat-natation","9":"zank_product_brands-arena","10":"nt-post-class","11":"","17":"first","18":"instock","19":"sale","20":"taxable","21":"shipping-taxable","22":"purchasable","23":"product-type-variable"},"_links":{"self":[{"href":"https:\/\/www.infinitri.be\/de\/wp-json\/wp\/v2\/product\/28592","targetHints":{"allow":["GET"]}}],"collection":[{"href":"https:\/\/www.infinitri.be\/de\/wp-json\/wp\/v2\/product"}],"about":[{"href":"https:\/\/www.infinitri.be\/de\/wp-json\/wp\/v2\/types\/product"}],"replies":[{"embeddable":true,"href":"https:\/\/www.infinitri.be\/de\/wp-json\/wp\/v2\/comments?post=28592"}],"wp:featuredmedia":[{"embeddable":true,"href":"https:\/\/www.infinitri.be\/de\/wp-json\/wp\/v2\/media\/27955"}],"wp:attachment":[{"href":"https:\/\/www.infinitri.be\/de\/wp-json\/wp\/v2\/media?parent=28592"}],"wp:term":[{"taxonomy":"product_brand","embeddable":true,"href":"https:\/\/www.infinitri.be\/de\/wp-json\/wp\/v2\/product_brand?post=28592"},{"taxonomy":"product_cat","embeddable":true,"href":"https:\/\/www.infinitri.be\/de\/wp-json\/wp\/v2\/product_cat?post=28592"},{"taxonomy":"product_tag","embeddable":true,"href":"https:\/\/www.infinitri.be\/de\/wp-json\/wp\/v2\/product_tag?post=28592"}],"curies":[{"name":"wp","href":"https:\/\/api.w.org\/{rel}","templated":true}]}}