{"id":28598,"date":"2025-12-25T16:45:34","date_gmt":"2025-12-25T16:45:34","guid":{"rendered":"https:\/\/www.infinitri.be\/?post_type=product&#038;p=28598"},"modified":"2026-04-04T17:30:16","modified_gmt":"2026-04-04T16:30:16","slug":"arena-lightdrop-back-allover-rose-blackmulti-fille","status":"publish","type":"product","link":"https:\/\/www.infinitri.be\/de\/produkt\/arena-lightdrop-back-allover-rose-blackmulti-fille\/","title":{"rendered":"Arena - Lightdrop Back Allover rosa blackmulti - M\u00e4dchen"},"content":{"rendered":"","protected":false},"excerpt":{"rendered":"<p>MaxFit (80% Nylon, 20% Elastan) ist bis zu 240 Stunden chlor- und sonnenlichtbest\u00e4ndig. Der Badeanzug kann daher sowohl f\u00fcr gelegentliches Schwimmtraining als auch f\u00fcr das Freizeitschwimmen verwendet werden. Der Badeanzug f\u00fchlt sich sehr bequem und weich an, und dank dieser Eigenschaften ist der Badeanzug ein guter Begleiter f\u00fcr jede Schwimmerin. Das MaxFit-Material ist au\u00dferdem mit Lycra-Fasern angereichert, die dem Badeanzug eine gewisse Flexibilit\u00e4t und Formstabilit\u00e4t verleihen.<\/p>\n<p>Badeanz\u00fcge sind nicht gef\u00fcttert und trocknen daher schneller.<\/p>","protected":false},"featured_media":27976,"comment_status":"open","ping_status":"closed","template":"","meta":[],"product_brand":[326],"product_cat":[86,41],"product_tag":[],"class_list":{"0":"post-28598","1":"product","2":"type-product","3":"status-publish","4":"has-post-thumbnail","6":"product_brand-arena","7":"product_cat-maillots","8":"product_cat-natation","9":"zank_product_brands-arena","10":"nt-post-class","11":"","17":"first","18":"instock","19":"sale","20":"taxable","21":"shipping-taxable","22":"purchasable","23":"product-type-variable"},"_links":{"self":[{"href":"https:\/\/www.infinitri.be\/de\/wp-json\/wp\/v2\/product\/28598","targetHints":{"allow":["GET"]}}],"collection":[{"href":"https:\/\/www.infinitri.be\/de\/wp-json\/wp\/v2\/product"}],"about":[{"href":"https:\/\/www.infinitri.be\/de\/wp-json\/wp\/v2\/types\/product"}],"replies":[{"embeddable":true,"href":"https:\/\/www.infinitri.be\/de\/wp-json\/wp\/v2\/comments?post=28598"}],"wp:featuredmedia":[{"embeddable":true,"href":"https:\/\/www.infinitri.be\/de\/wp-json\/wp\/v2\/media\/27976"}],"wp:attachment":[{"href":"https:\/\/www.infinitri.be\/de\/wp-json\/wp\/v2\/media?parent=28598"}],"wp:term":[{"taxonomy":"product_brand","embeddable":true,"href":"https:\/\/www.infinitri.be\/de\/wp-json\/wp\/v2\/product_brand?post=28598"},{"taxonomy":"product_cat","embeddable":true,"href":"https:\/\/www.infinitri.be\/de\/wp-json\/wp\/v2\/product_cat?post=28598"},{"taxonomy":"product_tag","embeddable":true,"href":"https:\/\/www.infinitri.be\/de\/wp-json\/wp\/v2\/product_tag?post=28598"}],"curies":[{"name":"wp","href":"https:\/\/api.w.org\/{rel}","templated":true}]}}