{"id":28621,"date":"2025-12-25T16:45:37","date_gmt":"2025-12-25T16:45:37","guid":{"rendered":"https:\/\/www.infinitri.be\/?post_type=product&#038;p=28621"},"modified":"2026-04-04T17:30:16","modified_gmt":"2026-04-04T16:30:16","slug":"arena-jammer-placement-black-multi-garcon","status":"publish","type":"product","link":"https:\/\/www.infinitri.be\/de\/produkt\/arena-jammer-placement-black-multi-garcon\/","title":{"rendered":"Arena - Jammer Placement black multi- Jungen"},"content":{"rendered":"<p>Dieses umweltfreundliche MaxLife-Gewebe von Arena enth\u00e4lt mindestens 50 % recycelte Fasern, die aus PET-Flaschen gewonnen werden. Dar\u00fcber hinaus wurde der Produktionsprozess des Gewebes optimiert, um Energie zu sparen, CO\u00b2-Emissionen zu reduzieren und den Wasserverbrauch zu minimieren. Mit komfortablem Frontfutter. Der verstellbare innere Kordelzug sorgt f\u00fcr eine hervorragende Passform. Seitenl\u00e4nge: 36 cm. Jede Komponente des mit dem STANDARD 100 by OEKO-TEX\u00ae gekennzeichneten Gewebes wurde auf Schadstoffe gepr\u00fcft, wodurch sichergestellt ist, dass dieser Artikel f\u00fcr die menschliche Gesundheit unbedenklich ist. Die Pr\u00fcfung wird von den unabh\u00e4ngigen Partnerinstituten von arena OEKO-TEX\u00ae auf der Grundlage des umfangreichen Kriterienkatalogs von arena durchgef\u00fchrt.<\/p>","protected":false},"excerpt":{"rendered":"<p>Les Placement Jammers d&#8217;Arena Boys, \u00e9l\u00e9gants et durables, sont id\u00e9aux pour les nageurs r\u00e9guliers et les comp\u00e9titions. Le tissu MaxLife Eco, hautement r\u00e9sistant au chlore et dot\u00e9 d&#8217;une protection UV UPF 50+ int\u00e9gr\u00e9e, s\u00e8che tr\u00e8s rapidement et dure longtemps.<\/p>","protected":false},"featured_media":28003,"comment_status":"open","ping_status":"closed","template":"","meta":[],"product_brand":[326],"product_cat":[86,41],"product_tag":[],"class_list":{"0":"post-28621","1":"product","2":"type-product","3":"status-publish","4":"has-post-thumbnail","6":"product_brand-arena","7":"product_cat-maillots","8":"product_cat-natation","9":"zank_product_brands-arena","10":"nt-post-class","11":"","17":"first","18":"instock","19":"sale","20":"taxable","21":"shipping-taxable","22":"purchasable","23":"product-type-variable"},"_links":{"self":[{"href":"https:\/\/www.infinitri.be\/de\/wp-json\/wp\/v2\/product\/28621","targetHints":{"allow":["GET"]}}],"collection":[{"href":"https:\/\/www.infinitri.be\/de\/wp-json\/wp\/v2\/product"}],"about":[{"href":"https:\/\/www.infinitri.be\/de\/wp-json\/wp\/v2\/types\/product"}],"replies":[{"embeddable":true,"href":"https:\/\/www.infinitri.be\/de\/wp-json\/wp\/v2\/comments?post=28621"}],"wp:featuredmedia":[{"embeddable":true,"href":"https:\/\/www.infinitri.be\/de\/wp-json\/wp\/v2\/media\/28003"}],"wp:attachment":[{"href":"https:\/\/www.infinitri.be\/de\/wp-json\/wp\/v2\/media?parent=28621"}],"wp:term":[{"taxonomy":"product_brand","embeddable":true,"href":"https:\/\/www.infinitri.be\/de\/wp-json\/wp\/v2\/product_brand?post=28621"},{"taxonomy":"product_cat","embeddable":true,"href":"https:\/\/www.infinitri.be\/de\/wp-json\/wp\/v2\/product_cat?post=28621"},{"taxonomy":"product_tag","embeddable":true,"href":"https:\/\/www.infinitri.be\/de\/wp-json\/wp\/v2\/product_tag?post=28621"}],"curies":[{"name":"wp","href":"https:\/\/api.w.org\/{rel}","templated":true}]}}