{"id":28644,"date":"2025-12-25T16:45:40","date_gmt":"2025-12-25T16:45:40","guid":{"rendered":"https:\/\/www.infinitri.be\/?post_type=product&#038;p=28644"},"modified":"2026-04-04T17:30:06","modified_gmt":"2026-04-04T16:30:06","slug":"arena-icons-logo-super-fly-back-diamonds-one-piece","status":"publish","type":"product","link":"https:\/\/www.infinitri.be\/de\/produkt\/arena-icons-logo-super-fly-back-diamonds-one-piece\/","title":{"rendered":"Arena - Icons Logo Super Fly Back Diamonds One Piece"},"content":{"rendered":"<p>Le tissu MaxLife Eco ultra-r\u00e9sistant au chlore avec protection UV int\u00e9gr\u00e9e UPF 50+ est durable et s\u00e8che tr\u00e8s rapidement. Cette nouvelle version \u00e9co-responsable du tissu arenaMaxLife contient au moins 50% de polyester recycle \u00e0 partir de bouteilles en plastique PET. De plus, elle est issue d\u2019un processus de production optimise pour \u00e9conomiser de l&#8217;\u00e9nergie, r\u00e9duire les \u00e9missions de CO? et minimiser la consommation d\u2019eau. Le dos ouvert, les fines bretelles et l\u2019 \u00e9chancrure haute garantissent une libert\u00e9 de mouvement maximale, une excellente sensation sur l\u2019eau et r\u00e9duisent la tra\u00een\u00e9e. Tous les composants de ce tissu certifie STANDARD 100 by OEKO-TEX ont \u00e9t\u00e9 soumis \u00e0 des contr\u00f4les sur les substances dangereuses afin de garantir un article sans danger pour la sante humaine. Ces contr\u00f4les sont r\u00e9alis\u00e9s dans les instituts de notre partenaire OEKO-TEX ind\u00e9pendant en fonction d\u2019un ensemble complet de crit\u00e8res d\u2019essai.<\/p>\n<p><!--themify_builder_static-->    <em><\/em> <\/p>\n<h3> Chlorbest\u00e4ndig <\/h3>\n<p>Ja<\/p>\n<p>    <em><\/em> <\/p>\n<h3> Material <\/h3>\n<p>\u00a0MaxLife Eco<\/p>\n<p>    <em><\/em> <\/p>\n<h3> R\u00fccken <\/h3>\n<p>Super Fly<\/p>\n<p>    <em><\/em> <\/p>\n<h3> Schnitt <\/h3>\n<p>Coupe haute &#8211; sangles \u00e9troites<\/p>\n<p>    <em><\/em> <\/p>\n<h3> Futter <\/h3>\n<p>Vorderes Futter<\/p>\n<p>    <em><\/em> <\/p>\n<h3> Intensit\u00e4t des Trainings <\/h3>\n<p>Intensives Schwimmen<\/p>\n<p><!--\/themify_builder_static--><\/p>","protected":false},"excerpt":{"rendered":"<p>Le diamant est la pierre pr\u00e9cieuse la plus brillante et la plus r\u00e9sistante sur Terre. S&#8217;inspirant de son logo, la collection Diamonds d&#8217;arena est d\u00e9di\u00e9e \u00e0 la r\u00e9silience de chacun d&#8217;entre nous, qui, comme les diamants, brillons davantage lorsque nous sommes ensemble. Le une-pi\u00e8ce arena Diamonds \u00e0 dos Super Fly pour femmes est parfait tant pour celles qui pratiquent la natation r\u00e9guli\u00e8rement que pour les nageuses de comp\u00e9tition. Il est taill\u00e9 dans une mati\u00e8re de natation durable r\u00e9sistant au chlore, qui prot\u00e8ge la peau du soleil, s\u00e8che rapidement et est tr\u00e8s r\u00e9sistante. Le dos ouvert, associe \u00e0 des bretelles fines et \u00e0 une jambe \u00e0 haute \u00e9chancrure, offre une libert\u00e9 de mouvement maximale, une excellente sensation de l&#8217;eau et la r\u00e9duction de l&#8217;effet de tra\u00een\u00e9e.<\/p>","protected":false},"featured_media":28057,"comment_status":"open","ping_status":"closed","template":"","meta":[],"product_brand":[326],"product_cat":[86,41],"product_tag":[],"class_list":{"0":"post-28644","1":"product","2":"type-product","3":"status-publish","4":"has-post-thumbnail","6":"product_brand-arena","7":"product_cat-maillots","8":"product_cat-natation","9":"zank_product_brands-arena","10":"nt-post-class","11":"","17":"first","18":"instock","19":"sale","20":"taxable","21":"shipping-taxable","22":"purchasable","23":"product-type-variable"},"_links":{"self":[{"href":"https:\/\/www.infinitri.be\/de\/wp-json\/wp\/v2\/product\/28644","targetHints":{"allow":["GET"]}}],"collection":[{"href":"https:\/\/www.infinitri.be\/de\/wp-json\/wp\/v2\/product"}],"about":[{"href":"https:\/\/www.infinitri.be\/de\/wp-json\/wp\/v2\/types\/product"}],"replies":[{"embeddable":true,"href":"https:\/\/www.infinitri.be\/de\/wp-json\/wp\/v2\/comments?post=28644"}],"wp:featuredmedia":[{"embeddable":true,"href":"https:\/\/www.infinitri.be\/de\/wp-json\/wp\/v2\/media\/28057"}],"wp:attachment":[{"href":"https:\/\/www.infinitri.be\/de\/wp-json\/wp\/v2\/media?parent=28644"}],"wp:term":[{"taxonomy":"product_brand","embeddable":true,"href":"https:\/\/www.infinitri.be\/de\/wp-json\/wp\/v2\/product_brand?post=28644"},{"taxonomy":"product_cat","embeddable":true,"href":"https:\/\/www.infinitri.be\/de\/wp-json\/wp\/v2\/product_cat?post=28644"},{"taxonomy":"product_tag","embeddable":true,"href":"https:\/\/www.infinitri.be\/de\/wp-json\/wp\/v2\/product_tag?post=28644"}],"curies":[{"name":"wp","href":"https:\/\/api.w.org\/{rel}","templated":true}]}}