{"id":28664,"date":"2025-12-25T16:45:43","date_gmt":"2025-12-25T16:45:43","guid":{"rendered":"https:\/\/www.infinitri.be\/?post_type=product&#038;p=28664"},"modified":"2026-04-04T17:30:06","modified_gmt":"2026-04-04T16:30:06","slug":"arena-carnival-lightdrop-back-fille","status":"publish","type":"product","link":"https:\/\/www.infinitri.be\/de\/produkt\/arena-carnival-lightdrop-back-fille\/","title":{"rendered":"Arena - Carnival Lightdrop Back - M\u00e4dchen"},"content":{"rendered":"<p>Le tissu MaxLife Eco ultra-resistant au chlore avec protection UV integree UPF 50+ est durable et s\u00e8che tr\u00e8s rapidement. Cette nouvelle version eco-responsable du tissu arenaMaxLife contient au moins 50% de polyester recycle \u00e0 partir de bouteilles en plastique PET. De plus, elle est issue d\u2019un processus de production optimise pour economiser de l\u2019energie, reduire les emissions de CO? et minimiser la consommation d\u2019eau. Le dos ouvert et les fines bretelles garantissent une liberte de mouvement maximale, une excellente sensation sur l\u2019eau et reduisent la tra\u00eenee. Tous les composants de ce tissu certifie STANDARD 100 by OEKO-TEX ont ete soumis \u00e0 des contr\u00f4les sur les substances dangereuses afin de garantir un article sans danger pour la sante humaine. Ces contr\u00f4les sont realises dans les instituts de notre partenaire OEKO-TEX independant en fonction d\u2019un ensemble complet de crit\u00e8res d\u2019essai.<\/p>\n<p><!--themify_builder_static--><!--\/themify_builder_static--><\/p>","protected":false},"excerpt":{"rendered":"<p>Le maillot de bain ultra-durable, resistant au chlore et ultra-chic arena Carnival Lightdrop Back pour filles de la ligne Performance d\u2019arena est ideal pour les nageuses competitrices et les nageuses reguli\u00e8res, qui nagent souvent en piscine.<\/p>","protected":false},"featured_media":28096,"comment_status":"open","ping_status":"closed","template":"","meta":[],"product_brand":[326],"product_cat":[86,41],"product_tag":[],"class_list":{"0":"post-28664","1":"product","2":"type-product","3":"status-publish","4":"has-post-thumbnail","6":"product_brand-arena","7":"product_cat-maillots","8":"product_cat-natation","9":"zank_product_brands-arena","10":"nt-post-class","11":"","17":"first","18":"instock","19":"taxable","20":"shipping-taxable","21":"purchasable","22":"product-type-variable"},"_links":{"self":[{"href":"https:\/\/www.infinitri.be\/de\/wp-json\/wp\/v2\/product\/28664","targetHints":{"allow":["GET"]}}],"collection":[{"href":"https:\/\/www.infinitri.be\/de\/wp-json\/wp\/v2\/product"}],"about":[{"href":"https:\/\/www.infinitri.be\/de\/wp-json\/wp\/v2\/types\/product"}],"replies":[{"embeddable":true,"href":"https:\/\/www.infinitri.be\/de\/wp-json\/wp\/v2\/comments?post=28664"}],"wp:featuredmedia":[{"embeddable":true,"href":"https:\/\/www.infinitri.be\/de\/wp-json\/wp\/v2\/media\/28096"}],"wp:attachment":[{"href":"https:\/\/www.infinitri.be\/de\/wp-json\/wp\/v2\/media?parent=28664"}],"wp:term":[{"taxonomy":"product_brand","embeddable":true,"href":"https:\/\/www.infinitri.be\/de\/wp-json\/wp\/v2\/product_brand?post=28664"},{"taxonomy":"product_cat","embeddable":true,"href":"https:\/\/www.infinitri.be\/de\/wp-json\/wp\/v2\/product_cat?post=28664"},{"taxonomy":"product_tag","embeddable":true,"href":"https:\/\/www.infinitri.be\/de\/wp-json\/wp\/v2\/product_tag?post=28664"}],"curies":[{"name":"wp","href":"https:\/\/api.w.org\/{rel}","templated":true}]}}