{"id":28694,"date":"2025-12-25T16:45:47","date_gmt":"2025-12-25T16:45:47","guid":{"rendered":"https:\/\/www.infinitri.be\/?post_type=product&#038;p=28694"},"modified":"2026-04-04T17:29:58","modified_gmt":"2026-04-04T16:29:58","slug":"arena-powerskin-st-2-0-dos-ouvert-fille","status":"publish","type":"product","link":"https:\/\/www.infinitri.be\/de\/produkt\/arena-powerskin-st-2-0-dos-ouvert-fille\/","title":{"rendered":"Arena &#8211; Powerskin St 2.0 dos ouvert &#8211; Fille"},"content":{"rendered":"<p><!--themify_builder_static--><\/p>\n<h2>EN PRENDRE SOIN avec l&#8217;<br \/>\nEntretien<\/h2>\n<p>Afin que votre maillot de bain Arena vous procure les meilleures performances possibles pendant longtemps, nous vous recommandons de prendre les pr\u00e9cautions suivantes :<\/p>\n<ul>\n<li>Rincez imm\u00e9diatement apr\u00e8s utilisation, dans de l&#8217;eau non chlor\u00e9e<\/li>\n<li>Ne laissez pas le maillot de bain mouill\u00e9 dans un sac ou un autre espace ferm\u00e9 pendant une longue p\u00e9riode<\/li>\n<li>Ne pas exposer le maillot mouill\u00e9 dans un sac ou un autre r\u00e9cipient \u00e0 la lumi\u00e8re directe du soleil<\/li>\n<li>Laver avec des produits adapt\u00e9s aux v\u00eatements d\u00e9licats .<\/li>\n<li>S\u00e9cher \u00e0 l&#8217;air libre, loin des sources de chaleur.<\/li>\n<\/ul>\n<p><!--\/themify_builder_static--><\/p>","protected":false},"excerpt":{"rendered":"<p>Approuve par la FINA, ce maillot de competition pour fille \u00e0 dos nu fus\u00e8le le corps des \u00e9paules aux genoux. Le tissu ext\u00e9rieur a une \u00e9lasticit\u00e9 accrue et la doublure de compression r\u00e9sistante assurent une libert\u00e9 de mouvement totale et un soutien musculaire cibl\u00e9. Les coutures plates ergonomiques strat\u00e9giquement plac\u00e9es maintiennent la portance du corps dans l&#8217;eau. La bretelle centrale renforc\u00e9e avec de nouveaux mat\u00e9riaux am\u00e9liore le soutien et le confort des \u00e9paules et du haut du dos.<\/p>","protected":false},"featured_media":28133,"comment_status":"open","ping_status":"closed","template":"","meta":[],"product_brand":[326],"product_cat":[60,126,41],"product_tag":[],"class_list":{"0":"post-28694","1":"product","2":"type-product","3":"status-publish","4":"has-post-thumbnail","6":"product_brand-arena","7":"product_cat-fina","8":"product_cat-maillot-competition","9":"product_cat-natation","10":"zank_product_brands-arena","11":"nt-post-class","12":"","18":"first","19":"instock","20":"taxable","21":"shipping-taxable","22":"purchasable","23":"product-type-variable"},"_links":{"self":[{"href":"https:\/\/www.infinitri.be\/de\/wp-json\/wp\/v2\/product\/28694","targetHints":{"allow":["GET"]}}],"collection":[{"href":"https:\/\/www.infinitri.be\/de\/wp-json\/wp\/v2\/product"}],"about":[{"href":"https:\/\/www.infinitri.be\/de\/wp-json\/wp\/v2\/types\/product"}],"replies":[{"embeddable":true,"href":"https:\/\/www.infinitri.be\/de\/wp-json\/wp\/v2\/comments?post=28694"}],"wp:featuredmedia":[{"embeddable":true,"href":"https:\/\/www.infinitri.be\/de\/wp-json\/wp\/v2\/media\/28133"}],"wp:attachment":[{"href":"https:\/\/www.infinitri.be\/de\/wp-json\/wp\/v2\/media?parent=28694"}],"wp:term":[{"taxonomy":"product_brand","embeddable":true,"href":"https:\/\/www.infinitri.be\/de\/wp-json\/wp\/v2\/product_brand?post=28694"},{"taxonomy":"product_cat","embeddable":true,"href":"https:\/\/www.infinitri.be\/de\/wp-json\/wp\/v2\/product_cat?post=28694"},{"taxonomy":"product_tag","embeddable":true,"href":"https:\/\/www.infinitri.be\/de\/wp-json\/wp\/v2\/product_tag?post=28694"}],"curies":[{"name":"wp","href":"https:\/\/api.w.org\/{rel}","templated":true}]}}