{"id":28723,"date":"2025-12-25T16:45:50","date_gmt":"2025-12-25T16:45:50","guid":{"rendered":"https:\/\/www.infinitri.be\/?post_type=product&#038;p=28723"},"modified":"2026-04-04T17:29:58","modified_gmt":"2026-04-04T16:29:58","slug":"arena-powerskin-carbon-air%c2%b2-jammer","status":"publish","type":"product","link":"https:\/\/www.infinitri.be\/de\/produkt\/arena-powerskin-carbon-air%c2%b2-jammer\/","title":{"rendered":"Arena - Powerskin Carbon Air\u00b2 JAMMER"},"content":{"rendered":"<p><!--themify_builder_static-->\u00a0<\/p>\n<h1 style=\"text-align: center\" data-content-type=\"text\" data-appearance=\"default\" data-element=\"main\" data-pb-style=\"WTSTT5E\">POWERSKIN CARBON AIR\u00b2<\/h1>\n<h3 style=\"text-align: center\" data-content-type=\"text\" data-appearance=\"default\" data-element=\"main\" data-pb-style=\"WTSTT5E\">DIE KOMPRIMIERUNG WAR NOCH NIE SO ANGENEHM.<\/h3>\n<p><img decoding=\"async\" src=\"https:\/\/infinitri.be\/wp-content\/uploads\/2023\/02\/logo-fina-approved-200px.webp\" title=\"logo-fina-approved-200px\" alt=\"logo-fina-approved-200px\" \/><br \/>\n<img decoding=\"async\" src=\"https:\/\/infinitri.be\/wp-content\/uploads\/2023\/02\/arena-carbon-air-positive-logo-2021.webp\" title=\"arena-carbon-air-positive-logo-2021\" alt=\"arena-carbon-air-positive-logo-2021\" \/><br \/>\n<img decoding=\"async\" src=\"https:\/\/infinitri.be\/wp-content\/uploads\/2023\/02\/ARENA-LOGO-NEW-HORIZONTAL-BLACK-WHITE-POSITIVE-1024x724-336x75.jpg\" width=\"336\" height=\"75\" title=\"ARENA-LOGO-NEW-HORIZONTAL-BLACK-WHITE-POSITIVE\" alt=\"ARENA-LOGO-NEW-HORIZONTAL-BLACK-WHITE-POSITIVE\" \/><br \/>\n<img fetchpriority=\"high\" decoding=\"async\" src=\"https:\/\/infinitri.be\/wp-content\/uploads\/2023\/02\/arena-powerskin-carbon-air-2-carbon-band-fabric-1920x900-1-1024x480-580x600.webp\" width=\"580\" height=\"600\" title=\"arena-powerskin-carbon-air-2-carbon-band-fabric-1920x900\" alt=\"arena-powerskin-carbon-air-2-carbon-band-fabric-1920x900\" \/><\/p>\n<p><b>KOMPRESSION<\/b><\/p>\n<p>Bequemer Stoff mit Karbonstreifen<\/p>\n<p>Horizontale Karbonstreifen setzen an einem kritischen Dehnungspunkt an, um Kompression, Rumpfstabilit\u00e4t und Kraft zu gew\u00e4hrleisten, wann und wo immer es n\u00f6tig ist. Intelligente, leichtere Kompression mit dem Komfort einer zweiten Haut.<\/p>\n<p style=\"text-align: left\"><b>ZWEITHAUT-EFFEKT<\/b><\/p>\n<p>Einteilige KonstruktionDurch den Verzicht auf mehrere N\u00e4hte bietet der Carbon-Air2 h\u00f6chsten Komfort und nimmt weniger Wasser auf, was zu einem geringeren Luftwiderstand und einer verbesserten hydrodynamischen Wirkung f\u00fchrt. Au\u00dferdem ist er leichter anzuziehen.<\/p>\n<p><img decoding=\"async\" src=\"https:\/\/infinitri.be\/wp-content\/uploads\/2023\/02\/arena-powerskin-carbon-air-2-new-internal-lining-1920x900-1-1024x480-600x628.webp\" width=\"600\" height=\"628\" title=\"arena-powerskin-carbon-air-2-new-internal-lining-1920x900\" alt=\"arena-powerskin-carbon-air-2-new-internal-lining-1920x900\" \/><br \/>\n<img loading=\"lazy\" decoding=\"async\" src=\"https:\/\/infinitri.be\/wp-content\/uploads\/2023\/02\/arena-powerskin-carbon-air-2-single-piece-construction-1920x900-1-1024x480-580x600.webp\" width=\"580\" height=\"600\" title=\"arena-powerskin-carbon-air-2-single-piece-construction-1920x900\" alt=\"arena-powerskin-carbon-air-2-single-piece-construction-1920x900\" \/><\/p>\n<h3><strong>NEU GESTALTET F\u00dcR MEHR FREIHEIT<\/strong><\/h3>\n<p>Innenfutter.<\/p>\n<p>Das Innenfutter besteht aus drei separaten Bahnen, um eine gr\u00f6\u00dfere Bewegungsfreiheit zu erm\u00f6glichen. Das Ergebnis ist eine geringere Kompression im Brustbereich (Damenanz\u00fcge), weniger Druck auf den H\u00fcften und eine verbesserte Flexibilit\u00e4t.<\/p>\n<p><!--\/themify_builder_static--><\/p>","protected":false},"excerpt":{"rendered":"<p>Le Carbon-Air2 pr\u00e9sente deux grandes am\u00e9liorations : la doublure interne est con\u00e7ue avec 3 panneaux separes, offrant une plus grande libert\u00e9 de mouvement pour un poids inferieur la nouvelle structure d&#8217;un seul tenant offre un meilleur ajustement et de meilleures sensations avec ce maillot qui est comme une seconde peau. Carbon-Air2 est fabriqu\u00e9 avec le m\u00eame textile tiss\u00e9 \u00e9prouv\u00e9 que le Carbon-Air original, avec des bandes Carbon horizontales. On retrouve ainsi tous les avantages de ce tissu : l\u00e9g\u00e8ret\u00e9, compression, faible r\u00e9sistance. Gr\u00e2ce \u00e0 toutes ces qualit\u00e9s, le nouveau Carbon-Air2 est plus l\u00e9ger, flexible et confortable.<\/p>","protected":false},"featured_media":28171,"comment_status":"open","ping_status":"closed","template":"","meta":[],"product_brand":[326],"product_cat":[60,126,41],"product_tag":[],"class_list":{"0":"post-28723","1":"product","2":"type-product","3":"status-publish","4":"has-post-thumbnail","6":"product_brand-arena","7":"product_cat-fina","8":"product_cat-maillot-competition","9":"product_cat-natation","10":"zank_product_brands-arena","11":"nt-post-class","12":"","18":"first","19":"instock","20":"taxable","21":"shipping-taxable","22":"purchasable","23":"product-type-variable"},"_links":{"self":[{"href":"https:\/\/www.infinitri.be\/de\/wp-json\/wp\/v2\/product\/28723","targetHints":{"allow":["GET"]}}],"collection":[{"href":"https:\/\/www.infinitri.be\/de\/wp-json\/wp\/v2\/product"}],"about":[{"href":"https:\/\/www.infinitri.be\/de\/wp-json\/wp\/v2\/types\/product"}],"replies":[{"embeddable":true,"href":"https:\/\/www.infinitri.be\/de\/wp-json\/wp\/v2\/comments?post=28723"}],"wp:featuredmedia":[{"embeddable":true,"href":"https:\/\/www.infinitri.be\/de\/wp-json\/wp\/v2\/media\/28171"}],"wp:attachment":[{"href":"https:\/\/www.infinitri.be\/de\/wp-json\/wp\/v2\/media?parent=28723"}],"wp:term":[{"taxonomy":"product_brand","embeddable":true,"href":"https:\/\/www.infinitri.be\/de\/wp-json\/wp\/v2\/product_brand?post=28723"},{"taxonomy":"product_cat","embeddable":true,"href":"https:\/\/www.infinitri.be\/de\/wp-json\/wp\/v2\/product_cat?post=28723"},{"taxonomy":"product_tag","embeddable":true,"href":"https:\/\/www.infinitri.be\/de\/wp-json\/wp\/v2\/product_tag?post=28723"}],"curies":[{"name":"wp","href":"https:\/\/api.w.org\/{rel}","templated":true}]}}