{"id":28938,"date":"2025-12-25T17:00:34","date_gmt":"2025-12-25T17:00:34","guid":{"rendered":"https:\/\/www.infinitri.be\/?post_type=product&#038;p=28938"},"modified":"2026-04-04T17:35:31","modified_gmt":"2026-04-04T16:35:31","slug":"huub-safety-tow-float","status":"publish","type":"product","link":"https:\/\/www.infinitri.be\/de\/produkt\/huub-safety-tow-float\/","title":{"rendered":"Huub \u2013 Sicherheits-Schleppboje"},"content":{"rendered":"<p>Une fois gonfl\u00e9, le 16l Safety Tow Float peut \u00eatre attach\u00e9 \u00e0 l&#8217;aide d&#8217;une ceinture r\u00e9glable et d&#8217;une laisse. Fabriqu\u00e9es en PVC durable, elles sont 100 % \u00e9tanches et peuvent contenir des effets personnels, ce qui vous permet de garder vos affaires en s\u00e9curit\u00e9 et au sec pendant que vous nagez.<\/p>","protected":false},"excerpt":{"rendered":"<p>Les flotteurs de remorquage aux couleurs vives sont un \u00e9l\u00e9ment essentiel pour les nageurs de plein air et, pour certaines courses, ils sont obligatoires. Parfait pour les eaux o\u00f9 il y a des bateaux, le flotteur de remorquage augmentera votre visibilit\u00e9 dans l&#8217;eau, que vous nagiez seul ou en groupe, tout en n&#8217;interf\u00e9rant que tr\u00e8s peu avec votre nage (vous ne remarquerez pas sa pr\u00e9sence). Si vous devez vous reposer ou avez besoin d&#8217;aide, le flotteur de remorquage vous offrira un support flottant capable de supporter votre poids, et vous serez plus facile \u00e0 localiser. Si vous emmenez vos enfants en pleine mer, un flotteur de remorquage vous permettra de les rep\u00e9rer tr\u00e8s rapidement.<\/p>","protected":false},"featured_media":28989,"comment_status":"open","ping_status":"closed","template":"","meta":[],"product_brand":[286],"product_cat":[40,137,57,41,59],"product_tag":[],"class_list":{"0":"post-28938","1":"product","2":"type-product","3":"status-publish","4":"has-post-thumbnail","6":"product_brand-huub","7":"product_cat-accessoires","8":"product_cat-accessoires-eau-libre","9":"product_cat-accessoires-natation","10":"product_cat-natation","11":"product_cat-triathlon","12":"zank_product_brands-huub","13":"nt-post-class","14":"","20":"first","21":"instock","22":"taxable","23":"shipping-taxable","24":"purchasable","25":"product-type-variable"},"_links":{"self":[{"href":"https:\/\/www.infinitri.be\/de\/wp-json\/wp\/v2\/product\/28938","targetHints":{"allow":["GET"]}}],"collection":[{"href":"https:\/\/www.infinitri.be\/de\/wp-json\/wp\/v2\/product"}],"about":[{"href":"https:\/\/www.infinitri.be\/de\/wp-json\/wp\/v2\/types\/product"}],"replies":[{"embeddable":true,"href":"https:\/\/www.infinitri.be\/de\/wp-json\/wp\/v2\/comments?post=28938"}],"wp:featuredmedia":[{"embeddable":true,"href":"https:\/\/www.infinitri.be\/de\/wp-json\/wp\/v2\/media\/28989"}],"wp:attachment":[{"href":"https:\/\/www.infinitri.be\/de\/wp-json\/wp\/v2\/media?parent=28938"}],"wp:term":[{"taxonomy":"product_brand","embeddable":true,"href":"https:\/\/www.infinitri.be\/de\/wp-json\/wp\/v2\/product_brand?post=28938"},{"taxonomy":"product_cat","embeddable":true,"href":"https:\/\/www.infinitri.be\/de\/wp-json\/wp\/v2\/product_cat?post=28938"},{"taxonomy":"product_tag","embeddable":true,"href":"https:\/\/www.infinitri.be\/de\/wp-json\/wp\/v2\/product_tag?post=28938"}],"curies":[{"name":"wp","href":"https:\/\/api.w.org\/{rel}","templated":true}]}}