{"id":28941,"date":"2025-12-25T17:00:34","date_gmt":"2025-12-25T17:00:34","guid":{"rendered":"https:\/\/www.infinitri.be\/?post_type=product&#038;p=28941"},"modified":"2026-04-04T17:35:31","modified_gmt":"2026-04-04T16:35:31","slug":"huub-tt-bag","status":"publish","type":"product","link":"https:\/\/www.infinitri.be\/de\/produkt\/huub-tt-bag\/","title":{"rendered":"Huub \u2013 TT Bag"},"content":{"rendered":"<p>Er ist mit einer versteckten Helmhalterung aus Netzgewebe ausgestattet, die bei Nichtgebrauch mit einem Rei\u00dfverschluss verstaut werden kann, sodass Ihr Helm \u00fcberall sicher aufbewahrt ist. Dank der Nass- und Trockenf\u00e4cher k\u00f6nnen Sie sicher sein, dass Ihre trockenen Sachen immer griffbereit sind, w\u00e4hrend nasse Sachen sicher im wasserdichten Fach am Boden der Tasche verstaut werden k\u00f6nnen. Die dehnbaren Seitentaschen eignen sich perfekt f\u00fcr Trinkflaschen. Au\u00dferdem gibt es eine praktische Fronttasche mit Rei\u00dfverschluss f\u00fcr schnellen und einfachen Zugriff, ideal f\u00fcr Ihre elektronischen Ger\u00e4te, Schl\u00fcssel, Ihr Telefon usw.<br \/>\nDie verstellbaren und gepolsterten Schultergurte sorgen f\u00fcr optimalen Komfort. Der Brustgurt verteilt das Gewicht beim Motorradfahren, Laufen oder einfach nur auf dem t\u00e4glichen Weg zur Arbeit.<\/p>\n<p><strong>Eigenschaften<\/strong><\/p>\n<ul>\n<li>Volumen von 40 Litern<\/li>\n<li>Halterung f\u00fcr Helm mit Rei\u00dfverschluss<\/li>\n<li>Praktischer Tragegriff oben<\/li>\n<li>Wasserdichte Aufbewahrung f\u00fcr Ihren Neoprenanzug, Ihr Handtuch oder Ihre Badebekleidung.<\/li>\n<li>Stauf\u00e4cher f\u00fcr Schuhe und Helme<\/li>\n<li>Mehrere Taschen zur Aufbewahrung von Werkzeugen, Karten und anderen wichtigen Utensilien.<\/li>\n<li>Verstellbare, gepolsterte Gurte f\u00fcr besseren aktiven Komfort<\/li>\n<li>Gro\u00dfer Eingang f\u00fcr einfaches Verstauen von Gegenst\u00e4nden<\/li>\n<li>Reflektierende Verzierung f\u00fcr Wanderungen bei Nacht oder in den fr\u00fchen Morgenstunden<\/li>\n<li>Innentasche aus Netzstoff f\u00fcr Laptops<\/li>\n<li>Ges\u00e4\u00dftasche aus Netzgewebe<\/li>\n<li>Mehrere Innentaschen<\/li>\n<\/ul>","protected":false},"excerpt":{"rendered":"<p>Der ultimative Rucksack f\u00fcr Wettkampftage, Reisen, Training oder den t\u00e4glichen Weg zur Arbeit. Der Premium-TT-Rucksack von HUUB hat eine Tasche f\u00fcr alles, egal ob f\u00fcr Wettk\u00e4mpfe oder Training, im Schwimmbad oder auf der Laufbahn \u2013 mit seinem enormen Fassungsverm\u00f6gen von 40 Litern kann der TT-Rucksack alles aufnehmen.<\/p>","protected":false},"featured_media":28993,"comment_status":"open","ping_status":"closed","template":"","meta":[],"product_brand":[286],"product_cat":[40,137,16,58,59],"product_tag":[],"class_list":{"0":"post-28941","1":"product","2":"type-product","3":"status-publish","4":"has-post-thumbnail","6":"product_brand-huub","7":"product_cat-accessoires","8":"product_cat-accessoires-eau-libre","9":"product_cat-course","10":"product_cat-sacs","11":"product_cat-triathlon","12":"zank_product_brands-huub","13":"nt-post-class","14":"","20":"first","21":"instock","22":"taxable","23":"shipping-taxable","24":"purchasable","25":"product-type-variable"},"_links":{"self":[{"href":"https:\/\/www.infinitri.be\/de\/wp-json\/wp\/v2\/product\/28941","targetHints":{"allow":["GET"]}}],"collection":[{"href":"https:\/\/www.infinitri.be\/de\/wp-json\/wp\/v2\/product"}],"about":[{"href":"https:\/\/www.infinitri.be\/de\/wp-json\/wp\/v2\/types\/product"}],"replies":[{"embeddable":true,"href":"https:\/\/www.infinitri.be\/de\/wp-json\/wp\/v2\/comments?post=28941"}],"wp:featuredmedia":[{"embeddable":true,"href":"https:\/\/www.infinitri.be\/de\/wp-json\/wp\/v2\/media\/28993"}],"wp:attachment":[{"href":"https:\/\/www.infinitri.be\/de\/wp-json\/wp\/v2\/media?parent=28941"}],"wp:term":[{"taxonomy":"product_brand","embeddable":true,"href":"https:\/\/www.infinitri.be\/de\/wp-json\/wp\/v2\/product_brand?post=28941"},{"taxonomy":"product_cat","embeddable":true,"href":"https:\/\/www.infinitri.be\/de\/wp-json\/wp\/v2\/product_cat?post=28941"},{"taxonomy":"product_tag","embeddable":true,"href":"https:\/\/www.infinitri.be\/de\/wp-json\/wp\/v2\/product_tag?post=28941"}],"curies":[{"name":"wp","href":"https:\/\/api.w.org\/{rel}","templated":true}]}}