{"id":29078,"date":"2025-12-25T17:05:02","date_gmt":"2025-12-25T17:05:02","guid":{"rendered":"https:\/\/www.infinitri.be\/?post_type=product&#038;p=29078"},"modified":"2026-04-04T17:32:48","modified_gmt":"2026-04-04T16:32:48","slug":"compressport-full-socks-run","status":"publish","type":"product","link":"https:\/\/www.infinitri.be\/de\/produkt\/compressport-full-socks-run\/","title":{"rendered":"Compressport \u2013 Full Socks Run"},"content":{"rendered":"<p><!--themify_builder_static--><\/p>\n<h1 style=\"text-align: center\">Beschreibung \u2699<\/h1>\n<p style=\"text-align: left\">Fatigue repouss\u00e9e et performances am\u00e9lior\u00e9es gr\u00e2ce \u00e0 la r\u00e9duction des vibrations musculaires, ce qui vous aide \u00e0 maintenir la vitesse et l&#8217;intensit\u00e9 plus longtemps pendant l&#8217;effort.<br \/>\nSoutien musculaire de haut niveau au niveau des mollets, diminuant le risque de blessures et de crampes gr\u00e2ce \u00e0 une compression cibl\u00e9e \u00e0 360 degr\u00e9s<br \/>\nConfort optimal et absence d&#8217;irritation gr\u00e2ce \u00e0 une grande extensibilit\u00e9, un ajustement am\u00e9lior\u00e9 et d&#8217;excellentes propri\u00e9t\u00e9s de ventilation.<\/p>\n<p><img fetchpriority=\"high\" decoding=\"async\" src=\"https:\/\/infinitri.be\/wp-content\/uploads\/2023\/02\/compression-sock-black-545x545.jpg\" width=\"545\" height=\"545\" title=\"compression-sock-black\" alt=\"compression-sock-black\" \/><\/p>\n<h1>Technische Besonderheiten<\/h1>\n<ul>\n<li>R\u00e9duit les vibrations musculaires et augmente les performances<\/li>\n<li>Triathlon, running, trail et autres sports<\/li>\n<li>Adapt\u00e9 pour l&#8217;entra\u00eenement<\/li>\n<\/ul>\n<p>    <em style=\"color:#000000\"><\/em>COMPRESSION\u00a0 \u2605\u2605<\/p>\n<p>    <em style=\"color:#000000\"><\/em><\/p>\n<p style=\"text-align: left\">ABSORPTION DES CHOCS\u00a0 \u2605\u2605\u2605<\/p>\n<p>    <em style=\"color:#000000\"><\/em><\/p>\n<p style=\"text-align: left\">L\u00c9G\u00c8RET\u00c9 \u2605\u2605<\/p>\n<p>    <em style=\"color:#000000\"><\/em>THERMOR\u00c9GULATION \u2605\u2605<\/p>\n<h1 style=\"text-align: center\">Material \ud83d\udc56<\/h1>\n<p>87% Polyamide, 13% Elastane<img decoding=\"async\" src=\"https:\/\/www.compressport.com\/inter\/img\/prods_entretien.png\" \/><\/p>\n<p><img decoding=\"async\" src=\"https:\/\/infinitri.be\/wp-content\/uploads\/2023\/02\/full-socks-run-sodalite-blue-2-545x545.jpg\" width=\"545\" height=\"545\" title=\"full-socks-run-sodalite-blue\" alt=\"full-socks-run-sodalite-blue\" \/><br \/>\n<img decoding=\"async\" src=\"https:\/\/infinitri.be\/wp-content\/uploads\/2023\/02\/full-socks-run-sodalite-blue-1-545x545.jpg\" width=\"545\" height=\"545\" title=\"full-socks-run-sodalite-blue (1)\" alt=\"full-socks-run-sodalite-blue (1)\" \/><\/p>\n<h1 style=\"text-align: center\">Weitere Informationen\ud83d\udca1.<\/h1>\n<p style=\"text-align: left\">Un certain nombre de nos coureurs ont demand\u00e9 \u00e0 b\u00e9n\u00e9ficier des avantages d&#8217;une manche de compression int\u00e9gr\u00e9e dans une chaussette haute performance. Nous avons accept\u00e9 ! Les fibres douces et vaporeuses des Full Socks Run offrent une compression cibl\u00e9e aux muscles qui travaillent pour un soutien optimal pendant les s\u00e9ances sur route, sur piste ou sur sentier. Les dommages musculaires sont r\u00e9duits gr\u00e2ce \u00e0 l&#8217;amortissement des vibrations et la fatigue est retard\u00e9e, ce qui vous permet de rester concentr\u00e9 plus longtemps. \u00c9claboussures dans les flaques d&#8217;eau ou course sous la pluie, les chaussettes restent l\u00e9g\u00e8res gr\u00e2ce aux bandes de ventilation \u00e0 \u00e9vacuation rapide tiss\u00e9es directement dans le tissu. Notre technologie 3D.Dot absorbe les impacts, prot\u00e8ge les zones sensibles telles que le tendon d&#8217;Achille et procure un micro-massage pour augmenter le flux sanguin. Elle garantit \u00e9galement une excellente adh\u00e9rence du pied dans la chaussure, r\u00e9duisant ainsi le risque de surchauffe et d&#8217;ampoules caus\u00e9es par un mouvement excessif. Le support de vo\u00fbte plantaire int\u00e9gr\u00e9 emp\u00eache le tissu de se tordre et offre une stabilit\u00e9 rassurante sur les terrains rocheux, tandis que les fibres extensibles permettent aux orteils de se dilater naturellement \u00e0 l&#8217;impact pour une course instinctive et fluide. La chaussette de compression noire tr\u00e8s classe peut \u00e9galement \u00eatre port\u00e9e avant l&#8217;activit\u00e9 pour favoriser la circulation sanguine et pr\u00e9parer les muscles et l&#8217;esprit \u00e0 l&#8217;effort.<br \/>\nDu marathon de Boston aux sentiers du Mont Blanc, choisissez les Full Socks Run pour une protection et des performances \u00e9l\u00e9gantes.<\/p>\n<p><!--\/themify_builder_static--><\/p>","protected":false},"excerpt":{"rendered":"<p>Les fibres douces et vaporeuses des Full Socks Run offrent une compression cibl\u00e9e aux muscles qui travaillent pour un soutien optimal pendant les s\u00e9ances sur route, sur piste ou sur sentier \u2b07<\/p>","protected":false},"featured_media":29136,"comment_status":"open","ping_status":"closed","template":"","meta":[],"product_brand":[329],"product_cat":[40,16],"product_tag":[],"class_list":{"0":"post-29078","1":"product","2":"type-product","3":"status-publish","4":"has-post-thumbnail","6":"product_brand-compressport","7":"product_cat-accessoires","8":"product_cat-course","9":"zank_product_brands-compressport","10":"nt-post-class","11":"","17":"first","18":"instock","19":"taxable","20":"shipping-taxable","21":"purchasable","22":"product-type-variable"},"_links":{"self":[{"href":"https:\/\/www.infinitri.be\/de\/wp-json\/wp\/v2\/product\/29078","targetHints":{"allow":["GET"]}}],"collection":[{"href":"https:\/\/www.infinitri.be\/de\/wp-json\/wp\/v2\/product"}],"about":[{"href":"https:\/\/www.infinitri.be\/de\/wp-json\/wp\/v2\/types\/product"}],"replies":[{"embeddable":true,"href":"https:\/\/www.infinitri.be\/de\/wp-json\/wp\/v2\/comments?post=29078"}],"wp:featuredmedia":[{"embeddable":true,"href":"https:\/\/www.infinitri.be\/de\/wp-json\/wp\/v2\/media\/29136"}],"wp:attachment":[{"href":"https:\/\/www.infinitri.be\/de\/wp-json\/wp\/v2\/media?parent=29078"}],"wp:term":[{"taxonomy":"product_brand","embeddable":true,"href":"https:\/\/www.infinitri.be\/de\/wp-json\/wp\/v2\/product_brand?post=29078"},{"taxonomy":"product_cat","embeddable":true,"href":"https:\/\/www.infinitri.be\/de\/wp-json\/wp\/v2\/product_cat?post=29078"},{"taxonomy":"product_tag","embeddable":true,"href":"https:\/\/www.infinitri.be\/de\/wp-json\/wp\/v2\/product_tag?post=29078"}],"curies":[{"name":"wp","href":"https:\/\/api.w.org\/{rel}","templated":true}]}}