{"id":29089,"date":"2025-12-25T17:05:28","date_gmt":"2025-12-25T17:05:28","guid":{"rendered":"https:\/\/www.infinitri.be\/?post_type=product&#038;p=29089"},"modified":"2026-04-04T17:32:48","modified_gmt":"2026-04-04T16:32:48","slug":"compressport-r2-oxygen-2022","status":"publish","type":"product","link":"https:\/\/www.infinitri.be\/de\/produkt\/compressport-r2-oxygen-2022\/","title":{"rendered":"Compressport \u2013 R2 Oxygen 2022"},"content":{"rendered":"<p>Eigenschaften :<\/p>\n<p>L&#8217;oxyg\u00e8ne R2 augmente la r\u00e9sistance \u00e0 l&#8217;effort<br \/>\nLes muscles sont plus performants sur de longues distances et r\u00e9cup\u00e8rent plus rapidement apr\u00e8s l&#8217;effort<br \/>\nLes bandes de ventilation sont int\u00e9gr\u00e9es directement dans les fibres ultra-extensibles<br \/>\nR\u00e9duit les dommages musculaires de 29%<\/p>","protected":false},"excerpt":{"rendered":"<p>Caract\u00e9ristiques : L&#8217;oxyg\u00e8ne R2 augmente la r\u00e9sistance \u00e0 l&#8217;effort Les muscles sont plus performants sur de longues distances et r\u00e9cup\u00e8rent plus rapidement apr\u00e8s l&#8217;effort Les bandes de ventilation sont int\u00e9gr\u00e9es directement dans les fibres ultra-extensibles R\u00e9duit les dommages musculaires de 29%<\/p>","protected":false},"featured_media":29157,"comment_status":"open","ping_status":"closed","template":"","meta":[],"product_brand":[329],"product_cat":[40,155,16,59],"product_tag":[],"class_list":{"0":"post-29089","1":"product","2":"type-product","3":"status-publish","4":"has-post-thumbnail","6":"product_brand-compressport","7":"product_cat-accessoires","8":"product_cat-compression","9":"product_cat-course","10":"product_cat-triathlon","11":"zank_product_brands-compressport","12":"nt-post-class","13":"","16":"excerpt-none","19":"first","20":"instock","21":"sale","22":"taxable","23":"shipping-taxable","24":"purchasable","25":"product-type-variable"},"_links":{"self":[{"href":"https:\/\/www.infinitri.be\/de\/wp-json\/wp\/v2\/product\/29089","targetHints":{"allow":["GET"]}}],"collection":[{"href":"https:\/\/www.infinitri.be\/de\/wp-json\/wp\/v2\/product"}],"about":[{"href":"https:\/\/www.infinitri.be\/de\/wp-json\/wp\/v2\/types\/product"}],"replies":[{"embeddable":true,"href":"https:\/\/www.infinitri.be\/de\/wp-json\/wp\/v2\/comments?post=29089"}],"wp:featuredmedia":[{"embeddable":true,"href":"https:\/\/www.infinitri.be\/de\/wp-json\/wp\/v2\/media\/29157"}],"wp:attachment":[{"href":"https:\/\/www.infinitri.be\/de\/wp-json\/wp\/v2\/media?parent=29089"}],"wp:term":[{"taxonomy":"product_brand","embeddable":true,"href":"https:\/\/www.infinitri.be\/de\/wp-json\/wp\/v2\/product_brand?post=29089"},{"taxonomy":"product_cat","embeddable":true,"href":"https:\/\/www.infinitri.be\/de\/wp-json\/wp\/v2\/product_cat?post=29089"},{"taxonomy":"product_tag","embeddable":true,"href":"https:\/\/www.infinitri.be\/de\/wp-json\/wp\/v2\/product_tag?post=29089"}],"curies":[{"name":"wp","href":"https:\/\/api.w.org\/{rel}","templated":true}]}}