{"id":29380,"date":"2025-12-25T17:16:12","date_gmt":"2025-12-25T17:16:12","guid":{"rendered":"https:\/\/www.infinitri.be\/?post_type=product&#038;p=29380"},"modified":"2026-04-04T17:35:15","modified_gmt":"2026-04-04T16:35:15","slug":"huub-aura-2-femme","status":"publish","type":"product","link":"https:\/\/www.infinitri.be\/de\/produkt\/huub-aura-2-femme\/","title":{"rendered":"Huub \u2013 Aura 2 \u2013 Damen"},"content":{"rendered":"<p>DIE UNUMG\u00c4NGLICHE WAHL DER FRAUEN DER WELTELITE<\/p>\n<p>Wir waren der Meinung, dass es an der Zeit war, dass der Schwimmanzug f\u00fcr Frauen mehr ist als ein wohlgeformter M\u00e4nneranzug, der mit Kurven und Mustern entworfen wurde, die sich einfach an die Form der Frau anpassen. Wir nahmen uns die Zeit, die Bed\u00fcrfnisse der weiblichen Schwimmsportlerin genauer zu untersuchen.<\/p>\n<p>Meine Damen, Sie sind anders, ja, sagen Sie nicht, dass wir hier bei HUUB kein Haufen Nerds sind. Wir wissen, dass Sie kl\u00fcger, brillanter und absolut r\u00fccksichtsvoller sind als Ihre m\u00e4nnlichen Kollegen. Aber wir haben auch ein paar andere Unterschiede festgestellt: Sie haben weniger dichte Muskeln, neigen viel seltener zu einem Schwimmstil, der die Beine untergehen l\u00e4sst, und Sie brauchen ganz sicher nicht diese Anz\u00fcge, die aussehen wie die von Superhelden.<\/p>\n<p>Die einzigartigen Auftriebsstufen des HUUB Aura-Anzugs erm\u00f6glichen es dem Schwimmer, einen effektiven Kick und eine Position auf der Wasserlinie beizubehalten, die so konzipiert ist, dass die Str\u00f6mung um den K\u00f6rper herum maximiert und die Schwimmgeschwindigkeit verbessert wird, indem der K\u00f6rper nicht zu hoch aus dem Wasser gehoben wird.<\/p>\n<p>Die exklusive und zum Patent angemeldete Arms Neutral-Technologie bietet eine v\u00f6llig neue Rotationsfreiheit.<\/p>\n<p>Hochwertiges Neopren.<\/p>\n<p>Rei\u00dfverschluss f\u00fcr die schnellsten \u00dcberg\u00e4nge.<\/p>\n<p>Gepresste Halskante f\u00fcr mehr Komfort.<\/p>\n<p>Einzigartiges Auftriebsprofil f\u00fcr Frauen.<\/p>\n<p>Ausgew\u00e4hlt und verfeinert von den schnellsten Schwimmerinnen im Triathlon.<\/p>\n<p>Wir haben Fragen gestellt und Tests durchgef\u00fchrt, um herauszufinden, dass ein Taucheranzug f\u00fcr Frauen mehr sein muss als ein neu gestalteter Taucheranzug f\u00fcr M\u00e4nner.<\/p>\n<p>Neopren 90% - Nylon 10%<\/p>\n<p><!--themify_builder_static--><!--\/themify_builder_static--><\/p>","protected":false},"excerpt":{"rendered":"<p>Die unumg\u00e4ngliche Wahl der Weltelite<\/p>","protected":false},"featured_media":29397,"comment_status":"open","ping_status":"closed","template":"","meta":[],"product_brand":[286],"product_cat":[130,141,59],"product_tag":[],"class_list":{"0":"post-29380","1":"product","2":"type-product","3":"status-publish","4":"has-post-thumbnail","6":"product_brand-huub","7":"product_cat-combinaison-neoprene","8":"product_cat-outlet","9":"product_cat-triathlon","10":"zank_product_brands-huub","11":"nt-post-class","12":"","18":"first","19":"instock","20":"sale","21":"taxable","22":"shipping-taxable","23":"purchasable","24":"product-type-variable"},"_links":{"self":[{"href":"https:\/\/www.infinitri.be\/de\/wp-json\/wp\/v2\/product\/29380","targetHints":{"allow":["GET"]}}],"collection":[{"href":"https:\/\/www.infinitri.be\/de\/wp-json\/wp\/v2\/product"}],"about":[{"href":"https:\/\/www.infinitri.be\/de\/wp-json\/wp\/v2\/types\/product"}],"replies":[{"embeddable":true,"href":"https:\/\/www.infinitri.be\/de\/wp-json\/wp\/v2\/comments?post=29380"}],"wp:featuredmedia":[{"embeddable":true,"href":"https:\/\/www.infinitri.be\/de\/wp-json\/wp\/v2\/media\/29397"}],"wp:attachment":[{"href":"https:\/\/www.infinitri.be\/de\/wp-json\/wp\/v2\/media?parent=29380"}],"wp:term":[{"taxonomy":"product_brand","embeddable":true,"href":"https:\/\/www.infinitri.be\/de\/wp-json\/wp\/v2\/product_brand?post=29380"},{"taxonomy":"product_cat","embeddable":true,"href":"https:\/\/www.infinitri.be\/de\/wp-json\/wp\/v2\/product_cat?post=29380"},{"taxonomy":"product_tag","embeddable":true,"href":"https:\/\/www.infinitri.be\/de\/wp-json\/wp\/v2\/product_tag?post=29380"}],"curies":[{"name":"wp","href":"https:\/\/api.w.org\/{rel}","templated":true}]}}