{"id":29400,"date":"2025-12-25T17:17:13","date_gmt":"2025-12-25T17:17:13","guid":{"rendered":"https:\/\/www.infinitri.be\/?post_type=product&#038;p=29400"},"modified":"2026-04-04T17:34:02","modified_gmt":"2026-04-04T16:34:02","slug":"fusion-manchettes","status":"publish","type":"product","link":"https:\/\/www.infinitri.be\/de\/produkt\/fusion-manchettes\/","title":{"rendered":"Fusion-Schlagzeilen"},"content":{"rendered":"<ul>\n<li>\u00c9vacuation active et protection contre le vent mod\u00e9r\u00e9e pour un confort accru \u00e0 des temp\u00e9ratures ext\u00e9rieures variables.<\/li>\n<li>Facile \u00e0 mettre et \u00e0 enlever.<\/li>\n<li>Produit unisexe.<\/li>\n<li>Tissu fabriqu\u00e9 en Italie.<\/li>\n<li>Fabriqu\u00e9 en Europe au FUSION.FACTORY.<\/li>\n<li>Produit certifi\u00e9 STANDARD 100 par OEKO-TEX\u00ae. Cela signifie que tous les composants, tels que tissus, fils, transferts, fermetures \u00e9clair, \u00e9lastiques, \u00e9tiquettes, etc., sont test\u00e9s et approuv\u00e9s conform\u00e9ment \u00e0 la norme et ne contiennent donc pas de substances nocives.<\/li>\n<\/ul>\n<p>&nbsp;<\/p>\n<h4 class=\"product_extras--specs\">\u00a0PROTECTION AU VENT\u2605\u2605\u2605\u2605<\/h4>\n<h4 class=\"product_extras--specs\">\u00a0PROTECTION PLUIE\u2605\u2605\u2605\u2605<\/h4>\n<h4 class=\"product_extras--specs\">\u00a0LEGERETE\u2605\u2605\u2605\u2605<\/h4>\n<h4 class=\"product_extras--specs\">NIVEAU DE COMPRESSION\u2605\u2605\u2605<\/h4>\n<h4 class=\"product_extras--specs\">TIGHT FIT\u2605\u2605\u2605\u2605<\/h4>","protected":false},"excerpt":{"rendered":"<p>&nbsp;<\/p>\n<p>Manchettes pour l\u2019entra\u00eenement et la comp\u00e9tition\u00a0 pour les hommes et les femmes.<\/p>\n<p>Le tissu offre un bon confort, ainsi qu\u2019une transpiration active et une protection contre le vent mod\u00e9r\u00e9e.<\/p>\n<p>La coupe est serr\u00e9e.<\/p>","protected":false},"featured_media":29419,"comment_status":"open","ping_status":"closed","template":"","meta":[],"product_brand":[331],"product_cat":[40,140,37],"product_tag":[193],"class_list":{"0":"post-29400","1":"product","2":"type-product","3":"status-publish","4":"has-post-thumbnail","6":"product_brand-fusion","7":"product_cat-accessoires","8":"product_cat-accessoires-cyclisme","9":"product_cat-cyclisme","10":"product_tag-fusion","11":"zank_product_brands-fusion","12":"nt-post-class","13":"","19":"first","20":"instock","21":"taxable","22":"shipping-taxable","23":"purchasable","24":"product-type-variable"},"_links":{"self":[{"href":"https:\/\/www.infinitri.be\/de\/wp-json\/wp\/v2\/product\/29400","targetHints":{"allow":["GET"]}}],"collection":[{"href":"https:\/\/www.infinitri.be\/de\/wp-json\/wp\/v2\/product"}],"about":[{"href":"https:\/\/www.infinitri.be\/de\/wp-json\/wp\/v2\/types\/product"}],"replies":[{"embeddable":true,"href":"https:\/\/www.infinitri.be\/de\/wp-json\/wp\/v2\/comments?post=29400"}],"wp:featuredmedia":[{"embeddable":true,"href":"https:\/\/www.infinitri.be\/de\/wp-json\/wp\/v2\/media\/29419"}],"wp:attachment":[{"href":"https:\/\/www.infinitri.be\/de\/wp-json\/wp\/v2\/media?parent=29400"}],"wp:term":[{"taxonomy":"product_brand","embeddable":true,"href":"https:\/\/www.infinitri.be\/de\/wp-json\/wp\/v2\/product_brand?post=29400"},{"taxonomy":"product_cat","embeddable":true,"href":"https:\/\/www.infinitri.be\/de\/wp-json\/wp\/v2\/product_cat?post=29400"},{"taxonomy":"product_tag","embeddable":true,"href":"https:\/\/www.infinitri.be\/de\/wp-json\/wp\/v2\/product_tag?post=29400"}],"curies":[{"name":"wp","href":"https:\/\/api.w.org\/{rel}","templated":true}]}}