{"id":29408,"date":"2025-12-25T17:17:13","date_gmt":"2025-12-25T17:17:13","guid":{"rendered":"https:\/\/www.infinitri.be\/?post_type=product&#038;p=29408"},"modified":"2026-04-04T17:29:42","modified_gmt":"2026-04-04T16:29:42","slug":"arena-50th-swimsuit-one-tech-back-one-piece-black-multi-gold","status":"publish","type":"product","link":"https:\/\/www.infinitri.be\/de\/produkt\/arena-50th-swimsuit-one-tech-back-one-piece-black-multi-gold\/","title":{"rendered":"Arena \u2013 50th Swimsuit One Tech Back One Piece schwarz multi gold"},"content":{"rendered":"<p>&nbsp;<\/p>\n<p>Tissu:Le tissu le plus avanc\u00e9 et le plus durable d&#8217;Arena, les combinaisons MaxLife Eco 100% Polyester dont 51% \u00e0\u00a0 53 % recycl\u00e9s sont con\u00e7ues pour offrir un maximum de confort, d&#8217;amplitude de mouvement et de r\u00e9sistance au chlore aux nageurs de comp\u00e9tition les plus exigeants, tout en conservant une douceur, une durabilit\u00e9 et des performances sup\u00e9rieures tout au long de la saison. Design + Fit:B\u00e9n\u00e9ficiez d&#8217;une flexibilit\u00e9 totale pendant vos s\u00e9ances d&#8217;entra\u00eenement. Ce maillot de bain ultra-f\u00e9minin pour femmes pr\u00e9sente notre forme Tech One ouverte au dos avec une d\u00e9coupe s\u00e9duisante. Il est dot\u00e9 d&#8217;une encolure haute et d&#8217;une jambe de taille moyenne. Doubl\u00e9 \u00e0 l&#8217;avant pour une couverture conservatrice.<\/p>\n<p><!--themify_builder_static-->    <em><\/em> <\/p>\n<h3> Chlorbest\u00e4ndig <\/h3>\n<p>Ja<\/p>\n<p>    <em><\/em> <\/p>\n<h3> Material <\/h3>\n<p>\u00a0MaxLife Eco<\/p>\n<p>    <em><\/em> <\/p>\n<h3> R\u00fccken <\/h3>\n<p>Tech One<\/p>\n<p>    <em><\/em> <\/p>\n<h3> Schnitt <\/h3>\n<p>Coupe moyenne- sangles larges<\/p>\n<p>    <em><\/em> <\/p>\n<h3> Futter <\/h3>\n<p>Vorderes Futter<\/p>\n<p>    <em><\/em> <\/p>\n<h3> Intensit\u00e4t des Trainings <\/h3>\n<p>Intensives Schwimmen<\/p>\n<p><!--\/themify_builder_static--><\/p>","protected":false},"excerpt":{"rendered":"<p>Nous sommes des nageurs l\u00e9gendaires depuis 1973. Pour c\u00e9l\u00e9brer cinquante ans d\u2019innovation en maillot de bain, nous avons cr\u00e9\u00e9 une collection capsule combinant nos designs les plus avanc\u00e9s et nos styles patrimoniaux. Notre 50e Black Tech One One One-Piece pour femmes est l\u2019incarnation parfaite du pass\u00e9 et du futur avec son logo imprim\u00e9 r\u00e9tro et sa technologie One avec z\u00e9ro coutures lat\u00e9rales. Fait pour la natation intensive.<\/p>","protected":false},"featured_media":29441,"comment_status":"open","ping_status":"closed","template":"","meta":[],"product_brand":[326],"product_cat":[86,41],"product_tag":[],"class_list":{"0":"post-29408","1":"product","2":"type-product","3":"status-publish","4":"has-post-thumbnail","6":"product_brand-arena","7":"product_cat-maillots","8":"product_cat-natation","9":"zank_product_brands-arena","10":"nt-post-class","11":"","17":"first","18":"instock","19":"sale","20":"taxable","21":"shipping-taxable","22":"purchasable","23":"product-type-variable"},"_links":{"self":[{"href":"https:\/\/www.infinitri.be\/de\/wp-json\/wp\/v2\/product\/29408","targetHints":{"allow":["GET"]}}],"collection":[{"href":"https:\/\/www.infinitri.be\/de\/wp-json\/wp\/v2\/product"}],"about":[{"href":"https:\/\/www.infinitri.be\/de\/wp-json\/wp\/v2\/types\/product"}],"replies":[{"embeddable":true,"href":"https:\/\/www.infinitri.be\/de\/wp-json\/wp\/v2\/comments?post=29408"}],"wp:featuredmedia":[{"embeddable":true,"href":"https:\/\/www.infinitri.be\/de\/wp-json\/wp\/v2\/media\/29441"}],"wp:attachment":[{"href":"https:\/\/www.infinitri.be\/de\/wp-json\/wp\/v2\/media?parent=29408"}],"wp:term":[{"taxonomy":"product_brand","embeddable":true,"href":"https:\/\/www.infinitri.be\/de\/wp-json\/wp\/v2\/product_brand?post=29408"},{"taxonomy":"product_cat","embeddable":true,"href":"https:\/\/www.infinitri.be\/de\/wp-json\/wp\/v2\/product_cat?post=29408"},{"taxonomy":"product_tag","embeddable":true,"href":"https:\/\/www.infinitri.be\/de\/wp-json\/wp\/v2\/product_tag?post=29408"}],"curies":[{"name":"wp","href":"https:\/\/api.w.org\/{rel}","templated":true}]}}