{"id":29416,"date":"2025-12-25T17:17:13","date_gmt":"2025-12-25T17:17:13","guid":{"rendered":"https:\/\/www.infinitri.be\/?post_type=product&#038;p=29416"},"modified":"2026-04-10T07:33:41","modified_gmt":"2026-04-10T06:33:41","slug":"arena-50th-gold-swimsuit-superfly-back-gold-multi-black","status":"publish","type":"product","link":"https:\/\/www.infinitri.be\/de\/produkt\/arena-50th-gold-swimsuit-superfly-back-gold-multi-black\/","title":{"rendered":"Arena \u2013 50th Gold Swimsuit Superfly Back gold multi black"},"content":{"rendered":"<p><strong>Natation Intensive<\/strong><br \/>\nD\u00e9velopp\u00e9 avec une haute r\u00e9sistance au chlore pour g\u00e9rer de nombreuses s\u00e9ances de natation.<\/p>\n<p><strong>Coupe High Cut<\/strong><br \/>\nL\u2019ouverture des jambes est coup\u00e9e haut sur les hanches pour un look \u00e9pur\u00e9 et une amplitude de mouvement optimale.<\/p>\n<p><strong>D\u00e9coupe<\/strong><br \/>\nFormes strat\u00e9giques d\u00e9coup\u00e9es \u00e0 l\u2019arri\u00e8re ou sur les c\u00f4t\u00e9s du maillot de bain dans diff\u00e9rentes tailles.<\/p>\n<p><strong>Instructions relatives d&#8217;entretien<\/strong><\/p>\n<p>Afin de vous assurer que votre maillot de bain Arena vous offre la meilleure performance possible pour longtemps, nous vous recommandons de prendre les pr\u00e9cautions suivantes\u00a0:<\/p>\n<p>-rincer imm\u00e9diatement apr\u00e8s utilisation, dans de l\u2019eau non chlor\u00e9e;<br \/>\n-ne pas laisser le maillot de bain mouill\u00e9 longtemps dans un sac ou un autre contenant;<br \/>\n-ne pas exposer le maillot de bain mouill\u00e9 dans un sac ou un autre contenant \u00e0 la lumi\u00e8re directe du soleil;<br \/>\n-laver avec des d\u00e9tergents adapt\u00e9s aux v\u00eatements d\u00e9licats;<br \/>\n-s\u00e9cher \u00e0 l\u2019air loin des sources de chaleur.<br \/>\n-Suivez les instructions de lavage indiqu\u00e9es sur l\u2019\u00e9tiquette de votre produit.<br \/>\n-L\u2019\u00e9tiquette fournit des symboles utiles donnant des informations sur la meilleure fa\u00e7on d\u2019en prendre soin.<\/p>\n<p>&nbsp;<\/p>\n<p>&nbsp;<\/p>","protected":false},"excerpt":{"rendered":"<p>Il y a 50 ans, nous avons commenc\u00e9 notre voyage en r\u00e9volutionnant les maillots de bain pour les athl\u00e8tes aquatiques. Con\u00e7u pour les nageurs comp\u00e9titeurs et fr\u00e9quents, notre One-Piece 50th Gold Super Fly rend hommage \u00e0 nos racines des ann\u00e9es 1970 avec notre cr\u00e9ation originale de maillot de bain comp\u00e9titif pour femmes et un motif inspir\u00e9 de notre logo de 1973. Le dos ouvert et la jambe haute offrent une libert\u00e9 de mouvement extraordinaire et une sensation d\u2019eau proche.<\/p>\n<p>Tissu<br \/>\nR\u00e9sistant \u00e0 100\u00a0% au chlore, MaxLife Eco est notre nouveau tissu de maillot de bain con\u00e7u de mani\u00e8re responsable pour une performance durable. Fabriqu\u00e9 \u00e0 partir d\u2019au moins 50% de polyester recycl\u00e9, ce mat\u00e9riau innovant s\u2019adapte bien et maintient la forme au fil du temps. Int\u00e9gr\u00e9 avec une protection UV de 50+ et rapide \u00e0 s\u00e9cher.<\/p>","protected":false},"featured_media":29466,"comment_status":"open","ping_status":"closed","template":"","meta":[],"product_brand":[326],"product_cat":[86,41],"product_tag":[],"class_list":{"0":"post-29416","1":"product","2":"type-product","3":"status-publish","4":"has-post-thumbnail","6":"product_brand-arena","7":"product_cat-maillots","8":"product_cat-natation","9":"zank_product_brands-arena","10":"nt-post-class","11":"","17":"first","18":"instock","19":"sale","20":"taxable","21":"shipping-taxable","22":"purchasable","23":"product-type-variable"},"_links":{"self":[{"href":"https:\/\/www.infinitri.be\/de\/wp-json\/wp\/v2\/product\/29416","targetHints":{"allow":["GET"]}}],"collection":[{"href":"https:\/\/www.infinitri.be\/de\/wp-json\/wp\/v2\/product"}],"about":[{"href":"https:\/\/www.infinitri.be\/de\/wp-json\/wp\/v2\/types\/product"}],"replies":[{"embeddable":true,"href":"https:\/\/www.infinitri.be\/de\/wp-json\/wp\/v2\/comments?post=29416"}],"wp:featuredmedia":[{"embeddable":true,"href":"https:\/\/www.infinitri.be\/de\/wp-json\/wp\/v2\/media\/29466"}],"wp:attachment":[{"href":"https:\/\/www.infinitri.be\/de\/wp-json\/wp\/v2\/media?parent=29416"}],"wp:term":[{"taxonomy":"product_brand","embeddable":true,"href":"https:\/\/www.infinitri.be\/de\/wp-json\/wp\/v2\/product_brand?post=29416"},{"taxonomy":"product_cat","embeddable":true,"href":"https:\/\/www.infinitri.be\/de\/wp-json\/wp\/v2\/product_cat?post=29416"},{"taxonomy":"product_tag","embeddable":true,"href":"https:\/\/www.infinitri.be\/de\/wp-json\/wp\/v2\/product_tag?post=29416"}],"curies":[{"name":"wp","href":"https:\/\/api.w.org\/{rel}","templated":true}]}}