{"id":29424,"date":"2025-12-25T17:17:39","date_gmt":"2025-12-25T17:17:39","guid":{"rendered":"https:\/\/www.infinitri.be\/?post_type=product&#038;p=29424"},"modified":"2026-04-04T17:35:15","modified_gmt":"2026-04-04T16:35:15","slug":"huub-lunettes-brownlee-acute-black-black","status":"publish","type":"product","link":"https:\/\/www.infinitri.be\/de\/produkt\/huub-lunettes-brownlee-acute-black-black\/","title":{"rendered":"Huub - Brille Brownlee Acute black black"},"content":{"rendered":"<p><strong>Caract\u00e9ristiques\u00a0:<\/strong><\/p>\n<p>&#8211; Protection contre les rayons UV et objectif PC antibu\u00e9e<br \/>\n&#8211; Cadre, sangle et joint en silicone souple<br \/>\n&#8211; Conception unique des lentilles<br \/>\n&#8211; Lentille miroir r\u00e9duisant l\u2019\u00e9blouissement<br \/>\n&#8211; Joint monobloc pour une \u00e9tanch\u00e9it\u00e9 optimale<br \/>\n&#8211; Sangle arri\u00e8re confortable pour un meilleur ajustement<\/p>","protected":false},"excerpt":{"rendered":"<p>&nbsp;<\/p>\n<p>Suite \u00e0 la popularit\u00e9 de notre Brownlee Race Goggle, nous avons travaill\u00e9 main dans la main avec Ali et Jonny pour \u00eatre en mesure d\u2019offrir le masque parfait pour l\u2019entra\u00eenement en eau libre et en piscine. La nouvelle Acute est l\u2019une de nos lunettes\u00a0 les plus vendues.Nous avons repens\u00e9 pour une visibilit\u00e9 optimale en eau libre et la clart\u00e9 de la piscine.<\/p>\n<p>Avec le confort d\u2019une plus grande surface et d\u2019un joint basse pression, le joint en silicone et le cadre en polycarbonate se marient parfaitement pour cr\u00e9er un nouveau look lisse et exceptionnel, offrant une vision p\u00e9riph\u00e9rique pour la natation en eau libre, d\u00e9contract\u00e9e et comp\u00e9titive.<\/p>","protected":false},"featured_media":29476,"comment_status":"open","ping_status":"closed","template":"","meta":[],"product_brand":[286],"product_cat":[40,54,56,59],"product_tag":[],"class_list":{"0":"post-29424","1":"product","2":"type-product","3":"status-publish","4":"has-post-thumbnail","6":"product_brand-huub","7":"product_cat-accessoires","8":"product_cat-lunettes","9":"product_cat-lunettes-triathlon","10":"product_cat-triathlon","11":"zank_product_brands-huub","12":"nt-post-class","13":"","19":"first","20":"instock","21":"taxable","22":"shipping-taxable","23":"purchasable","24":"product-type-simple"},"_links":{"self":[{"href":"https:\/\/www.infinitri.be\/de\/wp-json\/wp\/v2\/product\/29424","targetHints":{"allow":["GET"]}}],"collection":[{"href":"https:\/\/www.infinitri.be\/de\/wp-json\/wp\/v2\/product"}],"about":[{"href":"https:\/\/www.infinitri.be\/de\/wp-json\/wp\/v2\/types\/product"}],"replies":[{"embeddable":true,"href":"https:\/\/www.infinitri.be\/de\/wp-json\/wp\/v2\/comments?post=29424"}],"wp:featuredmedia":[{"embeddable":true,"href":"https:\/\/www.infinitri.be\/de\/wp-json\/wp\/v2\/media\/29476"}],"wp:attachment":[{"href":"https:\/\/www.infinitri.be\/de\/wp-json\/wp\/v2\/media?parent=29424"}],"wp:term":[{"taxonomy":"product_brand","embeddable":true,"href":"https:\/\/www.infinitri.be\/de\/wp-json\/wp\/v2\/product_brand?post=29424"},{"taxonomy":"product_cat","embeddable":true,"href":"https:\/\/www.infinitri.be\/de\/wp-json\/wp\/v2\/product_cat?post=29424"},{"taxonomy":"product_tag","embeddable":true,"href":"https:\/\/www.infinitri.be\/de\/wp-json\/wp\/v2\/product_tag?post=29424"}],"curies":[{"name":"wp","href":"https:\/\/api.w.org\/{rel}","templated":true}]}}