{"id":29450,"date":"2025-12-25T17:18:43","date_gmt":"2025-12-25T17:18:43","guid":{"rendered":"https:\/\/www.infinitri.be\/?post_type=product&#038;p=29450"},"modified":"2026-04-04T17:35:07","modified_gmt":"2026-04-04T16:35:07","slug":"huub-eternal-maillot-manches-longues-thermique-homme","status":"publish","type":"product","link":"https:\/\/www.infinitri.be\/de\/produkt\/huub-eternal-maillot-manches-longues-thermique-homme\/","title":{"rendered":"Huub ETERNAL Thermo-Langarmtrikot - M\u00e4nner"},"content":{"rendered":"<p><!--themify_builder_static--><\/p>\n<h1 style=\"text-align: center\">Beschreibung \u2699<\/h1>\n<p style=\"text-align: left\">Il incorpore des tissus de haute qualit\u00e9 qui \u00e9vacuent la transpiration et est con\u00e7u pour r\u00e9pondre \u00e0 vos besoins, que ce soit pour rouler, faire la navette ou participer \u00e0 des courses. Produit de base pour tous les cyclistes, ce maillot offre tout, de la performance au confort, et tout ce qu&#8217;il y a entre les deux.<\/p>\n<p><img fetchpriority=\"high\" decoding=\"async\" src=\"https:\/\/infinitri.be\/wp-content\/uploads\/2023\/04\/STRADALSPACK01-15-840x1024-545x545.webp\" width=\"545\" height=\"545\" title=\"STRADALSPACK01-15\" alt=\"STRADALSPACK01-15\" \/><\/p>\n<h1>Technische Besonderheiten<\/h1>\n<p>Les meilleurs tissus thermiques, bross\u00e9s, italiens et respirants.<br \/>\n&#8211; Con\u00e7u pour permettre la circulation de l&#8217;air pour la performance.<br \/>\n&#8211; Fermeture \u00e0 glissi\u00e8re HUUB Cam Lock sur toute la longueur.<br \/>\n&#8211; 3 poches renforc\u00e9es dans le dos + 1 poche \u00e9tanche.<br \/>\n&#8211; Poign\u00e9e en silicone \u00e0 la taille.<\/p>\n<p>    <em style=\"color:#000000\"><\/em>PROTECTION CONTRE LA PLUIE<\/p>\n<p>    <em style=\"color:#000000\"><\/em><\/p>\n<p style=\"text-align: left\">LEGENZ<\/p>\n<p>    <em style=\"color:#000000\"><\/em>THERMIQUE RESPIRANT<\/p>\n<p>    <em style=\"color:#000000\"><\/em>GLISSIERE CAM LOCK<\/p>\n<h1 style=\"text-align: center\">Welche Gr\u00f6\u00dfe habe ich?<\/h1>\n<p><img decoding=\"async\" src=\"https:\/\/infinitri.be\/wp-content\/uploads\/2023\/04\/long-sleeve-size-huub.png\" title=\"long sleeve size huub\" alt=\"long sleeve size huub\" \/><br \/>\n<img decoding=\"async\" src=\"https:\/\/infinitri.be\/wp-content\/uploads\/2023\/04\/ambiance-huub-1024x725-545x545.png\" width=\"545\" height=\"545\" title=\"Huub-Atmosph\u00e4re\" alt=\"ambiance huub\" \/><!--\/themify_builder_static--><\/p>","protected":false},"excerpt":{"rendered":"<p>Le maillot thermique \u00e0 manches longues Eternal sera l&#8217;un de vos favoris.<\/p>","protected":false},"featured_media":29509,"comment_status":"open","ping_status":"closed","template":"","meta":[],"product_brand":[286],"product_cat":[37,141,38],"product_tag":[],"class_list":{"0":"post-29450","1":"product","2":"type-product","3":"status-publish","4":"has-post-thumbnail","6":"product_brand-huub","7":"product_cat-cyclisme","8":"product_cat-outlet","9":"product_cat-vestes-et-coupe-vent","10":"zank_product_brands-huub","11":"nt-post-class","12":"","18":"first","19":"instock","20":"sale","21":"taxable","22":"shipping-taxable","23":"purchasable","24":"product-type-variable"},"_links":{"self":[{"href":"https:\/\/www.infinitri.be\/de\/wp-json\/wp\/v2\/product\/29450","targetHints":{"allow":["GET"]}}],"collection":[{"href":"https:\/\/www.infinitri.be\/de\/wp-json\/wp\/v2\/product"}],"about":[{"href":"https:\/\/www.infinitri.be\/de\/wp-json\/wp\/v2\/types\/product"}],"replies":[{"embeddable":true,"href":"https:\/\/www.infinitri.be\/de\/wp-json\/wp\/v2\/comments?post=29450"}],"wp:featuredmedia":[{"embeddable":true,"href":"https:\/\/www.infinitri.be\/de\/wp-json\/wp\/v2\/media\/29509"}],"wp:attachment":[{"href":"https:\/\/www.infinitri.be\/de\/wp-json\/wp\/v2\/media?parent=29450"}],"wp:term":[{"taxonomy":"product_brand","embeddable":true,"href":"https:\/\/www.infinitri.be\/de\/wp-json\/wp\/v2\/product_brand?post=29450"},{"taxonomy":"product_cat","embeddable":true,"href":"https:\/\/www.infinitri.be\/de\/wp-json\/wp\/v2\/product_cat?post=29450"},{"taxonomy":"product_tag","embeddable":true,"href":"https:\/\/www.infinitri.be\/de\/wp-json\/wp\/v2\/product_tag?post=29450"}],"curies":[{"name":"wp","href":"https:\/\/api.w.org\/{rel}","templated":true}]}}