{"id":29451,"date":"2025-12-25T17:18:43","date_gmt":"2025-12-25T17:18:43","guid":{"rendered":"https:\/\/www.infinitri.be\/?post_type=product&#038;p=29451"},"modified":"2026-04-04T17:35:07","modified_gmt":"2026-04-04T16:35:07","slug":"huub-eternal-cuissard-court-homme","status":"publish","type":"product","link":"https:\/\/www.infinitri.be\/de\/produkt\/huub-eternal-cuissard-court-homme\/","title":{"rendered":"Huub ETERNAL Kurze Hose - M\u00e4nner"},"content":{"rendered":"<p><!--themify_builder_static--><\/p>\n<h1 style=\"text-align: center\">Beschreibung \u2699<\/h1>\n<p style=\"text-align: left\">Er profitiert von den f\u00fcr HUUB \u00fcblichen superweichen Stoffen, wodurch er sich angenehm auf der Haut anf\u00fchlt und gleichzeitig sehr atmungsaktiv, strapazierf\u00e4hig, pflegeleicht und unter allen Bedingungen vielseitig einsetzbar ist.<\/p>\n<p><img fetchpriority=\"high\" decoding=\"async\" src=\"https:\/\/infinitri.be\/wp-content\/uploads\/2023\/04\/ambiance-huub-1024x725-545x545.png\" width=\"545\" height=\"545\" title=\"Huub-Atmosph\u00e4re\" alt=\"ambiance huub\" \/><\/p>\n<h1>Technische Besonderheiten<\/h1>\n<p>- Multiple-Panel-Schnitt f\u00fcr eine perfekte Passform<br \/>\n- schnell trocknende Mesh-Schultertr\u00e4ger f\u00fcr mehr Komfort<br \/>\n- Hergestellt aus winddichten Stoffen von h\u00f6chster Qualit\u00e4t.<br \/>\n- Beinkrallen aus Silikon<br \/>\n- Hochdichtes Chamoisleder mit perforierten Zellen f\u00fcr Komfort und K\u00fchlung<br \/>\n- Flat-Lock-N\u00e4hte f\u00fcr eine bessere Passform und mehr Komfort<br \/>\n- Elastischer Latz aus Mesh f\u00fcr Atmungsaktivit\u00e4t.<\/p>\n<p>    <em style=\"color:#000000\"><\/em><\/p>\n<p style=\"text-align: left\">MULTI-PANEL<\/p>\n<p>    <em style=\"color:#000000\"><\/em>PERFORIERTE WABEN<\/p>\n<p>    <em style=\"color:#000000\"><\/em>FLATLOCK-NAHT<\/p>\n<p>    <em style=\"color:#000000\"><\/em>AKKUALISIERUNG<\/p>\n<h1 style=\"text-align: center\">Welche Gr\u00f6\u00dfe habe ich?<\/h1>\n<p><img decoding=\"async\" src=\"https:\/\/infinitri.be\/wp-content\/uploads\/2023\/04\/huub-bib-size.png\" title=\"huub bib size\" alt=\"huub bib size\" \/><br \/>\n<img decoding=\"async\" src=\"https:\/\/infinitri.be\/wp-content\/uploads\/2023\/04\/huub-strada-2023-1-725x1024-545x545.png\" width=\"545\" height=\"545\" title=\"huub-strada-2023-1\" alt=\"huub-strada-2023-1\" \/><!--\/themify_builder_static--><\/p>","protected":false},"excerpt":{"rendered":"<p>Die Eternal Tr\u00e4gerhose bietet beste Leistung f\u00fcr lange Tage im Sattel und hervorragenden Schutz, wo es am n\u00f6tigsten ist.<\/p>","protected":false},"featured_media":29519,"comment_status":"open","ping_status":"closed","template":"","meta":[],"product_brand":[286],"product_cat":[39,37,141],"product_tag":[],"class_list":{"0":"post-29451","1":"product","2":"type-product","3":"status-publish","4":"has-post-thumbnail","6":"product_brand-huub","7":"product_cat-cuissards","8":"product_cat-cyclisme","9":"product_cat-outlet","10":"zank_product_brands-huub","11":"nt-post-class","12":"","18":"first","19":"instock","20":"sale","21":"taxable","22":"shipping-taxable","23":"purchasable","24":"product-type-variable"},"_links":{"self":[{"href":"https:\/\/www.infinitri.be\/de\/wp-json\/wp\/v2\/product\/29451","targetHints":{"allow":["GET"]}}],"collection":[{"href":"https:\/\/www.infinitri.be\/de\/wp-json\/wp\/v2\/product"}],"about":[{"href":"https:\/\/www.infinitri.be\/de\/wp-json\/wp\/v2\/types\/product"}],"replies":[{"embeddable":true,"href":"https:\/\/www.infinitri.be\/de\/wp-json\/wp\/v2\/comments?post=29451"}],"wp:featuredmedia":[{"embeddable":true,"href":"https:\/\/www.infinitri.be\/de\/wp-json\/wp\/v2\/media\/29519"}],"wp:attachment":[{"href":"https:\/\/www.infinitri.be\/de\/wp-json\/wp\/v2\/media?parent=29451"}],"wp:term":[{"taxonomy":"product_brand","embeddable":true,"href":"https:\/\/www.infinitri.be\/de\/wp-json\/wp\/v2\/product_brand?post=29451"},{"taxonomy":"product_cat","embeddable":true,"href":"https:\/\/www.infinitri.be\/de\/wp-json\/wp\/v2\/product_cat?post=29451"},{"taxonomy":"product_tag","embeddable":true,"href":"https:\/\/www.infinitri.be\/de\/wp-json\/wp\/v2\/product_tag?post=29451"}],"curies":[{"name":"wp","href":"https:\/\/api.w.org\/{rel}","templated":true}]}}