{"id":30319,"date":"2025-12-26T14:23:22","date_gmt":"2025-12-26T14:23:22","guid":{"rendered":"https:\/\/www.infinitri.be\/?post_type=product&#038;p=30319"},"modified":"2026-04-04T17:32:40","modified_gmt":"2026-04-04T16:32:40","slug":"compressport-trail-racing-t-shirt-homme-shadow-lime","status":"publish","type":"product","link":"https:\/\/www.infinitri.be\/de\/produkt\/compressport-trail-racing-t-shirt-homme-shadow-lime\/","title":{"rendered":"Compressport Trail Racing T-Shirt f\u00fcr Herren, Farbe: Shadow Lime"},"content":{"rendered":"<ul>\n<li class=\"key_benefit_1\">Coupe ergonomique et ajust\u00e9e avec manches Raglan pour un confort ultime et une grande libert\u00e9 de mouvement lors des courses de trail exigeantes<\/li>\n<li class=\"key_benefit_2\">Zones en mesh \u00e9tudi\u00e9es pour une ventilation maximale lors des journ\u00e9es chaudes en montagne<\/li>\n<li class=\"key_benefit_3\">Pas d`irritation ni de frottement gr\u00e2ce au tissu en microfibre ultradoux et sans couture.<\/li>\n<\/ul>\n<div class=\"col-md-3\"><span class=\"d-block d-md-block text-center text-md-left\"><img fetchpriority=\"high\" decoding=\"async\" class=\"chart-table-img img-fluid\" src=\"https:\/\/www.compressport.com\/inter\/modules\/sizeconversion\/views\/img\/TOP%20HOMME.jpg\" width=\"288\" height=\"384\" \/><\/span><\/div>\n<div class=\"col-md-9\">\n<div class=\"table-responsive-md\">\n<table id=\"chart_table_58\" class=\"table table-striped table-bordered text-center chart-table\">\n<thead class=\"thead-default\">\n<tr class=\"big_size\">\n<th><\/th>\n<th id=\"conversion_group_225\" colspan=\"1\">Poitrine<\/th>\n<th id=\"conversion_group_226\" colspan=\"1\">Gr\u00f6\u00dfe<\/th>\n<th id=\"conversion_group_227\" colspan=\"1\">H\u00fcften<\/th>\n<\/tr>\n<\/thead>\n<tbody>\n<tr class=\"chart-table-row\">\n<th class=\"cc-name\">XS<\/th>\n<td>84 &#8211; 89cm<\/td>\n<td>70 - 75cm<\/td>\n<td>83 - 88cm<\/td>\n<\/tr>\n<tr class=\"chart-table-row\">\n<th class=\"cc-name\">S<\/th>\n<td>90 &#8211; 95cm<\/td>\n<td>76 - 81cm<\/td>\n<td>89-94cm<\/td>\n<\/tr>\n<tr class=\"chart-table-row\">\n<th class=\"cc-name\">M<\/th>\n<td>96 &#8211; 101cm<\/td>\n<td>82 - 87cm<\/td>\n<td>95-100cm<\/td>\n<\/tr>\n<tr class=\"chart-table-row\">\n<th class=\"cc-name\">L<\/th>\n<td>102 &#8211; 107cm<\/td>\n<td>88 - 93cm<\/td>\n<td>101 - 106cm<\/td>\n<\/tr>\n<tr class=\"chart-table-row\">\n<th class=\"cc-name\">XL<\/th>\n<td>108 &#8211; 113cm<\/td>\n<td>94 - 99cm<\/td>\n<td>107 - 112cm<\/td>\n<\/tr>\n<\/tbody>\n<\/table>\n<\/div>\n<\/div>","protected":false},"excerpt":{"rendered":"<blockquote><p>T-shirt de trail running pour hommes ultra confortable et thermor\u00e9gulant avec ventilation cibl\u00e9e pour booster vos performances en montagne<\/p><\/blockquote>","protected":false},"featured_media":30359,"comment_status":"open","ping_status":"closed","template":"","meta":[],"product_brand":[329],"product_cat":[16,29],"product_tag":[],"class_list":{"0":"post-30319","1":"product","2":"type-product","3":"status-publish","4":"has-post-thumbnail","6":"product_brand-compressport","7":"product_cat-course","8":"product_cat-vestes-et-t-shirts","9":"zank_product_brands-compressport","10":"nt-post-class","11":"","17":"first","18":"instock","19":"sale","20":"taxable","21":"shipping-taxable","22":"purchasable","23":"product-type-variable"},"_links":{"self":[{"href":"https:\/\/www.infinitri.be\/de\/wp-json\/wp\/v2\/product\/30319","targetHints":{"allow":["GET"]}}],"collection":[{"href":"https:\/\/www.infinitri.be\/de\/wp-json\/wp\/v2\/product"}],"about":[{"href":"https:\/\/www.infinitri.be\/de\/wp-json\/wp\/v2\/types\/product"}],"replies":[{"embeddable":true,"href":"https:\/\/www.infinitri.be\/de\/wp-json\/wp\/v2\/comments?post=30319"}],"wp:featuredmedia":[{"embeddable":true,"href":"https:\/\/www.infinitri.be\/de\/wp-json\/wp\/v2\/media\/30359"}],"wp:attachment":[{"href":"https:\/\/www.infinitri.be\/de\/wp-json\/wp\/v2\/media?parent=30319"}],"wp:term":[{"taxonomy":"product_brand","embeddable":true,"href":"https:\/\/www.infinitri.be\/de\/wp-json\/wp\/v2\/product_brand?post=30319"},{"taxonomy":"product_cat","embeddable":true,"href":"https:\/\/www.infinitri.be\/de\/wp-json\/wp\/v2\/product_cat?post=30319"},{"taxonomy":"product_tag","embeddable":true,"href":"https:\/\/www.infinitri.be\/de\/wp-json\/wp\/v2\/product_tag?post=30319"}],"curies":[{"name":"wp","href":"https:\/\/api.w.org\/{rel}","templated":true}]}}