{"id":30377,"date":"2025-12-26T14:25:07","date_gmt":"2025-12-26T14:25:07","guid":{"rendered":"https:\/\/www.infinitri.be\/?post_type=product&#038;p=30377"},"modified":"2026-04-04T18:44:23","modified_gmt":"2026-04-04T17:44:23","slug":"arena-spikyiii-backpack-45-dice","status":"publish","type":"product","link":"https:\/\/www.infinitri.be\/de\/produkt\/arena-spikyiii-backpack-45-dice\/","title":{"rendered":"Arena \u2013 SpikyIII Rucksack 45 Dice"},"content":{"rendered":"<p>Der arena Spiky III Allover 45 Rucksack ist ger\u00e4umig, schick und bequem zu tragen und wurde speziell f\u00fcr Schwimmer entwickelt. Mit seinem von oben zu bedienenden Hauptfach, drei Rei\u00dfverschlusstaschen, seitlichen Netztaschen und einem separaten wasserdichten Beutel f\u00fcr nasse Kleidung bietet er viel Stauraum f\u00fcr all Ihre Trainingsausr\u00fcstung. Die Tasche hat Mesh-F\u00e4cher und das wasserabweisende Material sch\u00fctzt den Inhalt vor Feuchtigkeit. Der atmungsaktive R\u00fcckeneinsatz und die ergonomisch geformten Schultergurte sorgen f\u00fcr optimalen Tragekomfort. Der verst\u00e4rkte Boden sch\u00fctzt den Inhalt vor nassen B\u00f6den.<\/p>\n<p>Ma\u00dfe: 50x36x 27cm, 45L<\/p>","protected":false},"excerpt":{"rendered":"<p>Schwimmsack 45 Liter Dice<\/p>","protected":false},"featured_media":30424,"comment_status":"open","ping_status":"closed","template":"","meta":[],"product_brand":[326],"product_cat":[40,41,58],"product_tag":[],"class_list":{"0":"post-30377","1":"product","2":"type-product","3":"status-publish","4":"has-post-thumbnail","6":"product_brand-arena","7":"product_cat-accessoires","8":"product_cat-natation","9":"product_cat-sacs","10":"zank_product_brands-arena","11":"nt-post-class","12":"","18":"first","19":"instock","20":"taxable","21":"shipping-taxable","22":"purchasable","23":"product-type-simple"},"_links":{"self":[{"href":"https:\/\/www.infinitri.be\/de\/wp-json\/wp\/v2\/product\/30377","targetHints":{"allow":["GET"]}}],"collection":[{"href":"https:\/\/www.infinitri.be\/de\/wp-json\/wp\/v2\/product"}],"about":[{"href":"https:\/\/www.infinitri.be\/de\/wp-json\/wp\/v2\/types\/product"}],"replies":[{"embeddable":true,"href":"https:\/\/www.infinitri.be\/de\/wp-json\/wp\/v2\/comments?post=30377"}],"wp:featuredmedia":[{"embeddable":true,"href":"https:\/\/www.infinitri.be\/de\/wp-json\/wp\/v2\/media\/30424"}],"wp:attachment":[{"href":"https:\/\/www.infinitri.be\/de\/wp-json\/wp\/v2\/media?parent=30377"}],"wp:term":[{"taxonomy":"product_brand","embeddable":true,"href":"https:\/\/www.infinitri.be\/de\/wp-json\/wp\/v2\/product_brand?post=30377"},{"taxonomy":"product_cat","embeddable":true,"href":"https:\/\/www.infinitri.be\/de\/wp-json\/wp\/v2\/product_cat?post=30377"},{"taxonomy":"product_tag","embeddable":true,"href":"https:\/\/www.infinitri.be\/de\/wp-json\/wp\/v2\/product_tag?post=30377"}],"curies":[{"name":"wp","href":"https:\/\/api.w.org\/{rel}","templated":true}]}}