{"id":30470,"date":"2025-12-26T14:26:57","date_gmt":"2025-12-26T14:26:57","guid":{"rendered":"https:\/\/www.infinitri.be\/?post_type=product&#038;p=30470"},"modified":"2026-04-04T18:44:23","modified_gmt":"2026-04-04T17:44:23","slug":"arena-sac-mesh-one-go-navy","status":"publish","type":"product","link":"https:\/\/www.infinitri.be\/de\/produkt\/arena-sac-mesh-one-go-navy\/","title":{"rendered":"Arena \u2013 One Go Navy Mesh-Tasche"},"content":{"rendered":"<p>Mesh-Tasche mit 40L<\/p>","protected":false},"excerpt":{"rendered":"<p>Die arena One Go Mesh-Schwimmtasche ist ideal, um Ihre Trainingssachen oder andere pers\u00f6nliche Gegenst\u00e4nde zu transportieren. Die clevere Ausf\u00fchrung aus Mesh l\u00e4sst das Wasser abflie\u00dfen. Die Tasche kann \u00fcber die Schulter oder als Rucksack getragen werden. Sie hat eine praktische Schlaufe, mit der sie in der Umkleidekabine oder an einer anderen Tasche aufgeh\u00e4ngt werden kann, und besteht aus schnell trocknendem, strapazierf\u00e4higem Polyester-Mesh.<br \/>\nMa\u00dfe: 65x55x1cm<br \/>\nFassungsverm\u00f6gen: 40L<\/p>","protected":false},"featured_media":30505,"comment_status":"open","ping_status":"closed","template":"","meta":[],"product_brand":[326],"product_cat":[40,57,41],"product_tag":[],"class_list":{"0":"post-30470","1":"product","2":"type-product","3":"status-publish","4":"has-post-thumbnail","6":"product_brand-arena","7":"product_cat-accessoires","8":"product_cat-accessoires-natation","9":"product_cat-natation","10":"zank_product_brands-arena","11":"nt-post-class","12":"","18":"first","19":"instock","20":"taxable","21":"shipping-taxable","22":"purchasable","23":"product-type-simple"},"_links":{"self":[{"href":"https:\/\/www.infinitri.be\/de\/wp-json\/wp\/v2\/product\/30470","targetHints":{"allow":["GET"]}}],"collection":[{"href":"https:\/\/www.infinitri.be\/de\/wp-json\/wp\/v2\/product"}],"about":[{"href":"https:\/\/www.infinitri.be\/de\/wp-json\/wp\/v2\/types\/product"}],"replies":[{"embeddable":true,"href":"https:\/\/www.infinitri.be\/de\/wp-json\/wp\/v2\/comments?post=30470"}],"wp:featuredmedia":[{"embeddable":true,"href":"https:\/\/www.infinitri.be\/de\/wp-json\/wp\/v2\/media\/30505"}],"wp:attachment":[{"href":"https:\/\/www.infinitri.be\/de\/wp-json\/wp\/v2\/media?parent=30470"}],"wp:term":[{"taxonomy":"product_brand","embeddable":true,"href":"https:\/\/www.infinitri.be\/de\/wp-json\/wp\/v2\/product_brand?post=30470"},{"taxonomy":"product_cat","embeddable":true,"href":"https:\/\/www.infinitri.be\/de\/wp-json\/wp\/v2\/product_cat?post=30470"},{"taxonomy":"product_tag","embeddable":true,"href":"https:\/\/www.infinitri.be\/de\/wp-json\/wp\/v2\/product_tag?post=30470"}],"curies":[{"name":"wp","href":"https:\/\/api.w.org\/{rel}","templated":true}]}}