{"id":30472,"date":"2025-12-26T14:26:57","date_gmt":"2025-12-26T14:26:57","guid":{"rendered":"https:\/\/www.infinitri.be\/?post_type=product&#038;p=30472"},"modified":"2026-04-23T20:43:17","modified_gmt":"2026-04-23T19:43:17","slug":"arena-powerskin-st-next-leopard-violet-jammer-homme","status":"publish","type":"product","link":"https:\/\/www.infinitri.be\/de\/produkt\/arena-powerskin-st-next-leopard-violet-jammer-homme\/","title":{"rendered":"Arena - Powerskin ST Next Leopard violett Jammer Mann"},"content":{"rendered":"<p>Dans une version remani\u00e9e par rapport \u00e0 son pr\u00e9d\u00e9cesseur, le nouveau ST Next L\u00e9opard est une \u00e9dition limit\u00e9e ! Il absorbe moins d&#8217;eau, ce qui le rend plus l\u00e9ger et vous assure une compression musculaire optimale, course apr\u00e8s course, pour que vous continuiez \u00e0 donner le meilleur de vous-m\u00eame. Fini avec des coutures plates pour une hydrodynamique maximale pendant que vous nagez. Approuv\u00e9 par la FINA.<\/p>\n<p><!--themify_builder_static--><\/p>\n<p>&nbsp;<\/p>\n<h2 style=\"text-align: center\">Votre seconde peau dans l&#8217;eau<\/h2>\n<p style=\"text-align: center\">La POWERSKIN absorbe moins d&#8217;eau, ce qui r\u00e9duit la tra\u00een\u00e9e et am\u00e9liore l&#8217;hydrodynamisme.<\/p>\n<p style=\"text-align: center\">Portez ce ST-NEXT comme une seconde peau.<\/p>\n<h2 style=\"text-align: center\">Un maillot qui durera<\/h2>\n<p style=\"text-align: center\">La ST-NEXT est faite \u00e0 60% de mat\u00e9riaux recycl\u00e9s et est renforc\u00e9e aux endroits sujets aux plus fortes contraintes.<\/p>\n<p style=\"text-align: center\">POWERSKIN, un maillot con\u00e7u pour durer<\/p>\n<p>&nbsp;<\/p>\n<h2 style=\"text-align: center\"><u>Provoquez <\/u>vos meilleures performances<\/h2>\n<p style=\"text-align: center\">La powerskin est con\u00e7ue pour augmenter votre stabilit\u00e9 et comprimer aux endroits cl\u00e9s.<\/p>\n<p style=\"text-align: center\">Avec la version Snakekin, provoquez vos meilleures performances et faites une entr\u00e9e fracassante dans le bassin !<\/p>\n<p><!--\/themify_builder_static--><\/p>","protected":false},"excerpt":{"rendered":"<p>Dans une version remani\u00e9e par rapport \u00e0 son pr\u00e9d\u00e9cesseur, le nouveau ST Next L\u00e9opard est une \u00e9dition limit\u00e9e ! Il absorbe moins d&#8217;eau, ce qui le rend plus l\u00e9ger et vous assure une compression musculaire optimale, course apr\u00e8s course, pour que vous continuiez \u00e0 donner le meilleur de vous-m\u00eame. Fini avec des coutures plates pour&#8230;<\/p>","protected":false},"featured_media":30508,"comment_status":"open","ping_status":"closed","template":"","meta":[],"product_brand":[326],"product_cat":[60,126,41],"product_tag":[204],"class_list":{"0":"post-30472","1":"product","2":"type-product","3":"status-publish","4":"has-post-thumbnail","6":"product_brand-arena","7":"product_cat-fina","8":"product_cat-maillot-competition","9":"product_cat-natation","10":"product_tag-edition-limitee-caiman","11":"zank_product_brands-arena","12":"nt-post-class","13":"","16":"excerpt-none","19":"first","20":"instock","21":"sale","22":"taxable","23":"shipping-taxable","24":"purchasable","25":"product-type-variable"},"_links":{"self":[{"href":"https:\/\/www.infinitri.be\/de\/wp-json\/wp\/v2\/product\/30472","targetHints":{"allow":["GET"]}}],"collection":[{"href":"https:\/\/www.infinitri.be\/de\/wp-json\/wp\/v2\/product"}],"about":[{"href":"https:\/\/www.infinitri.be\/de\/wp-json\/wp\/v2\/types\/product"}],"replies":[{"embeddable":true,"href":"https:\/\/www.infinitri.be\/de\/wp-json\/wp\/v2\/comments?post=30472"}],"wp:featuredmedia":[{"embeddable":true,"href":"https:\/\/www.infinitri.be\/de\/wp-json\/wp\/v2\/media\/30508"}],"wp:attachment":[{"href":"https:\/\/www.infinitri.be\/de\/wp-json\/wp\/v2\/media?parent=30472"}],"wp:term":[{"taxonomy":"product_brand","embeddable":true,"href":"https:\/\/www.infinitri.be\/de\/wp-json\/wp\/v2\/product_brand?post=30472"},{"taxonomy":"product_cat","embeddable":true,"href":"https:\/\/www.infinitri.be\/de\/wp-json\/wp\/v2\/product_cat?post=30472"},{"taxonomy":"product_tag","embeddable":true,"href":"https:\/\/www.infinitri.be\/de\/wp-json\/wp\/v2\/product_tag?post=30472"}],"curies":[{"name":"wp","href":"https:\/\/api.w.org\/{rel}","templated":true}]}}