{"id":30718,"date":"2025-12-26T14:35:43","date_gmt":"2025-12-26T14:35:43","guid":{"rendered":"https:\/\/www.infinitri.be\/?post_type=product&#038;p=30718"},"modified":"2026-04-04T17:29:26","modified_gmt":"2026-04-04T16:29:26","slug":"arena-one-paints-femme","status":"publish","type":"product","link":"https:\/\/www.infinitri.be\/de\/produkt\/arena-one-paints-femme\/","title":{"rendered":"Arena &#8211; One Paints -Femme"},"content":{"rendered":"<p>&nbsp;<\/p>\n<p>Le maillot de bain Arena One pour femme\u00a0est id\u00e9al pour les nageuses actives, les athl\u00e8tes et les nageuses de comp\u00e9tition qui s&#8217;entra\u00eenent fr\u00e9quemment en piscine. La technologie exclusive arena One cr\u00e9e des styles de tissu monobloc innovateurs pour une sensation de seconde peau supr\u00eame. L&#8217;absence de coutures lat\u00e9rales permet une plus grande libert\u00e9 de mouvement et r\u00e9duit la r\u00e9sistance et la tension dans le maillot. De plus, le dos ouvert et la coupe ajust\u00e9e \u00e0 l&#8217;avant offrent une libert\u00e9 de mouvement maximale, une excellente sensation d&#8217;eau et une r\u00e9sistance r\u00e9duite. Id\u00e9al pour la comp\u00e9tition et les entra\u00eenements fr\u00e9quents.<\/p>\n<p>Caract\u00e9ristiques:<\/p>\n<ul>\n<li>Maillot de bain innovant et extr\u00eamement durable sans coutures lat\u00e9rales<\/li>\n<li>Construction en une seule pi\u00e8ce pour r\u00e9duire la r\u00e9sistance \u00e0 l&#8217;eau<\/li>\n<li>Avec des bretelles ergonomiques pour un ajustement s\u00fbr<\/li>\n<li>Dos ouvert<\/li>\n<li>Id\u00e9al pour les nageuses de comp\u00e9tition et r\u00e9guli\u00e8res qui nagent fr\u00e9quemment en piscine<\/li>\n<li>Composition\u00a0:\u00a0100% polyester (tissu \u00e9cologique : 51\u00a0% du polyester est recycl\u00e9)<\/li>\n<\/ul>\n<p>Technologies:<\/p>\n<ul>\n<li>MaxLife Eco<\/li>\n<\/ul>\n<p>Le tissu MaxLife Eco hautement r\u00e9sistant au chlore avec protection UV UPF50+ int\u00e9gr\u00e9e est durable et s\u00e8che tr\u00e8s rapidement. Cette \u00e9volution respectueuse de l\u2019environnement du tissu MaxLife d\u2019arena contient au moins 50\u00a0% de polyester recycl\u00e9 provenant de bouteilles en PET. De plus, le processus de fabrication du tissu a \u00e9t\u00e9 optimis\u00e9 pour \u00e9conomiser l&#8217;\u00e9nergie, r\u00e9duire les \u00e9missions de CO2 et minimiser la consommation d&#8217;eau. Avec des bretelles ergonomiques pour un ajustement s\u00fbr.<\/p>\n<p><!--themify_builder_static--><\/p>\n<h3>Chlorbest\u00e4ndig<\/h3>\n<p>Ja<\/p>\n<p>&nbsp;<\/p>\n<h3>Material<\/h3>\n<p>MaxLife Eco<\/p>\n<p>&nbsp;<\/p>\n<h3>R\u00fccken<\/h3>\n<p>Tech One<\/p>\n<p>&nbsp;<\/p>\n<h3>Schnitt<\/h3>\n<p>Coupe moyenne- sangles larges<\/p>\n<p>&nbsp;<\/p>\n<h3>Futter<\/h3>\n<p>Vorderes Futter<\/p>\n<p>&nbsp;<\/p>\n<h3>Intensit\u00e4t des Trainings<\/h3>\n<p>Intensives Schwimmen<\/p>\n<p><!--\/themify_builder_static--><\/p>","protected":false},"excerpt":{"rendered":"<h1 class=\"Product_product-title__Fbfnp\">Maillot de bain Arena One Paints femme<\/h1>","protected":false},"featured_media":30722,"comment_status":"open","ping_status":"closed","template":"","meta":[],"product_brand":[326],"product_cat":[86,41],"product_tag":[],"class_list":{"0":"post-30718","1":"product","2":"type-product","3":"status-publish","4":"has-post-thumbnail","6":"product_brand-arena","7":"product_cat-maillots","8":"product_cat-natation","9":"zank_product_brands-arena","10":"nt-post-class","11":"","17":"first","18":"instock","19":"taxable","20":"shipping-taxable","21":"purchasable","22":"product-type-variable"},"_links":{"self":[{"href":"https:\/\/www.infinitri.be\/de\/wp-json\/wp\/v2\/product\/30718","targetHints":{"allow":["GET"]}}],"collection":[{"href":"https:\/\/www.infinitri.be\/de\/wp-json\/wp\/v2\/product"}],"about":[{"href":"https:\/\/www.infinitri.be\/de\/wp-json\/wp\/v2\/types\/product"}],"replies":[{"embeddable":true,"href":"https:\/\/www.infinitri.be\/de\/wp-json\/wp\/v2\/comments?post=30718"}],"wp:featuredmedia":[{"embeddable":true,"href":"https:\/\/www.infinitri.be\/de\/wp-json\/wp\/v2\/media\/30722"}],"wp:attachment":[{"href":"https:\/\/www.infinitri.be\/de\/wp-json\/wp\/v2\/media?parent=30718"}],"wp:term":[{"taxonomy":"product_brand","embeddable":true,"href":"https:\/\/www.infinitri.be\/de\/wp-json\/wp\/v2\/product_brand?post=30718"},{"taxonomy":"product_cat","embeddable":true,"href":"https:\/\/www.infinitri.be\/de\/wp-json\/wp\/v2\/product_cat?post=30718"},{"taxonomy":"product_tag","embeddable":true,"href":"https:\/\/www.infinitri.be\/de\/wp-json\/wp\/v2\/product_tag?post=30718"}],"curies":[{"name":"wp","href":"https:\/\/api.w.org\/{rel}","templated":true}]}}