{"id":30745,"date":"2025-12-26T14:37:13","date_gmt":"2025-12-26T14:37:13","guid":{"rendered":"https:\/\/www.infinitri.be\/?post_type=product&#038;p=30745"},"modified":"2026-04-04T18:44:44","modified_gmt":"2026-04-04T17:44:44","slug":"huub-lacets-transition-corail","status":"publish","type":"product","link":"https:\/\/www.infinitri.be\/de\/produkt\/huub-lacets-transition-corail\/","title":{"rendered":"Huub - Schn\u00fcrsenkel \u00dcbergang Koralle"},"content":{"rendered":"<h4 class=\"key-features\">BESCHREIBUNG<\/h4>\n<div class=\"app-translate-text__content color-text--apple custom-scroll-bar app-translate-text__content_font-size_14\" dir=\"ltr\">LACETS Corail HUUB<\/div>\n<div class=\"app-translate-text__content color-text--apple custom-scroll-bar app-translate-text__content_font-size_14\" dir=\"ltr\"><\/div>\n<div class=\"app-translate-text__content color-text--apple custom-scroll-bar app-translate-text__content_font-size_14\" dir=\"ltr\">Wir wissen, dass bei einem Triathlon jede Sekunde z\u00e4hlt. Das Letzte, was Sie in T2 tun wollen, ist, mit Ihren Schn\u00fcrsenkeln zu fummeln. Diese HUUB Elastic Lace Locks sparen Ihnen lebenswichtige \u00dcbergangssekunden und lassen Sie schneller auf die Laufb\u00fchne treten.<\/div>\n<div class=\"app-translate-text__content color-text--apple custom-scroll-bar app-translate-text__content_font-size_14\" dir=\"ltr\"><\/div>\n<div class=\"app-translate-text__content color-text--apple custom-scroll-bar app-translate-text__content_font-size_14\" dir=\"ltr\"><\/div>\n<div class=\"app-translate-text__content color-text--apple custom-scroll-bar app-translate-text__content_font-size_14\" dir=\"ltr\">Eigenschaften der schwarzen HUUB-Schn\u00fcrsenkel :<\/div>\n<div class=\"app-translate-text__content color-text--apple custom-scroll-bar app-translate-text__content_font-size_14\" dir=\"ltr\"><\/div>\n<div class=\"app-translate-text__content color-text--apple custom-scroll-bar app-translate-text__content_font-size_14\" dir=\"ltr\"><\/div>\n<div class=\"app-translate-text__content color-text--apple custom-scroll-bar app-translate-text__content_font-size_14\" dir=\"ltr\">- Einfache Installation<\/div>\n<div class=\"app-translate-text__content color-text--apple custom-scroll-bar app-translate-text__content_font-size_14\" dir=\"ltr\">- Einheitsgr\u00f6\u00dfe f\u00fcr alle (Junioren und Erwachsene)<\/div>\n<div class=\"app-translate-text__content color-text--apple custom-scroll-bar app-translate-text__content_font-size_14\" dir=\"ltr\">- Ideal f\u00fcr den gelegentlichen Gebrauch, Training oder Laufen<\/div>\n<div class=\"app-translate-text__content color-text--apple custom-scroll-bar app-translate-text__content_font-size_14\" dir=\"ltr\">- Unsere elastischen Schn\u00fcrsenkel passen sich Ihrem Fu\u00df f\u00fcr eine individuelle Passform an.<\/div>","protected":false},"excerpt":{"rendered":"<p>Ideale Schn\u00fcrsenkel f\u00fcr Ihre schnellen \u00dcberg\u00e4nge<\/p>","protected":false},"featured_media":30758,"comment_status":"open","ping_status":"closed","template":"","meta":[],"product_brand":[286],"product_cat":[40,139,16,59],"product_tag":[],"class_list":{"0":"post-30745","1":"product","2":"type-product","3":"status-publish","4":"has-post-thumbnail","6":"product_brand-huub","7":"product_cat-accessoires","8":"product_cat-accessoires-running","9":"product_cat-course","10":"product_cat-triathlon","11":"zank_product_brands-huub","12":"nt-post-class","13":"","19":"first","20":"instock","21":"taxable","22":"shipping-taxable","23":"purchasable","24":"product-type-simple"},"_links":{"self":[{"href":"https:\/\/www.infinitri.be\/de\/wp-json\/wp\/v2\/product\/30745","targetHints":{"allow":["GET"]}}],"collection":[{"href":"https:\/\/www.infinitri.be\/de\/wp-json\/wp\/v2\/product"}],"about":[{"href":"https:\/\/www.infinitri.be\/de\/wp-json\/wp\/v2\/types\/product"}],"replies":[{"embeddable":true,"href":"https:\/\/www.infinitri.be\/de\/wp-json\/wp\/v2\/comments?post=30745"}],"wp:featuredmedia":[{"embeddable":true,"href":"https:\/\/www.infinitri.be\/de\/wp-json\/wp\/v2\/media\/30758"}],"wp:attachment":[{"href":"https:\/\/www.infinitri.be\/de\/wp-json\/wp\/v2\/media?parent=30745"}],"wp:term":[{"taxonomy":"product_brand","embeddable":true,"href":"https:\/\/www.infinitri.be\/de\/wp-json\/wp\/v2\/product_brand?post=30745"},{"taxonomy":"product_cat","embeddable":true,"href":"https:\/\/www.infinitri.be\/de\/wp-json\/wp\/v2\/product_cat?post=30745"},{"taxonomy":"product_tag","embeddable":true,"href":"https:\/\/www.infinitri.be\/de\/wp-json\/wp\/v2\/product_tag?post=30745"}],"curies":[{"name":"wp","href":"https:\/\/api.w.org\/{rel}","templated":true}]}}