{"id":30802,"date":"2025-12-26T14:39:19","date_gmt":"2025-12-26T14:39:19","guid":{"rendered":"https:\/\/www.infinitri.be\/?post_type=product&#038;p=30802"},"modified":"2026-04-04T17:29:18","modified_gmt":"2026-04-04T16:29:18","slug":"arena-planet-water-challenge-back","status":"publish","type":"product","link":"https:\/\/www.infinitri.be\/de\/produkt\/arena-planet-water-challenge-back\/","title":{"rendered":"Arena - Planet water Challenge back"},"content":{"rendered":"<p>Der extrem chlorresistente MaxLife Eco-Stoff mit integriertem UV-Schutz UPF 50+ ist langlebig und trocknet sehr schnell. Diese neue, umweltfreundliche Version des arenaMaxLife-Stoffes enth\u00e4lt mindestens 50% Polyester, das aus PET-Plastikflaschen recycelt wird. Dar\u00fcber hinaus wird es in einem optimierten Produktionsprozess hergestellt, um Energie zu sparen, CO?-Emissionen zu reduzieren und den Wasserverbrauch zu minimieren. Der offene R\u00fccken, die schmalen Tr\u00e4ger und der hohe Beinausschnitt sorgen f\u00fcr maximale Bewegungsfreiheit, ein hervorragendes Wassergef\u00fchl und reduzieren den Luftwiderstand. Alle Bestandteile dieses nach STANDARD 100 by OEKO-TEX zertifizierten Stoffes wurden auf gef\u00e4hrliche Substanzen gepr\u00fcft, um sicherzustellen, dass der Artikel f\u00fcr die menschliche Gesundheit unbedenklich ist. Diese Pr\u00fcfungen werden in den Instituten unseres unabh\u00e4ngigen OEKO-TEX-Partners anhand eines umfassenden Satzes von Pr\u00fcfkriterien durchgef\u00fchrt.<\/p>\n<p><!--themify_builder_static-->    <em><\/em> <\/p>\n<h3> Chlorbest\u00e4ndig <\/h3>\n<p>Ja<\/p>\n<p>    <em><\/em> <\/p>\n<h3> Material <\/h3>\n<p>\u00a0MaxLife Eco<\/p>\n<p>    <em><\/em> <\/p>\n<h3> R\u00fccken <\/h3>\n<p>Challenge back<\/p>\n<p>    <em><\/em> <\/p>\n<h3> Schnitt <\/h3>\n<p>Hoher Schnitt<\/p>\n<p>    <em><\/em> <\/p>\n<h3> Futter <\/h3>\n<p>Vorderes Futter<\/p>\n<p>    <em><\/em> <\/p>\n<h3> Intensit\u00e4t des Trainings <\/h3>\n<p>Intensives Schwimmen<\/p>\n<p><!--\/themify_builder_static--><\/p>","protected":false},"excerpt":{"rendered":"<p>Le maillot de bain tendance, ultra-durable et resistant au chlore arena Water planet de la ligne Performance d\u2019arena est ideal pour les nageuses competitrices et les nageuses reguli\u00e8res, qui nagent souvent en piscine.<\/p>","protected":false},"featured_media":30830,"comment_status":"open","ping_status":"closed","template":"","meta":[],"product_brand":[326],"product_cat":[86,41],"product_tag":[],"class_list":{"0":"post-30802","1":"product","2":"type-product","3":"status-publish","4":"has-post-thumbnail","6":"product_brand-arena","7":"product_cat-maillots","8":"product_cat-natation","9":"zank_product_brands-arena","10":"nt-post-class","11":"","17":"first","18":"instock","19":"taxable","20":"shipping-taxable","21":"purchasable","22":"product-type-variable"},"_links":{"self":[{"href":"https:\/\/www.infinitri.be\/de\/wp-json\/wp\/v2\/product\/30802","targetHints":{"allow":["GET"]}}],"collection":[{"href":"https:\/\/www.infinitri.be\/de\/wp-json\/wp\/v2\/product"}],"about":[{"href":"https:\/\/www.infinitri.be\/de\/wp-json\/wp\/v2\/types\/product"}],"replies":[{"embeddable":true,"href":"https:\/\/www.infinitri.be\/de\/wp-json\/wp\/v2\/comments?post=30802"}],"wp:featuredmedia":[{"embeddable":true,"href":"https:\/\/www.infinitri.be\/de\/wp-json\/wp\/v2\/media\/30830"}],"wp:attachment":[{"href":"https:\/\/www.infinitri.be\/de\/wp-json\/wp\/v2\/media?parent=30802"}],"wp:term":[{"taxonomy":"product_brand","embeddable":true,"href":"https:\/\/www.infinitri.be\/de\/wp-json\/wp\/v2\/product_brand?post=30802"},{"taxonomy":"product_cat","embeddable":true,"href":"https:\/\/www.infinitri.be\/de\/wp-json\/wp\/v2\/product_cat?post=30802"},{"taxonomy":"product_tag","embeddable":true,"href":"https:\/\/www.infinitri.be\/de\/wp-json\/wp\/v2\/product_tag?post=30802"}],"curies":[{"name":"wp","href":"https:\/\/api.w.org\/{rel}","templated":true}]}}