{"id":30922,"date":"2025-12-26T14:52:00","date_gmt":"2025-12-26T14:52:00","guid":{"rendered":"https:\/\/www.infinitri.be\/?post_type=product&#038;p=30922"},"modified":"2026-04-04T17:29:10","modified_gmt":"2026-04-04T16:29:10","slug":"arena-m-overview-swim-low-waist-short-black-multi","status":"publish","type":"product","link":"https:\/\/www.infinitri.be\/de\/produkt\/arena-m-overview-swim-low-waist-short-black-multi\/","title":{"rendered":"Arena - M Overview Swim Low Waist Short black-multi"},"content":{"rendered":"<p>Le tissu MaxLife Eco ultra-resistant au chlore avec protection UV integree UPF 50+ est durable et s\u00e8che tr\u00e8s rapidement. Cette nouvelle version ecoresponsable de la mati\u00e8re arenaMaxLife contient au moins 50% de polyester recycle \u00e0 partir de bouteilles en plastique PET. De plus, elle est issue d\u2019un processus de production optimise pour economiser de l\u2019energie, reduire les emissions de CO2 et minimiser la consommation d\u2019eau. Poss\u00e8de une doublure avant. Le cordon de serrage interieur reglable garantit un excellent maintien.<\/p>\n<p>Tous les composants de ce tissu certifie STANDARD 100 by OEKO-TEX ont ete soumis \u00e0 des contr\u00f4les sur les substances dangereuses afin de garantir un article sans danger pour la sante humaine. Ces contr\u00f4les sont realises dans les instituts de notre partenaire OEKO-TEX independant en fonction d\u2019un ensemble complet de crit\u00e8res d\u2019essai.<\/p>","protected":false},"excerpt":{"rendered":"<p>Le short de bain taille basse tendance, ultra durable et r\u00e9sistant au chlore arena  pour hommes de la ligne Performance d\u2019arena est id\u00e9al pour les nageurs comp\u00e9titeurs et les nageurs r\u00e9guliers, qui nagent souvent en piscine.<br \/>\nMat\u00e9riel:\tMaxLife Eco<br \/>\nType de produit:\tShort<br \/>\nIntensit\u00e9 de l&#8217;entra\u00eenement: \t3 fois ou plus par semaine<br \/>\nMat\u00e9riel de doublure\tDoublure avant<br \/>\nComposition du mat\u00e9riau\t100% Polyester<\/p>","protected":false},"featured_media":30958,"comment_status":"open","ping_status":"closed","template":"","meta":[],"product_brand":[326],"product_cat":[86,41],"product_tag":[],"class_list":{"0":"post-30922","1":"product","2":"type-product","3":"status-publish","4":"has-post-thumbnail","6":"product_brand-arena","7":"product_cat-maillots","8":"product_cat-natation","9":"zank_product_brands-arena","10":"nt-post-class","11":"","17":"first","18":"instock","19":"sale","20":"taxable","21":"shipping-taxable","22":"purchasable","23":"product-type-variable"},"_links":{"self":[{"href":"https:\/\/www.infinitri.be\/de\/wp-json\/wp\/v2\/product\/30922","targetHints":{"allow":["GET"]}}],"collection":[{"href":"https:\/\/www.infinitri.be\/de\/wp-json\/wp\/v2\/product"}],"about":[{"href":"https:\/\/www.infinitri.be\/de\/wp-json\/wp\/v2\/types\/product"}],"replies":[{"embeddable":true,"href":"https:\/\/www.infinitri.be\/de\/wp-json\/wp\/v2\/comments?post=30922"}],"wp:featuredmedia":[{"embeddable":true,"href":"https:\/\/www.infinitri.be\/de\/wp-json\/wp\/v2\/media\/30958"}],"wp:attachment":[{"href":"https:\/\/www.infinitri.be\/de\/wp-json\/wp\/v2\/media?parent=30922"}],"wp:term":[{"taxonomy":"product_brand","embeddable":true,"href":"https:\/\/www.infinitri.be\/de\/wp-json\/wp\/v2\/product_brand?post=30922"},{"taxonomy":"product_cat","embeddable":true,"href":"https:\/\/www.infinitri.be\/de\/wp-json\/wp\/v2\/product_cat?post=30922"},{"taxonomy":"product_tag","embeddable":true,"href":"https:\/\/www.infinitri.be\/de\/wp-json\/wp\/v2\/product_tag?post=30922"}],"curies":[{"name":"wp","href":"https:\/\/api.w.org\/{rel}","templated":true}]}}