{"id":30930,"date":"2025-12-26T14:52:29","date_gmt":"2025-12-26T14:52:29","guid":{"rendered":"https:\/\/www.infinitri.be\/?post_type=product&#038;p=30930"},"modified":"2026-04-12T10:49:15","modified_gmt":"2026-04-12T09:49:15","slug":"arena-homme-overview-swim-jammer-black-white-multi","status":"publish","type":"product","link":"https:\/\/www.infinitri.be\/de\/produkt\/arena-homme-overview-swim-jammer-black-white-multi\/","title":{"rendered":"Arena - Herren Overview Swim Jammer black-white-multi"},"content":{"rendered":"<p>Tissu<br \/>\nR\u00e9sistant \u00e0 100% au chlore, MaxLife Eco est notre nouveau tissu de maillot de bain issu d&#8217;une source responsable pour des performances durables. Fabriqu\u00e9 \u00e0 partir d&#8217;au moins 50 % de polyester recycl\u00e9, ce mat\u00e9riau innovant s&#8217;adapte bien et conserve sa forme au fil du temps. Il est dot\u00e9 d&#8217;une protection UV 50+ et s\u00e8che rapidement.<\/p>\n<p>Conception + ajustement<br \/>\nNos jambi\u00e8res sont con\u00e7ues pour une natation sans tra\u00een\u00e9e. Cette combinaison mesure 45 cm de long, vous profilant du milieu de la taille jusqu&#8217;\u00e0 juste au-dessus du genou. Elle est dot\u00e9e d&#8217;une doublure avant pour plus de confort et d&#8217;un cordon de serrage interne.<\/p>","protected":false},"excerpt":{"rendered":"<p>Mat\u00e9riel:\tMaxLife Eco<br \/>\nType de produit:\tJammer<br \/>\nIntensit\u00e9 de l&#8217;entra\u00eenement:\t3 fois ou plus par semaine<br \/>\nMat\u00e9riel de doublure:\tDoublure avant<br \/>\nComposition du mat\u00e9riau\t100% Polyester<\/p>","protected":false},"featured_media":30960,"comment_status":"open","ping_status":"closed","template":"","meta":[],"product_brand":[326],"product_cat":[86,41],"product_tag":[],"class_list":{"0":"post-30930","1":"product","2":"type-product","3":"status-publish","4":"has-post-thumbnail","6":"product_brand-arena","7":"product_cat-maillots","8":"product_cat-natation","9":"zank_product_brands-arena","10":"nt-post-class","11":"","17":"first","18":"instock","19":"sale","20":"taxable","21":"shipping-taxable","22":"purchasable","23":"product-type-variable"},"_links":{"self":[{"href":"https:\/\/www.infinitri.be\/de\/wp-json\/wp\/v2\/product\/30930","targetHints":{"allow":["GET"]}}],"collection":[{"href":"https:\/\/www.infinitri.be\/de\/wp-json\/wp\/v2\/product"}],"about":[{"href":"https:\/\/www.infinitri.be\/de\/wp-json\/wp\/v2\/types\/product"}],"replies":[{"embeddable":true,"href":"https:\/\/www.infinitri.be\/de\/wp-json\/wp\/v2\/comments?post=30930"}],"wp:featuredmedia":[{"embeddable":true,"href":"https:\/\/www.infinitri.be\/de\/wp-json\/wp\/v2\/media\/30960"}],"wp:attachment":[{"href":"https:\/\/www.infinitri.be\/de\/wp-json\/wp\/v2\/media?parent=30930"}],"wp:term":[{"taxonomy":"product_brand","embeddable":true,"href":"https:\/\/www.infinitri.be\/de\/wp-json\/wp\/v2\/product_brand?post=30930"},{"taxonomy":"product_cat","embeddable":true,"href":"https:\/\/www.infinitri.be\/de\/wp-json\/wp\/v2\/product_cat?post=30930"},{"taxonomy":"product_tag","embeddable":true,"href":"https:\/\/www.infinitri.be\/de\/wp-json\/wp\/v2\/product_tag?post=30930"}],"curies":[{"name":"wp","href":"https:\/\/api.w.org\/{rel}","templated":true}]}}