{"id":30952,"date":"2025-12-26T14:52:58","date_gmt":"2025-12-26T14:52:58","guid":{"rendered":"https:\/\/www.infinitri.be\/?post_type=product&#038;p=30952"},"modified":"2026-04-04T17:29:10","modified_gmt":"2026-04-04T16:29:10","slug":"arena-g-butterfly-v-back-turquoise-fille","status":"publish","type":"product","link":"https:\/\/www.infinitri.be\/de\/produkt\/arena-g-butterfly-v-back-turquoise-fille\/","title":{"rendered":"Arena - G butterfly V back t\u00fcrkis - M\u00e4dchen"},"content":{"rendered":"<p>Profitez des joies de l\u2019eau dans ce maillot de bain arena Butterfly V Back pour filles, ultra-durable, r\u00e9sistant au chlore et style, de la ligne arena Performance. Ce maillot est ideal pour les nageuses comp\u00e9titrices et les nageuses reguli\u00e8res qui nagent souvent en piscine. Le tissu MaxLife Eco ultra-resistant au chlore avec protection UV integree UPF 50+ est durable et s\u00e8che tr\u00e8s rapidement. Cette version \u00e9coresponsable du tissu arenaMaxLife contient au moins 50% de polyester recycle \u00e0 partir de bouteilles en plastique PET. De plus, son processus de fabrication a ete optimise pour \u00e9conomiser de l&#8217;\u00e9nergie, r\u00e9duire les \u00e9missions de CO2 et minimiser la consommation d\u2019eau. Dispose de bretelles larges et d\u2019un dos ergonomique pour un maintien fiable et un bon soutien de la poitrine et de la taille. Tous les composants de ce tissu certifie STANDARD 100 by OEKO-TEX ont ete soumis \u00e0 des contr\u00f4les sur les substances dangereuses afin de garantir un article sans danger pour la sante humaine. Ces contr\u00f4les sont realises dans les instituts de notre partenaire OEKO-TEX independant en fonction d\u2019un ensemble complet de crit\u00e8res d\u2019essai.<\/p>\n<p>Le dos ergonomique et les larges bretelles garantissent un ajustement s\u00fbr et un bon soutien de la poitrine et de la taille. <\/p>","protected":false},"excerpt":{"rendered":"<p>Mat\u00e9riel: \tMaxLife Eco<br \/>\nIntensit\u00e9 de l&#8217;entra\u00eenement:\t3 fois ou plus par semaine<br \/>\nType de sangles:\tLarge<br \/>\nMat\u00e9riel de doublure\t:Doublure avant \u00e0 partir de la taille 10-11 \u00e0 14-15<\/p>","protected":false},"featured_media":30998,"comment_status":"open","ping_status":"closed","template":"","meta":[],"product_brand":[326],"product_cat":[86,41],"product_tag":[],"class_list":{"0":"post-30952","1":"product","2":"type-product","3":"status-publish","4":"has-post-thumbnail","6":"product_brand-arena","7":"product_cat-maillots","8":"product_cat-natation","9":"zank_product_brands-arena","10":"nt-post-class","11":"","17":"first","18":"instock","19":"taxable","20":"shipping-taxable","21":"purchasable","22":"product-type-variable"},"_links":{"self":[{"href":"https:\/\/www.infinitri.be\/de\/wp-json\/wp\/v2\/product\/30952","targetHints":{"allow":["GET"]}}],"collection":[{"href":"https:\/\/www.infinitri.be\/de\/wp-json\/wp\/v2\/product"}],"about":[{"href":"https:\/\/www.infinitri.be\/de\/wp-json\/wp\/v2\/types\/product"}],"replies":[{"embeddable":true,"href":"https:\/\/www.infinitri.be\/de\/wp-json\/wp\/v2\/comments?post=30952"}],"wp:featuredmedia":[{"embeddable":true,"href":"https:\/\/www.infinitri.be\/de\/wp-json\/wp\/v2\/media\/30998"}],"wp:attachment":[{"href":"https:\/\/www.infinitri.be\/de\/wp-json\/wp\/v2\/media?parent=30952"}],"wp:term":[{"taxonomy":"product_brand","embeddable":true,"href":"https:\/\/www.infinitri.be\/de\/wp-json\/wp\/v2\/product_brand?post=30952"},{"taxonomy":"product_cat","embeddable":true,"href":"https:\/\/www.infinitri.be\/de\/wp-json\/wp\/v2\/product_cat?post=30952"},{"taxonomy":"product_tag","embeddable":true,"href":"https:\/\/www.infinitri.be\/de\/wp-json\/wp\/v2\/product_tag?post=30952"}],"curies":[{"name":"wp","href":"https:\/\/api.w.org\/{rel}","templated":true}]}}