{"id":30984,"date":"2025-12-26T14:54:09","date_gmt":"2025-12-26T14:54:09","guid":{"rendered":"https:\/\/www.infinitri.be\/?post_type=product&#038;p=30984"},"modified":"2026-04-04T17:29:02","modified_gmt":"2026-04-04T16:29:02","slug":"arena-team-backpack-30-polka-dots","status":"publish","type":"product","link":"https:\/\/www.infinitri.be\/de\/produkt\/arena-team-backpack-30-polka-dots\/","title":{"rendered":"Arena - Team backpack 30 Polka dots"},"content":{"rendered":"","protected":false},"excerpt":{"rendered":"<p>Der Original arena Team 30L Rucksack ist ideal f\u00fcr den Transport deiner Trainingsausr\u00fcstung, f\u00fcr die Schule oder in der Freizeit. Das gro\u00dfe Hauptfach ist atmungsaktiv, um die Feuchtigkeit zu kontrollieren. Mit separater Badetasche f\u00fcr nasse Kleidung und einer Innentasche f\u00fcr den Laptop. Der R\u00fcckeneinsatz und die gepolsterten Schultergurte sorgen f\u00fcr maximalen Tragekomfort. Abmessungen: 46x31x 16cm, 30L<\/p>","protected":false},"featured_media":31024,"comment_status":"open","ping_status":"closed","template":"","meta":[],"product_brand":[326],"product_cat":[40,41,58],"product_tag":[],"class_list":{"0":"post-30984","1":"product","2":"type-product","3":"status-publish","4":"has-post-thumbnail","6":"product_brand-arena","7":"product_cat-accessoires","8":"product_cat-natation","9":"product_cat-sacs","10":"zank_product_brands-arena","11":"nt-post-class","12":"","18":"first","19":"instock","20":"sale","21":"taxable","22":"shipping-taxable","23":"purchasable","24":"product-type-simple"},"_links":{"self":[{"href":"https:\/\/www.infinitri.be\/de\/wp-json\/wp\/v2\/product\/30984","targetHints":{"allow":["GET"]}}],"collection":[{"href":"https:\/\/www.infinitri.be\/de\/wp-json\/wp\/v2\/product"}],"about":[{"href":"https:\/\/www.infinitri.be\/de\/wp-json\/wp\/v2\/types\/product"}],"replies":[{"embeddable":true,"href":"https:\/\/www.infinitri.be\/de\/wp-json\/wp\/v2\/comments?post=30984"}],"wp:featuredmedia":[{"embeddable":true,"href":"https:\/\/www.infinitri.be\/de\/wp-json\/wp\/v2\/media\/31024"}],"wp:attachment":[{"href":"https:\/\/www.infinitri.be\/de\/wp-json\/wp\/v2\/media?parent=30984"}],"wp:term":[{"taxonomy":"product_brand","embeddable":true,"href":"https:\/\/www.infinitri.be\/de\/wp-json\/wp\/v2\/product_brand?post=30984"},{"taxonomy":"product_cat","embeddable":true,"href":"https:\/\/www.infinitri.be\/de\/wp-json\/wp\/v2\/product_cat?post=30984"},{"taxonomy":"product_tag","embeddable":true,"href":"https:\/\/www.infinitri.be\/de\/wp-json\/wp\/v2\/product_tag?post=30984"}],"curies":[{"name":"wp","href":"https:\/\/api.w.org\/{rel}","templated":true}]}}