{"id":31079,"date":"2025-12-26T15:05:41","date_gmt":"2025-12-26T15:05:41","guid":{"rendered":"https:\/\/www.infinitri.be\/?post_type=product&#038;p=31079"},"modified":"2026-04-04T17:34:02","modified_gmt":"2026-04-04T16:34:02","slug":"fusion-s1-running-veste-homme-red","status":"publish","type":"product","link":"https:\/\/www.infinitri.be\/de\/produkt\/fusion-s1-running-veste-homme-red\/","title":{"rendered":"Fusion S1 Laufjacke f\u00fcr Herren, rot"},"content":{"rendered":"<p>La S1 Run Vest pour homme est une veste de course \u00e0 pied pour homme &#8211; ni trop chaude ni trop froide, mais juste assez protectrice pour que vous puissiez ajuster l&#8217;isolation en fonction de la m\u00e9t\u00e9o avec la couche que vous choisissez en dessous.<\/p>\n<p>La veste est dot\u00e9e d&#8217;une face avant coupe-vent et r\u00e9sistante \u00e0 l&#8217;eau et d&#8217;un panneau en mesh dans le dos pour une grande respirabilit\u00e9. L&#8217;int\u00e9rieur du col est doux et \u00e9vacue la transpiration.<\/p>\n<p>Le gilet est dot\u00e9 d&#8217;une solide fermeture \u00e0 glissi\u00e8re avec un dos coupe-vent et d&#8217;une poche frontale zipp\u00e9e avec un dos \u00e9lastique qui s&#8217;adapte au contenu de la poche &#8211; par exemple, un t\u00e9l\u00e9phone et des cartes.<\/p>\n<p>Des bandes r\u00e9fl\u00e9chissantes 3M discr\u00e8tes mais s\u00fbres sur la clavicule et le dos assurent une visibilit\u00e9 \u00e0 360 degr\u00e9s dans l&#8217;obscurit\u00e9.<!--themify_builder_static--><\/p>\n<h1>Technische Besonderheiten<\/h1>\n<ul>\n<li>Wind- und wasserabweisender Stoff, hergestellt in Gro\u00dfbritannien.<\/li>\n<li>Kann mit jedem lang\u00e4rmeligen Fusion-Produkt verwendet werden, um zus\u00e4tzlichen Schutz bei schlechtem Wetter zu bieten.<\/li>\n<li>Reflektierende Details auf der Vorderseite und der R\u00fcckseite der Schultern und des unteren R\u00fcckens<\/li>\n<li>Brusttasche f\u00fcr Telefon und Schl\u00fcssel<\/li>\n<li>Weiches, atmungsaktives Kragenfutter f\u00fcr mehr Komfort.<\/li>\n<li>Hergestellt in Europa im FUSION-Werk.<\/li>\n<li>Von OEKO-TEX\u00ae mit dem STANDARD 100 zertifiziertes Produkt. Das bedeutet, dass alle Bestandteile wie Stoffe, Garne, Transfers, Rei\u00dfverschl\u00fcsse, Gummib\u00e4nder, Etiketten usw. gem\u00e4\u00df dem Standard getestet und zugelassen sind und daher keine sch\u00e4dlichen Substanzen enthalten.<\/li>\n<\/ul>\n<p>    <em style=\"color:#000000\"><\/em> <\/p>\n<p>WINDschutz \u2605\u2605\u2605\u2605<\/p>\n<p>    <em style=\"color:#000000\"><\/em> <\/p>\n<p>REGENSCHUTZ \u2605\u2605\u2605\u2605<\/p>\n<p>    <em style=\"color:#000000\"><\/em> <\/p>\n<p style=\"text-align: center\">LEICHTIGKEIT \u2605\u2605\u2605\u2605<\/p>\n<p>    <em style=\"color:#000000\"><\/em> <\/p>\n<p>PASSGENAUER SCHNITT \u2605\u2605\u2605<\/p>\n<p>    <em style=\"color:#000000\"><\/em> <\/p>\n<p>KOMPRESSIONSGRAD \u2605<\/p>\n<h1 style=\"text-align: center\">Material \ud83d\udc56<\/h1>\n<p style=\"text-align: left\">Mati\u00e8re : Devant : 100% polyester. Couche ext\u00e9rieure d\u00e9perlante DWR.<\/p>\n<p style=\"text-align: left\">Dos : 77% polyamide, 23% \u00e9lasthanne.<\/p>\n<p style=\"text-align: left\">Verwendung von-5\u00b0C bis 5\u00b0C<\/p>\n<p><img fetchpriority=\"high\" decoding=\"async\" src=\"https:\/\/infinitri.be\/wp-content\/uploads\/2023\/11\/x0013_gall-d_1-6157181-1024x683-545x545.webp\" width=\"545\" height=\"545\" title=\"x0013_gall-d_1-6157181\" alt=\"x0013_gall-d_1-6157181\" \/><\/p>\n<h1 style=\"text-align: center\">Welche Gr\u00f6\u00dfe habe ich?\u00a0<\/h1>\n<p><img decoding=\"async\" src=\"https:\/\/infinitri.be\/wp-content\/uploads\/2023\/02\/s2-run-jacket-homme-size.png\" title=\"s2-run-jacket-homme-size\" alt=\"s2-run-jacket-homme-size\" \/><br \/>\n<img decoding=\"async\" src=\"https:\/\/infinitri.be\/wp-content\/uploads\/2023\/01\/fusion-logo-expanded.svg\" width=\"545\" height=\"545\" title=\"fusion-logo-expanded\" alt=\"fusion-logo-expanded\"><!--\/themify_builder_static--><\/p>","protected":false},"excerpt":{"rendered":"<p><strong>Veste de course protectrice et super l\u00e9g\u00e8re<\/strong><\/p>\n<p>\u00b0 A la fois protecteur et respirant<br \/>\n\u00b0 Utilisable toute l&#8217;ann\u00e9e<br \/>\n\u00b0 R\u00e9flecteurs visibles<\/p>","protected":false},"featured_media":31107,"comment_status":"open","ping_status":"closed","template":"","meta":[],"product_brand":[331],"product_cat":[16,29],"product_tag":[],"class_list":{"0":"post-31079","1":"product","2":"type-product","3":"status-publish","4":"has-post-thumbnail","6":"product_brand-fusion","7":"product_cat-course","8":"product_cat-vestes-et-t-shirts","9":"zank_product_brands-fusion","10":"nt-post-class","11":"","17":"first","18":"instock","19":"sale","20":"taxable","21":"shipping-taxable","22":"purchasable","23":"product-type-variable"},"_links":{"self":[{"href":"https:\/\/www.infinitri.be\/de\/wp-json\/wp\/v2\/product\/31079","targetHints":{"allow":["GET"]}}],"collection":[{"href":"https:\/\/www.infinitri.be\/de\/wp-json\/wp\/v2\/product"}],"about":[{"href":"https:\/\/www.infinitri.be\/de\/wp-json\/wp\/v2\/types\/product"}],"replies":[{"embeddable":true,"href":"https:\/\/www.infinitri.be\/de\/wp-json\/wp\/v2\/comments?post=31079"}],"wp:featuredmedia":[{"embeddable":true,"href":"https:\/\/www.infinitri.be\/de\/wp-json\/wp\/v2\/media\/31107"}],"wp:attachment":[{"href":"https:\/\/www.infinitri.be\/de\/wp-json\/wp\/v2\/media?parent=31079"}],"wp:term":[{"taxonomy":"product_brand","embeddable":true,"href":"https:\/\/www.infinitri.be\/de\/wp-json\/wp\/v2\/product_brand?post=31079"},{"taxonomy":"product_cat","embeddable":true,"href":"https:\/\/www.infinitri.be\/de\/wp-json\/wp\/v2\/product_cat?post=31079"},{"taxonomy":"product_tag","embeddable":true,"href":"https:\/\/www.infinitri.be\/de\/wp-json\/wp\/v2\/product_tag?post=31079"}],"curies":[{"name":"wp","href":"https:\/\/api.w.org\/{rel}","templated":true}]}}