{"id":31093,"date":"2025-12-26T15:05:42","date_gmt":"2025-12-26T15:05:42","guid":{"rendered":"https:\/\/www.infinitri.be\/?post_type=product&#038;p=31093"},"modified":"2026-04-04T17:28:54","modified_gmt":"2026-04-04T16:28:54","slug":"arena-g-starsfish-lightdrop-back-rose-white-fille","status":"publish","type":"product","link":"https:\/\/www.infinitri.be\/de\/produkt\/arena-g-starsfish-lightdrop-back-rose-white-fille\/","title":{"rendered":"Arena - G starsfish Lightdrop Back rose white - M\u00e4dchen"},"content":{"rendered":"<p>Genie\u00dfen Sie das Wasser in diesem extrem haltbaren, chlorresistenten und super stylischen arena Starfish Lightdrop Back Badeanzug f\u00fcr M\u00e4dchen aus der arena Performance Linie. Dieser Einteiler ist ideal f\u00fcr Wettkampfschwimmerinnen und regelm\u00e4\u00dfige Schwimmerinnen.<br \/>\nDer extrem chlorresistente MaxLife Eco-Stoff mit integriertem UV-Schutz UPF 50+ ist langlebig und trocknet sehr schnell. Diese neue, mitverantwortliche Version des arenaMaxLife-Stoffes enth\u00e4lt mindestens 50% Polyester, das aus PET-Plastikflaschen recycelt wird. Dar\u00fcber hinaus stammt es aus einem optimierten Produktionsprozess, um Energie zu sparen, den CO\u00b2-Aussto\u00df zu reduzieren und den Wasserverbrauch zu minimieren. Der offene R\u00fccken und die schmalen Tr\u00e4ger sorgen f\u00fcr maximale Bewegungsfreiheit, ein hervorragendes Wassergef\u00fchl und reduzieren den Luftwiderstand. Enth\u00e4lt ein bequemes Vorderfutter. Alle Bestandteile dieses nach STANDARD 100 by OEKO-TEX zertifizierten Stoffes wurden auf gef\u00e4hrliche Substanzen gepr\u00fcft, um sicherzustellen, dass der Artikel f\u00fcr die menschliche Gesundheit unbedenklich ist. Diese Pr\u00fcfungen werden in den Instituten unseres unabh\u00e4ngigen OEKO-TEX-Partners anhand eines umfassenden Satzes von Pr\u00fcfkriterien durchgef\u00fchrt.<\/p>","protected":false},"excerpt":{"rendered":"<p>Arena M\u00e4dchen-Trikot Max life eco<br \/>\nSchnitt Medium<\/p>","protected":false},"featured_media":31145,"comment_status":"open","ping_status":"closed","template":"","meta":[],"product_brand":[326],"product_cat":[86,41],"product_tag":[],"class_list":{"0":"post-31093","1":"product","2":"type-product","3":"status-publish","4":"has-post-thumbnail","6":"product_brand-arena","7":"product_cat-maillots","8":"product_cat-natation","9":"zank_product_brands-arena","10":"nt-post-class","11":"","17":"first","18":"instock","19":"taxable","20":"shipping-taxable","21":"purchasable","22":"product-type-variable"},"_links":{"self":[{"href":"https:\/\/www.infinitri.be\/de\/wp-json\/wp\/v2\/product\/31093","targetHints":{"allow":["GET"]}}],"collection":[{"href":"https:\/\/www.infinitri.be\/de\/wp-json\/wp\/v2\/product"}],"about":[{"href":"https:\/\/www.infinitri.be\/de\/wp-json\/wp\/v2\/types\/product"}],"replies":[{"embeddable":true,"href":"https:\/\/www.infinitri.be\/de\/wp-json\/wp\/v2\/comments?post=31093"}],"wp:featuredmedia":[{"embeddable":true,"href":"https:\/\/www.infinitri.be\/de\/wp-json\/wp\/v2\/media\/31145"}],"wp:attachment":[{"href":"https:\/\/www.infinitri.be\/de\/wp-json\/wp\/v2\/media?parent=31093"}],"wp:term":[{"taxonomy":"product_brand","embeddable":true,"href":"https:\/\/www.infinitri.be\/de\/wp-json\/wp\/v2\/product_brand?post=31093"},{"taxonomy":"product_cat","embeddable":true,"href":"https:\/\/www.infinitri.be\/de\/wp-json\/wp\/v2\/product_cat?post=31093"},{"taxonomy":"product_tag","embeddable":true,"href":"https:\/\/www.infinitri.be\/de\/wp-json\/wp\/v2\/product_tag?post=31093"}],"curies":[{"name":"wp","href":"https:\/\/api.w.org\/{rel}","templated":true}]}}