{"id":31189,"date":"2025-12-26T15:08:54","date_gmt":"2025-12-26T15:08:54","guid":{"rendered":"https:\/\/www.infinitri.be\/?post_type=product&#038;p=31189"},"modified":"2026-04-04T17:28:46","modified_gmt":"2026-04-04T16:28:46","slug":"arena-galactics-swim-pro-back-fille-freak-rose","status":"publish","type":"product","link":"https:\/\/www.infinitri.be\/de\/produkt\/arena-galactics-swim-pro-back-fille-freak-rose\/","title":{"rendered":"Arena &#8211; Galactics Swim Pro Back- Fille freak rose"},"content":{"rendered":"<p>Diese neue, umweltfreundliche Version des arenaMaxLife-Stoffes enth\u00e4lt mindestens 50% Polyester, das aus PET-Plastikflaschen recycelt wird. Dar\u00fcber hinaus stammt es aus einem optimierten Produktionsprozess, um Energie zu sparen, den CO2-Aussto\u00df zu reduzieren und den Wasserverbrauch zu minimieren. Der ergonomisch geformte R\u00fccken und die breiten Tr\u00e4ger sorgen f\u00fcr einen zuverl\u00e4ssigen Halt und unterst\u00fctzen Brust und Taille.<\/p>\n<p><!--themify_builder_static--><!--\/themify_builder_static--><\/p>","protected":false},"excerpt":{"rendered":"<p>Le maillot de bain au look sport arena Galactics Swim Pro Back pour filles est ideal pour les nageuses competitrices et les nageuses reguli\u00e8res, qui nagent souvent en piscine. Le tissu MaxLife Eco ultra-resistant au chlore avec protection UV integree UPF 50+ est durable et s\u00e8che tr\u00e8s rapidement.<\/p>","protected":false},"featured_media":31203,"comment_status":"open","ping_status":"closed","template":"","meta":[],"product_brand":[326],"product_cat":[86,41],"product_tag":[],"class_list":{"0":"post-31189","1":"product","2":"type-product","3":"status-publish","4":"has-post-thumbnail","6":"product_brand-arena","7":"product_cat-maillots","8":"product_cat-natation","9":"zank_product_brands-arena","10":"nt-post-class","11":"","17":"first","18":"instock","19":"taxable","20":"shipping-taxable","21":"purchasable","22":"product-type-variable"},"_links":{"self":[{"href":"https:\/\/www.infinitri.be\/de\/wp-json\/wp\/v2\/product\/31189","targetHints":{"allow":["GET"]}}],"collection":[{"href":"https:\/\/www.infinitri.be\/de\/wp-json\/wp\/v2\/product"}],"about":[{"href":"https:\/\/www.infinitri.be\/de\/wp-json\/wp\/v2\/types\/product"}],"replies":[{"embeddable":true,"href":"https:\/\/www.infinitri.be\/de\/wp-json\/wp\/v2\/comments?post=31189"}],"wp:featuredmedia":[{"embeddable":true,"href":"https:\/\/www.infinitri.be\/de\/wp-json\/wp\/v2\/media\/31203"}],"wp:attachment":[{"href":"https:\/\/www.infinitri.be\/de\/wp-json\/wp\/v2\/media?parent=31189"}],"wp:term":[{"taxonomy":"product_brand","embeddable":true,"href":"https:\/\/www.infinitri.be\/de\/wp-json\/wp\/v2\/product_brand?post=31189"},{"taxonomy":"product_cat","embeddable":true,"href":"https:\/\/www.infinitri.be\/de\/wp-json\/wp\/v2\/product_cat?post=31189"},{"taxonomy":"product_tag","embeddable":true,"href":"https:\/\/www.infinitri.be\/de\/wp-json\/wp\/v2\/product_tag?post=31189"}],"curies":[{"name":"wp","href":"https:\/\/api.w.org\/{rel}","templated":true}]}}