{"id":31213,"date":"2025-12-26T15:10:58","date_gmt":"2025-12-26T15:10:58","guid":{"rendered":"https:\/\/www.infinitri.be\/?post_type=product&#038;p=31213"},"modified":"2026-04-12T09:38:21","modified_gmt":"2026-04-12T08:38:21","slug":"arena-python-mirror","status":"publish","type":"product","link":"https:\/\/www.infinitri.be\/de\/produkt\/arena-python-mirror\/","title":{"rendered":"Arena \u2013 Python Mirror"},"content":{"rendered":"<p>Die bequeme und hochwertige Arena Python Mirror Unisex-Brille ist ideal f\u00fcr Wettkampfschwimmer und sorgt f\u00fcr eine \u00fcberlegene Hydrodynamik. Sie ist von der FINA zugelassen. Die gebogenen Gl\u00e4ser sorgen f\u00fcr eine hervorragende Rundumsicht. Sie werden mit drei austauschbaren Nasenstegen geliefert, die eine ma\u00dfgeschneiderte Anpassung an verschiedene Nasen- und Gesichtsformen erm\u00f6glichen. Der doppelte Riemen l\u00e4sst sich hinten leicht verstellen und sorgt f\u00fcr einen stabilen Sitz, auch beim Start und in Kurven. Die Brille verf\u00fcgt \u00fcber eine Antibeschlagbehandlung, UV-Schutz und ist frei von PVC. Dieses Modell ist in verschiedenen T\u00f6nungsstufen erh\u00e4ltlich: mitteldunkel f\u00fcr alle Zwecke und dunkel f\u00fcr maximalen Lichtschutz in hellen Umgebungen.<\/p>","protected":false},"excerpt":{"rendered":"<p>Die ultrabequeme, von der FINA zugelassene Unisex-Wettkampfbrille Arena Python Mirror mit Spiegeleffekt ist ideal f\u00fcr Wettkampfschwimmer.<br \/>\nGeliefert werden sie mit 3 austauschbaren Nasenbr\u00fccken.<br \/>\nUnisex<\/p>","protected":false},"featured_media":31244,"comment_status":"open","ping_status":"closed","template":"","meta":[],"product_brand":[326],"product_cat":[40,54,55,41],"product_tag":[],"class_list":{"0":"post-31213","1":"product","2":"type-product","3":"status-publish","4":"has-post-thumbnail","6":"product_brand-arena","7":"product_cat-accessoires","8":"product_cat-lunettes","9":"product_cat-lunettes-natation","10":"product_cat-natation","11":"zank_product_brands-arena","12":"nt-post-class","13":"","19":"first","20":"instock","21":"taxable","22":"shipping-taxable","23":"purchasable","24":"product-type-variable"},"_links":{"self":[{"href":"https:\/\/www.infinitri.be\/de\/wp-json\/wp\/v2\/product\/31213","targetHints":{"allow":["GET"]}}],"collection":[{"href":"https:\/\/www.infinitri.be\/de\/wp-json\/wp\/v2\/product"}],"about":[{"href":"https:\/\/www.infinitri.be\/de\/wp-json\/wp\/v2\/types\/product"}],"replies":[{"embeddable":true,"href":"https:\/\/www.infinitri.be\/de\/wp-json\/wp\/v2\/comments?post=31213"}],"wp:featuredmedia":[{"embeddable":true,"href":"https:\/\/www.infinitri.be\/de\/wp-json\/wp\/v2\/media\/31244"}],"wp:attachment":[{"href":"https:\/\/www.infinitri.be\/de\/wp-json\/wp\/v2\/media?parent=31213"}],"wp:term":[{"taxonomy":"product_brand","embeddable":true,"href":"https:\/\/www.infinitri.be\/de\/wp-json\/wp\/v2\/product_brand?post=31213"},{"taxonomy":"product_cat","embeddable":true,"href":"https:\/\/www.infinitri.be\/de\/wp-json\/wp\/v2\/product_cat?post=31213"},{"taxonomy":"product_tag","embeddable":true,"href":"https:\/\/www.infinitri.be\/de\/wp-json\/wp\/v2\/product_tag?post=31213"}],"curies":[{"name":"wp","href":"https:\/\/api.w.org\/{rel}","templated":true}]}}