{"id":31216,"date":"2025-12-26T15:10:58","date_gmt":"2025-12-26T15:10:58","guid":{"rendered":"https:\/\/www.infinitri.be\/?post_type=product&#038;p=31216"},"modified":"2026-04-16T18:23:20","modified_gmt":"2026-04-16T17:23:20","slug":"arena-ankle-band-black","status":"publish","type":"product","link":"https:\/\/www.infinitri.be\/de\/produkt\/arena-ankle-band-black\/","title":{"rendered":"Arena - ankle band Black"},"content":{"rendered":"","protected":false},"excerpt":{"rendered":"<p>Die bequeme und unisex Trainingshilfe Ankle Band Pro ist ideal f\u00fcr Wettkampfschwimmer. Es h\u00e4lt die Kn\u00f6chel zusammen, sodass sich Schwimmer auf den Zug und die Ausrichtung des K\u00f6rpers konzentrieren k\u00f6nnen. Dieses Trainingszubeh\u00f6r l\u00e4sst sich sehr leicht an- und ausziehen. Weiches und bequemes Silikon, fester und stabiler Halt. Universeller Schnitt. Abmessungen: 6 x 18 x 0,3 cm.<\/p>","protected":false},"featured_media":31254,"comment_status":"open","ping_status":"closed","template":"","meta":[],"product_brand":[326],"product_cat":[40,57,41],"product_tag":[],"class_list":{"0":"post-31216","1":"product","2":"type-product","3":"status-publish","4":"has-post-thumbnail","6":"product_brand-arena","7":"product_cat-accessoires","8":"product_cat-accessoires-natation","9":"product_cat-natation","10":"zank_product_brands-arena","11":"nt-post-class","12":"","18":"first","19":"instock","20":"taxable","21":"shipping-taxable","22":"purchasable","23":"product-type-simple"},"_links":{"self":[{"href":"https:\/\/www.infinitri.be\/de\/wp-json\/wp\/v2\/product\/31216","targetHints":{"allow":["GET"]}}],"collection":[{"href":"https:\/\/www.infinitri.be\/de\/wp-json\/wp\/v2\/product"}],"about":[{"href":"https:\/\/www.infinitri.be\/de\/wp-json\/wp\/v2\/types\/product"}],"replies":[{"embeddable":true,"href":"https:\/\/www.infinitri.be\/de\/wp-json\/wp\/v2\/comments?post=31216"}],"wp:featuredmedia":[{"embeddable":true,"href":"https:\/\/www.infinitri.be\/de\/wp-json\/wp\/v2\/media\/31254"}],"wp:attachment":[{"href":"https:\/\/www.infinitri.be\/de\/wp-json\/wp\/v2\/media?parent=31216"}],"wp:term":[{"taxonomy":"product_brand","embeddable":true,"href":"https:\/\/www.infinitri.be\/de\/wp-json\/wp\/v2\/product_brand?post=31216"},{"taxonomy":"product_cat","embeddable":true,"href":"https:\/\/www.infinitri.be\/de\/wp-json\/wp\/v2\/product_cat?post=31216"},{"taxonomy":"product_tag","embeddable":true,"href":"https:\/\/www.infinitri.be\/de\/wp-json\/wp\/v2\/product_tag?post=31216"}],"curies":[{"name":"wp","href":"https:\/\/api.w.org\/{rel}","templated":true}]}}