{"id":31916,"date":"2025-12-26T15:19:26","date_gmt":"2025-12-26T15:19:26","guid":{"rendered":"https:\/\/www.infinitri.be\/?post_type=product&#038;p=31916"},"modified":"2026-04-04T18:43:55","modified_gmt":"2026-04-04T17:43:55","slug":"arena-fastpack-3-0-allover-camo-kikko","status":"publish","type":"product","link":"https:\/\/www.infinitri.be\/de\/produkt\/arena-fastpack-3-0-allover-camo-kikko\/","title":{"rendered":"Arena \u2013 Fastpack 3.0 Allover Camo Kikko"},"content":{"rendered":"","protected":false},"excerpt":{"rendered":"<p>Ein praktischer und stilvoller Begleiter f\u00fcr Ihre sportlichen Aktivit\u00e4ten! Der trendige und praktische Rucksack arena Fastpack3.0 wurde f\u00fcr Schwimmer, Triathleten und Sportbegeisterte entwickelt. Sein gro\u00dfes R\u00fcckfach bietet ausreichend Stauraum, sodass sogar gro\u00dfe Trainingsger\u00e4te wie Schwimmbretter darin Platz finden. Das ger\u00e4umige Bodenfach ist ideal f\u00fcr die Aufbewahrung nasser Kleidung und bietet Platz f\u00fcr zwei Paar Schuhe. Der Rucksack kann mit dem Karabinerhaken aufgeh\u00e4ngt werden und dient auch als Kleiderb\u00fcgel. Er verf\u00fcgt \u00fcber einen separaten wasserdichten Beutel f\u00fcr nasse Kleidung. Der verst\u00e4rkte, atmungsaktive R\u00fcckenbereich und die ergonomischen Schultergurte mit Brustgurtsystem bieten auch bei vollgepacktem Rucksack hervorragenden Tragekomfort. Der verst\u00e4rkte Boden sch\u00fctzt Ihre Sachen vor nassen B\u00f6den. Ma\u00dfe: 54 x 36 x 27 cm, 40 l<\/p>","protected":false},"featured_media":31925,"comment_status":"open","ping_status":"closed","template":"","meta":[],"product_brand":[326],"product_cat":[40,41,58],"product_tag":[],"class_list":{"0":"post-31916","1":"product","2":"type-product","3":"status-publish","4":"has-post-thumbnail","6":"product_brand-arena","7":"product_cat-accessoires","8":"product_cat-natation","9":"product_cat-sacs","10":"zank_product_brands-arena","11":"nt-post-class","12":"","18":"first","19":"instock","20":"sale","21":"taxable","22":"shipping-taxable","23":"purchasable","24":"product-type-simple"},"_links":{"self":[{"href":"https:\/\/www.infinitri.be\/de\/wp-json\/wp\/v2\/product\/31916","targetHints":{"allow":["GET"]}}],"collection":[{"href":"https:\/\/www.infinitri.be\/de\/wp-json\/wp\/v2\/product"}],"about":[{"href":"https:\/\/www.infinitri.be\/de\/wp-json\/wp\/v2\/types\/product"}],"replies":[{"embeddable":true,"href":"https:\/\/www.infinitri.be\/de\/wp-json\/wp\/v2\/comments?post=31916"}],"wp:featuredmedia":[{"embeddable":true,"href":"https:\/\/www.infinitri.be\/de\/wp-json\/wp\/v2\/media\/31925"}],"wp:attachment":[{"href":"https:\/\/www.infinitri.be\/de\/wp-json\/wp\/v2\/media?parent=31916"}],"wp:term":[{"taxonomy":"product_brand","embeddable":true,"href":"https:\/\/www.infinitri.be\/de\/wp-json\/wp\/v2\/product_brand?post=31916"},{"taxonomy":"product_cat","embeddable":true,"href":"https:\/\/www.infinitri.be\/de\/wp-json\/wp\/v2\/product_cat?post=31916"},{"taxonomy":"product_tag","embeddable":true,"href":"https:\/\/www.infinitri.be\/de\/wp-json\/wp\/v2\/product_tag?post=31916"}],"curies":[{"name":"wp","href":"https:\/\/api.w.org\/{rel}","templated":true}]}}