{"id":32044,"date":"2025-12-26T15:19:56","date_gmt":"2025-12-26T15:19:56","guid":{"rendered":"https:\/\/www.infinitri.be\/?post_type=product&#038;p=32044"},"modified":"2026-04-04T18:26:25","modified_gmt":"2026-04-04T17:26:25","slug":"zone3-lunette-vapor-blue","status":"publish","type":"product","link":"https:\/\/www.infinitri.be\/de\/produkt\/zone3-lunette-vapor-blue\/","title":{"rendered":"Zone3 Brille Vapor blue"},"content":{"rendered":"<p>Du wirst nicht wissen, wie weich und bequem diese Brille ist, bis du sie ausprobiert hast. Das ultraweiche Silikon in Kombination mit einer hervorragenden Passform macht sie zur perfekten Brille f\u00fcr das Freiwasser oder das Training im Schwimmbad. Vom Triathlete Magazine beschrieben als \u201cunglaublich bequem und funktionell mit superweichen Silikondichtungen und guter Sicht durch polarisierte Gl\u00e4ser\u201d.<\/p>\n<p>Die gro\u00dfen, gebogenen Gl\u00e4ser bieten ein hervorragendes Sichtfeld, so dass du gezielt in deine Richtung navigieren und alle anderen Schwimmer erkennen kannst. Solltest du das Pech haben, bei einem Massenstart frontal getroffen zu werden, federn die ultraweichen Silikondichtungen den Aufprall ab und minimieren gleichzeitig den Druck um die Augen, damit du dich auch bei langen Schwimmstrecken wohlf\u00fchlst.<\/p>\n<p>Der Antibeschlagschutz sorgt f\u00fcr eine kristallklare Sicht, w\u00e4hrend die polarisierten Gl\u00e4ser die Blendung durch die Sonne minimieren. Dank des flexiblen Silikonrahmens der Brille und der leicht verstellbaren Riemen kann sie an eine Vielzahl von Kopf- und Gesichtsgr\u00f6\u00dfen angepasst werden. Erh\u00e4ltlich in einer Reihe von Farben, darunter Metallic-Gold, Silber, Marineblau und Neonorange. Diese Brille sieht genauso gut aus, wie sie funktioniert.<\/p>","protected":false},"excerpt":{"rendered":"<p>\u2018-Gelenke aus ultraweichem Silikon f\u00fcr Komfort und Schutz<br \/>\n-Reflektierende polarisierte Gl\u00e4ser reduzieren die Blendung auf dem Wasser<br \/>\n-Antibeschlagbehandlung und UVA\/UVB-Schutz bei 100%.<br \/>\n-Gro\u00dfe, gebogene Gl\u00e4ser f\u00fcr ein au\u00dfergew\u00f6hnlich breites Sichtfeld<\/p>","protected":false},"featured_media":32414,"comment_status":"open","ping_status":"closed","template":"","meta":[],"product_brand":[],"product_cat":[54,55,56,59],"product_tag":[238],"class_list":{"0":"post-32044","1":"product","2":"type-product","3":"status-publish","4":"has-post-thumbnail","6":"product_cat-lunettes","7":"product_cat-lunettes-natation","8":"product_cat-lunettes-triathlon","9":"product_cat-triathlon","10":"product_tag-vapor","11":"nt-post-class","12":"","18":"first","19":"instock","20":"sale","21":"taxable","22":"shipping-taxable","23":"purchasable","24":"product-type-variable"},"_links":{"self":[{"href":"https:\/\/www.infinitri.be\/de\/wp-json\/wp\/v2\/product\/32044","targetHints":{"allow":["GET"]}}],"collection":[{"href":"https:\/\/www.infinitri.be\/de\/wp-json\/wp\/v2\/product"}],"about":[{"href":"https:\/\/www.infinitri.be\/de\/wp-json\/wp\/v2\/types\/product"}],"replies":[{"embeddable":true,"href":"https:\/\/www.infinitri.be\/de\/wp-json\/wp\/v2\/comments?post=32044"}],"wp:featuredmedia":[{"embeddable":true,"href":"https:\/\/www.infinitri.be\/de\/wp-json\/wp\/v2\/media\/32414"}],"wp:attachment":[{"href":"https:\/\/www.infinitri.be\/de\/wp-json\/wp\/v2\/media?parent=32044"}],"wp:term":[{"taxonomy":"product_brand","embeddable":true,"href":"https:\/\/www.infinitri.be\/de\/wp-json\/wp\/v2\/product_brand?post=32044"},{"taxonomy":"product_cat","embeddable":true,"href":"https:\/\/www.infinitri.be\/de\/wp-json\/wp\/v2\/product_cat?post=32044"},{"taxonomy":"product_tag","embeddable":true,"href":"https:\/\/www.infinitri.be\/de\/wp-json\/wp\/v2\/product_tag?post=32044"}],"curies":[{"name":"wp","href":"https:\/\/api.w.org\/{rel}","templated":true}]}}